{"id":1052,"date":"2015-05-07T14:30:38","date_gmt":"2015-05-07T14:30:38","guid":{"rendered":"http:\/\/www.cexa.com.co\/?page_id=1052"},"modified":"2015-05-07T19:29:36","modified_gmt":"2015-05-07T19:29:36","slug":"septiembre-2014","status":"publish","type":"page","link":"https:\/\/www.cexa.com.co\/?page_id=1052","title":{"rendered":"Septiembre 2014"},"content":{"rendered":"<h2>MISIONES DELEGADOS DEL BANCO MUNDIAL PARA SEGUIMIENTO AL PLAN DEPARTAMENTAL DE AGUAS DE LA GUAJIRA<\/h2>\n<p>Durante el mes de septiembre de 2014 se llevaron a cabo dos visitas por parte de delegados del Banco Mundial, como parte de las labores de seguimiento a la ejecuci\u00f3n del empr\u00e9stito BIRF 7434-CO con el cual se financia parte del Plan Departamental de Aguas de La Guajira.<\/p>\n<hr \/>\n<h3>Visita del 15 al 17 de septiembre de 2014<\/h3>\n<p>La visita conto con la participaci\u00f3n por parte del Banco Mundial de la Gerente del Proyecto, Dra. Carmen Yee-Batista, el Co-Gerente, Dr. Carlos Uribe, el Especialista Social, la Especialista Junior Ambiental, Dra. Elvira Broeks, el Especialista Ambiental, Dr. Carlos Vargas, la Especialista Financiera Senior, Dra. Jeannette Estupi\u00f1an y el Analista Operacional, Dr. Leonardo Escand\u00f3n.<\/p>\n<p>Por parte de la Unidad Ejecutora del Programa-UEP-Grupo Inassa, estuvieron el Gerente General de Inassa, Dr. German Sarabia Huyke y las ingenieras Orielly Weber S\u00e1nchez, Directora de Gesti\u00f3n, Ing. Fabiola Iguar\u00e1n Araujo, Directora T\u00e9cnica.<br \/>\nPor parte de la Gobernaci\u00f3n participaron el se\u00f1or Gobernador, Dr. Jos\u00e9 Mar\u00eda Ballesteros, el secretario de Hacienda, Dr. Cesar Arismendi y el Representante del Gestor, Dr. Miguel Murgas.<\/p>\n<p>Durante la misi\u00f3n se llevaron a cabo reuniones de tipo t\u00e9cnico, ambiental, social y financiero, para establecer los avances que en cada materia ha tenido el Plan Departamental de Aguas de La Guajira.<\/p>\n<p>De esta visita se deriv\u00f3 una <a href=\"http:\/\/www.cexa.com.co\/wp-content\/uploads\/2014\/11\/AYUDA-MEMORIA-MISI%C3%93N-BANCO-MUNDIAL_SEP-2014.pdf\" target=\"_blank\">Ayuda de Memoria<\/a> (anexa), en la cual es de resaltar los puntos 7 y 8, donde se manifiesta:<br \/>\n\u201c7. La UEP sigue teniendo buenos niveles de desempe\u00f1o, lo que se traduce en un ritmo aceptable de ejecuci\u00f3n del proyecto. Actualmente, INASSA est\u00e1 ejecutando 5 proyectos del Grupo I con un monto total de USD 26.4 millones con avances de ejecuci\u00f3n entre el 40 al 85% (ver Anexo 1). De los siete proyectos en \u00e1reas urbanas que est\u00e1n por licitar (Grupo I), dos ubicados en Riohacha recibieron viabilidad t\u00e9cnica por parte del Vice Ministerio de Agua y se espera que est\u00e9n contratados a finales de diciembre. INASSA estima recibir viabilidad de los cinco proyectos restantes en Noviembre y poder tener todos los contratos firmados en febrero. La viabilidad de los cinco proyectos est\u00e1 actualmente en la ruta cr\u00edtica y se necesita la colaboraci\u00f3n tanto del Vice Ministerio de Agua como de INASSA para poder sacar estos proyectos en las fechas propuestas.<\/p>\n<p>8. La Gobernaci\u00f3n, a trav\u00e9s del equipo Gestor est\u00e1 trabajando de manera articulada con la UEP en la ejecuci\u00f3n del proyecto, as\u00ed como en otras actividades de apoyo al Plan Departamental de Agua. En particular el equipo Gestor ha estado trabajando en una propuesta para dar una soluci\u00f3n t\u00e9cnica, socio ambiental para las comunidades rurales en la Alta Guajira. Es importante mencionar que el componente rural, dado la complejidad de la zona, es el que actualmente est\u00e1 m\u00e1s atrasado ya que actualmente se est\u00e1 conceptualizando la intervenci\u00f3n de la segunda fase que se realizar\u00e1 en la zona.\u201d<\/p>\n<hr \/>\n<h3>Visita del 30 de septiembre de 2014<\/h3>\n<p>El 30 de septiembre de 2014 se recibi\u00f3 una nueva Misi\u00f3n del Banco Mundial, la cual conto por parte del Banco Mundial con el Director para Colombia y Mexico, Dr. Gerardo Corronchano, el Gerente Pa\u00eds Colombia, Dr. Issam Abousleiman, el Co-Gerente del proyecto, Dr. Carlos Uribe, el Lider de Programas, Dr. Daniel Sellen y la Oficial de Operaciones, Dra. Jutta Kern.<br \/>\nPor parte de la Unidad Ejecutora del Programa-UEP-Grupo Inassa, estuvieron el Gerente General de Inassa, Dr. German Sarabia Huyke y las ingenieras Orielly Weber S\u00e1nchez, Directora de Gesti\u00f3n, Ing. Fabiola Iguar\u00e1n Araujo, Directora T\u00e9cnica.<br \/>\nPor parte de la Gobernaci\u00f3n participaron el se\u00f1or Gobernador, Dr. Jos\u00e9 Mar\u00eda Ballesteros y el Representante del Gestor, Dr. Miguel Murgas.<\/p>\n<p>Como parte de las actividades desarrolladas, se llev\u00f3 a cabo una visita t\u00e9cnica a la ejecuci\u00f3n de las nuevas lagunas de oxidaci\u00f3n del municipio de Maicao, la cual est\u00e1 en un 98% de ejecuci\u00f3n y que tratara las aguas residuales de todo el municipio. Esta obra, que tiene un costo aproximado de 6.900 mlls, ha sido ejecutada con recursos de la Gobernaci\u00f3n.<br \/>\nEl Plan Departamental de Aguas, como complemento a la inversi\u00f3n antes mencionada, realiza las siguientes inversiones:<br \/>\n\u2013 Construcci\u00f3n del colector sur-oriental \u2013 4ta etapa, manijas, domiciliarias e intradomiciliarias en el municipio de Maicao, departamento de La Guajira por<br \/>\n$ 2.809- En ejecuci\u00f3n: 96%.<br \/>\n\u2013 Construcci\u00f3n redes de alcantarillado sanitario y conexiones domiciliarias e intradomiciliarias, barrios Nueva Esperanza, Camilo Torres, 11 de noviembre, Villa In\u00e9s, El Bosque y zonas aleda\u00f1as municipio de Maicao por $3.610 mlls- Inicia ejecuci\u00f3n en diciembre de 2014.<br \/>\n\u2013 Consultor\u00eda para el Estudio de Alternativas para la disposici\u00f3n final de las aguas de las lagunas de oxidaci\u00f3n de Maicao y Riohacha por $330 millones\u2013 adjudicaci\u00f3n para principios de diciembre de 2014.<br \/>\n\u2013 Obras para le ejecuci\u00f3n de plan de cierre de las lagunas existente actuales por $930 mlls \u2013 En formulaci\u00f3n.<\/p>\n<p><img fetchpriority=\"high\" decoding=\"async\" class=\"  wp-image-1057 aligncenter\" src=\"http:\/\/www.cexa.com.co\/wp-content\/uploads\/2015\/05\/Visita-1-300x224.jpg\" alt=\"Visita-1-300x224\" width=\"603\" height=\"450\" srcset=\"https:\/\/www.cexa.com.co\/wp-content\/uploads\/2015\/05\/Visita-1-300x224.jpg 300w, https:\/\/www.cexa.com.co\/wp-content\/uploads\/2015\/05\/Visita-1-300x224-135x100.jpg 135w\" sizes=\"(max-width: 603px) 100vw, 603px\" \/><\/p>\n<p style=\"text-align: left;\">Delegados del Banco Mundial, Empresa Inassa y la alcald\u00eda de Maicao durante la visita a las lagunas de oxidaci\u00f3n llevada a cabo del 30 de septiembre de 2014.<\/p>\n<p><img decoding=\"async\" class=\"  wp-image-1058 aligncenter\" src=\"http:\/\/www.cexa.com.co\/wp-content\/uploads\/2015\/05\/Visita-2-300x193.jpg\" alt=\"Visita-2-300x193\" width=\"629\" height=\"404\" \/><\/p>\n<hr>\n<p><a href=\"http:\/\/www.cexa.com.co\/wp-content\/uploads\/2014\/11\/AYUDA-MEMORIA-MISI%C3%93N-BANCO-MUNDIAL_SEP-2014.pdf>Ayuda de Memoria Mision Banco Mundial Sepyiembre 2014<\/a><\/p>\n","protected":false},"excerpt":{"rendered":"<p>MISIONES DELEGADOS DEL BANCO MUNDIAL PARA SEGUIMIENTO AL PLAN DEPARTAMENTAL DE AGUAS DE LA GUAJIRA Durante el mes de septiembre de 2014 se llevaron a cabo dos visitas por parte de delegados del Banco Mundial, como parte de las labores de seguimiento a la ejecuci\u00f3n del empr\u00e9stito BIRF 7434-CO con el cual se financia parte [&hellip;]<\/p>\n","protected":false},"author":1,"featured_media":0,"parent":0,"menu_order":0,"comment_status":"closed","ping_status":"closed","template":"","meta":{"site-sidebar-layout":"default","site-content-layout":"","ast-site-content-layout":"","site-content-style":"default","site-sidebar-style":"default","ast-global-header-display":"","ast-banner-title-visibility":"","ast-main-header-display":"","ast-hfb-above-header-display":"","ast-hfb-below-header-display":"","ast-hfb-mobile-header-display":"","site-post-title":"","ast-breadcrumbs-content":"","ast-featured-img":"","footer-sml-layout":"","theme-transparent-header-meta":"","adv-header-id-meta":"","stick-header-meta":"","header-above-stick-meta":"","header-main-stick-meta":"","header-below-stick-meta":"","astra-migrate-meta-layouts":"default","ast-page-background-enabled":"default","ast-page-background-meta":{"desktop":{"background-color":"var(--ast-global-color-4)","background-image":"","background-repeat":"repeat","background-position":"center center","background-size":"auto","background-attachment":"scroll","background-type":"","background-media":"","overlay-type":"","overlay-color":"","overlay-opacity":"","overlay-gradient":""},"tablet":{"background-color":"","background-image":"","background-repeat":"repeat","background-position":"center center","background-size":"auto","background-attachment":"scroll","background-type":"","background-media":"","overlay-type":"","overlay-color":"","overlay-opacity":"","overlay-gradient":""},"mobile":{"background-color":"","background-image":"","background-repeat":"repeat","background-position":"center center","background-size":"auto","background-attachment":"scroll","background-type":"","background-media":"","overlay-type":"","overlay-color":"","overlay-opacity":"","overlay-gradient":""}},"ast-content-background-meta":{"desktop":{"background-color":"var(--ast-global-color-5)","background-image":"","background-repeat":"repeat","background-position":"center center","background-size":"auto","background-attachment":"scroll","background-type":"","background-media":"","overlay-type":"","overlay-color":"","overlay-opacity":"","overlay-gradient":""},"tablet":{"background-color":"var(--ast-global-color-5)","background-image":"","background-repeat":"repeat","background-position":"center center","background-size":"auto","background-attachment":"scroll","background-type":"","background-media":"","overlay-type":"","overlay-color":"","overlay-opacity":"","overlay-gradient":""},"mobile":{"background-color":"var(--ast-global-color-5)","background-image":"","background-repeat":"repeat","background-position":"center center","background-size":"auto","background-attachment":"scroll","background-type":"","background-media":"","overlay-type":"","overlay-color":"","overlay-opacity":"","overlay-gradient":""}},"footnotes":""},"class_list":["post-1052","page","type-page","status-publish","hentry"],"_links":{"self":[{"href":"https:\/\/www.cexa.com.co\/index.php?rest_route=\/wp\/v2\/pages\/1052","targetHints":{"allow":["GET"]}}],"collection":[{"href":"https:\/\/www.cexa.com.co\/index.php?rest_route=\/wp\/v2\/pages"}],"about":[{"href":"https:\/\/www.cexa.com.co\/index.php?rest_route=\/wp\/v2\/types\/page"}],"author":[{"embeddable":true,"href":"https:\/\/www.cexa.com.co\/index.php?rest_route=\/wp\/v2\/users\/1"}],"replies":[{"embeddable":true,"href":"https:\/\/www.cexa.com.co\/index.php?rest_route=%2Fwp%2Fv2%2Fcomments&post=1052"}],"version-history":[{"count":12,"href":"https:\/\/www.cexa.com.co\/index.php?rest_route=\/wp\/v2\/pages\/1052\/revisions"}],"predecessor-version":[{"id":1069,"href":"https:\/\/www.cexa.com.co\/index.php?rest_route=\/wp\/v2\/pages\/1052\/revisions\/1069"}],"wp:attachment":[{"href":"https:\/\/www.cexa.com.co\/index.php?rest_route=%2Fwp%2Fv2%2Fmedia&parent=1052"}],"curies":[{"name":"wp","href":"https:\/\/api.w.org\/{rel}","templated":true}]}}