{"id":1115,"date":"2015-05-07T22:01:03","date_gmt":"2015-05-07T22:01:03","guid":{"rendered":"http:\/\/www.cexa.com.co\/?page_id=1115"},"modified":"2022-03-15T21:45:38","modified_gmt":"2022-03-15T21:45:38","slug":"canal-extensia","status":"publish","type":"page","link":"https:\/\/www.cexa.com.co\/?page_id=1115","title":{"rendered":"Canal Extensia"},"content":{"rendered":"<p><img decoding=\"async\" class=\"alignleft wp-image-389\" src=\"http:\/\/www.cexa.com.co\/wp-content\/uploads\/2015\/04\/canal-extencia1.png\" alt=\"canal-extencia\" width=\"300\" height=\"62\" srcset=\"https:\/\/www.cexa.com.co\/wp-content\/uploads\/2015\/04\/canal-extencia1.png 377w, https:\/\/www.cexa.com.co\/wp-content\/uploads\/2015\/04\/canal-extencia1-300x62.png 300w\" sizes=\"(max-width: 300px) 100vw, 300px\" \/><\/p>\n<p>En diciembre de 2001 se cre\u00f3 <b>Canal Extensia<\/b>, empresa del Grupo <b>Canal Isabel II<\/b>, que adquiri\u00f3 la mayor\u00eda accionarial de <strong>Canal Extensia Am\u00e9rica<\/strong> , respondiendo a las oportunidades del sector del agua en Latinoam\u00e9rica y a la pol\u00edtica de diversificaci\u00f3n de la compa\u00f1\u00eda en la regi\u00f3n.<\/p>\n<p>Tiene como objeto social toda actividad desarrollada en el \u00e1mbito del denominado ciclo integral del agua: captaci\u00f3n o producci\u00f3n, aducci\u00f3n, tratamiento, conducci\u00f3n, elevaci\u00f3n, almacenamiento, distribuci\u00f3n, alcantarillado y saneamiento, depuraci\u00f3n, reutilizaci\u00f3n y vertido del agua del consumo p\u00fablico y de riego, as\u00ed como la conducci\u00f3n y depuraci\u00f3n de aguas residuales mediante las siguientes actividades concretas:<u><\/u><u><\/u><\/p>\n<ul>\n<li>La rehabilitaci\u00f3n, instalaci\u00f3n, construcci\u00f3n, puesta en marcha y control de todo tipo de instalaciones de fluidos.<u><\/u><u><\/u><\/li>\n<li>La gerencia, o en su caso la gesti\u00f3n indirecta en las modalidades que regule el Derecho Administrativo, de Servicios P\u00fablicos de Abastecimiento de agua potable a n\u00facleos urbanos, de conservaci\u00f3n y limpieza de redes de alcantarillado y depuraci\u00f3n de aguas residuales.<u><\/u><u><\/u><\/li>\n<li>La potabilizaci\u00f3n de aguas, el alumbramiento de aguas subterr\u00e1neas y la captaci\u00f3n de aguas superficiales, previas las oportunas concesiones o licencias administrativas. En caso de que la sociedad lleve a cabo la prestaci\u00f3n de servicios de depuraci\u00f3n de aguas residuales, podr\u00e1 reutilizar dichas aguas, previa la obtenci\u00f3n de las concesiones administrativas que resulten legalmente necesarias, pudiendo igualmente transformar los lodos resultantes para la obtenci\u00f3n, venta y distribuci\u00f3n de productos org\u00e1nicos.<u><\/u><u><\/u><\/li>\n<li>La realizaci\u00f3n de estudios y proyectos, y la ejecuci\u00f3n de obras de infraestructura hidr\u00e1ulica.<u><\/u><u><\/u><\/li>\n<li>La comercializaci\u00f3n de maquinaria, aparatos veh\u00edculos, instalaciones, ingenier\u00eda del agua y fluidos y fontaner\u00eda en general.<u><\/u><u><\/u><\/li>\n<li>El dise\u00f1o, construcci\u00f3n, instalaci\u00f3n y mantenimiento de sistemas el\u00e9ctricos y electr\u00f3nicos de control autom\u00e1tico, de telecomunicaciones, de seguridad y de vigilancia.<u><\/u><u><\/u><\/li>\n<li>La realizaci\u00f3n de estudios de viabilidad, ingenier\u00eda de proyecto, consultor\u00eda y asistencia t\u00e9cnica, direcci\u00f3n de proyecto, explotaci\u00f3n y mantenimiento de instalaciones necesarias para la gesti\u00f3n y explotaci\u00f3n del ciclo integral del agua.<u><\/u><u><\/u><\/li>\n<li>Canal Extensia podr\u00e1 desarrollar su objeto directa o indirectamente, mediante la constituci\u00f3n de otras sociedades o la titularidad de participaciones en el capital de otras entidades con objeto id\u00e9ntico o an\u00e1logo.<u><\/u><u><\/u><\/li>\n<li>La actividad principal de la sociedad consiste en la gesti\u00f3n de sociedades participadas, as\u00ed como la prestaci\u00f3n de servicio de asistencia t\u00e9cnica en los territorios en los que sus sociedades dependientes desarrollan su actividad.<\/li>\n<\/ul>\n<h4><strong><a href=\"https:\/\/www.canaldeisabelsegunda.es\/canal-extensia\" target=\"_blank\" rel=\"noopener\">Mas informaci\u00f3n &gt;&gt;<\/a><\/strong><\/h4>\n","protected":false},"excerpt":{"rendered":"<p>En diciembre de 2001 se cre\u00f3 Canal Extensia, empresa del Grupo Canal Isabel II, que adquiri\u00f3 la mayor\u00eda accionarial de Canal Extensia Am\u00e9rica , respondiendo a las oportunidades del sector del agua en Latinoam\u00e9rica y a la pol\u00edtica de diversificaci\u00f3n de la compa\u00f1\u00eda en la regi\u00f3n. Tiene como objeto social toda actividad desarrollada en el [&hellip;]<\/p>\n","protected":false},"author":1,"featured_media":0,"parent":44,"menu_order":0,"comment_status":"closed","ping_status":"closed","template":"","meta":{"site-sidebar-layout":"default","site-content-layout":"","ast-site-content-layout":"","site-content-style":"default","site-sidebar-style":"default","ast-global-header-display":"","ast-banner-title-visibility":"","ast-main-header-display":"","ast-hfb-above-header-display":"","ast-hfb-below-header-display":"","ast-hfb-mobile-header-display":"","site-post-title":"","ast-breadcrumbs-content":"","ast-featured-img":"","footer-sml-layout":"","theme-transparent-header-meta":"","adv-header-id-meta":"","stick-header-meta":"","header-above-stick-meta":"","header-main-stick-meta":"","header-below-stick-meta":"","astra-migrate-meta-layouts":"default","ast-page-background-enabled":"default","ast-page-background-meta":{"desktop":{"background-color":"var(--ast-global-color-4)","background-image":"","background-repeat":"repeat","background-position":"center center","background-size":"auto","background-attachment":"scroll","background-type":"","background-media":"","overlay-type":"","overlay-color":"","overlay-opacity":"","overlay-gradient":""},"tablet":{"background-color":"","background-image":"","background-repeat":"repeat","background-position":"center center","background-size":"auto","background-attachment":"scroll","background-type":"","background-media":"","overlay-type":"","overlay-color":"","overlay-opacity":"","overlay-gradient":""},"mobile":{"background-color":"","background-image":"","background-repeat":"repeat","background-position":"center center","background-size":"auto","background-attachment":"scroll","background-type":"","background-media":"","overlay-type":"","overlay-color":"","overlay-opacity":"","overlay-gradient":""}},"ast-content-background-meta":{"desktop":{"background-color":"var(--ast-global-color-5)","background-image":"","background-repeat":"repeat","background-position":"center center","background-size":"auto","background-attachment":"scroll","background-type":"","background-media":"","overlay-type":"","overlay-color":"","overlay-opacity":"","overlay-gradient":""},"tablet":{"background-color":"var(--ast-global-color-5)","background-image":"","background-repeat":"repeat","background-position":"center center","background-size":"auto","background-attachment":"scroll","background-type":"","background-media":"","overlay-type":"","overlay-color":"","overlay-opacity":"","overlay-gradient":""},"mobile":{"background-color":"var(--ast-global-color-5)","background-image":"","background-repeat":"repeat","background-position":"center center","background-size":"auto","background-attachment":"scroll","background-type":"","background-media":"","overlay-type":"","overlay-color":"","overlay-opacity":"","overlay-gradient":""}},"footnotes":""},"class_list":["post-1115","page","type-page","status-publish","hentry"],"_links":{"self":[{"href":"https:\/\/www.cexa.com.co\/index.php?rest_route=\/wp\/v2\/pages\/1115","targetHints":{"allow":["GET"]}}],"collection":[{"href":"https:\/\/www.cexa.com.co\/index.php?rest_route=\/wp\/v2\/pages"}],"about":[{"href":"https:\/\/www.cexa.com.co\/index.php?rest_route=\/wp\/v2\/types\/page"}],"author":[{"embeddable":true,"href":"https:\/\/www.cexa.com.co\/index.php?rest_route=\/wp\/v2\/users\/1"}],"replies":[{"embeddable":true,"href":"https:\/\/www.cexa.com.co\/index.php?rest_route=%2Fwp%2Fv2%2Fcomments&post=1115"}],"version-history":[{"count":10,"href":"https:\/\/www.cexa.com.co\/index.php?rest_route=\/wp\/v2\/pages\/1115\/revisions"}],"predecessor-version":[{"id":2464,"href":"https:\/\/www.cexa.com.co\/index.php?rest_route=\/wp\/v2\/pages\/1115\/revisions\/2464"}],"up":[{"embeddable":true,"href":"https:\/\/www.cexa.com.co\/index.php?rest_route=\/wp\/v2\/pages\/44"}],"wp:attachment":[{"href":"https:\/\/www.cexa.com.co\/index.php?rest_route=%2Fwp%2Fv2%2Fmedia&parent=1115"}],"curies":[{"name":"wp","href":"https:\/\/api.w.org\/{rel}","templated":true}]}}