{"id":1781,"date":"2015-10-14T22:21:41","date_gmt":"2015-10-14T22:21:41","guid":{"rendered":"http:\/\/www.cexa.com.co\/?page_id=1781"},"modified":"2022-03-02T12:58:30","modified_gmt":"2022-03-02T12:58:30","slug":"conocenos","status":"publish","type":"page","link":"https:\/\/www.cexa.com.co\/?page_id=1781","title":{"rendered":"Con\u00f3cenos"},"content":{"rendered":"<h2>Canal Extensia Am\u00e9rica, un grupo en armon\u00eda con el medio ambiente<\/h2>\n<h3>Canal Extensia Am\u00e9rica es la cabecera de expansi\u00f3n de Canal de Isabel II Gesti\u00f3n en Am\u00e9rica Latina, con amplia trayectoria en la gesti\u00f3n del ciclo integral del agua.<\/h3>\n<p>Las empresas del Grupo Canal Extensia Am\u00e9rica tienen como actividad principal la gesti\u00f3n del ciclo integral del agua y el fortalecimiento de los procesos comerciales, con la aplicaci\u00f3n continua de nuevos desarrollos, avances tecnol\u00f3gicos y conocimiento, adecu\u00e1ndose a las necesidades de las sociedades en las que participa.<\/p>\n<p>El conocimiento del sector, la metodolog\u00eda espec\u00edfica, la tecnolog\u00eda propia y la experiencia de las personas son los pilares en los que se sustentan las soluciones de outsourcing de procesos de negocios, que abarcan el dise\u00f1o de servicios y procesos tecnol\u00f3gicos y comerciales que, complement\u00e1ndose, mejoren y conduzcan a la excelencia en la gesti\u00f3n del ciclo integral del agua.<\/p>\n<p>Para ello, dise\u00f1a, implementa y controla, estrategias de comercializaci\u00f3n, facturaci\u00f3n, gesti\u00f3n de recaudo y atenci\u00f3n de clientes, bas\u00e1ndose en lineamientos comunes, que garanticen el logro de los objetivos definidos por el Grupo Empresarial, con efectividad, visi\u00f3n e inteligencia.<\/p>\n<p><img fetchpriority=\"high\" decoding=\"async\" class=\"alignnone size-full wp-image-2444\" src=\"https:\/\/www.cexa.com.co\/wp-content\/uploads\/2022\/03\/quienes_somos_nuevo.png\" alt=\"\" width=\"935\" height=\"863\" srcset=\"https:\/\/www.cexa.com.co\/wp-content\/uploads\/2022\/03\/quienes_somos_nuevo.png 935w, https:\/\/www.cexa.com.co\/wp-content\/uploads\/2022\/03\/quienes_somos_nuevo-300x277.png 300w, https:\/\/www.cexa.com.co\/wp-content\/uploads\/2022\/03\/quienes_somos_nuevo-768x709.png 768w\" sizes=\"(max-width: 935px) 100vw, 935px\" \/><\/p>\n","protected":false},"excerpt":{"rendered":"<p>Canal Extensia Am\u00e9rica, un grupo en armon\u00eda con el medio ambiente Canal Extensia Am\u00e9rica es la cabecera de expansi\u00f3n de Canal de Isabel II Gesti\u00f3n en Am\u00e9rica Latina, con amplia trayectoria en la gesti\u00f3n del ciclo integral del agua. Las empresas del Grupo Canal Extensia Am\u00e9rica tienen como actividad principal la gesti\u00f3n del ciclo integral [&hellip;]<\/p>\n","protected":false},"author":1,"featured_media":0,"parent":0,"menu_order":0,"comment_status":"closed","ping_status":"closed","template":"","meta":{"site-sidebar-layout":"default","site-content-layout":"","ast-site-content-layout":"","site-content-style":"default","site-sidebar-style":"default","ast-global-header-display":"","ast-banner-title-visibility":"","ast-main-header-display":"","ast-hfb-above-header-display":"","ast-hfb-below-header-display":"","ast-hfb-mobile-header-display":"","site-post-title":"","ast-breadcrumbs-content":"","ast-featured-img":"","footer-sml-layout":"","theme-transparent-header-meta":"","adv-header-id-meta":"","stick-header-meta":"","header-above-stick-meta":"","header-main-stick-meta":"","header-below-stick-meta":"","astra-migrate-meta-layouts":"default","ast-page-background-enabled":"default","ast-page-background-meta":{"desktop":{"background-color":"var(--ast-global-color-4)","background-image":"","background-repeat":"repeat","background-position":"center center","background-size":"auto","background-attachment":"scroll","background-type":"","background-media":"","overlay-type":"","overlay-color":"","overlay-opacity":"","overlay-gradient":""},"tablet":{"background-color":"","background-image":"","background-repeat":"repeat","background-position":"center center","background-size":"auto","background-attachment":"scroll","background-type":"","background-media":"","overlay-type":"","overlay-color":"","overlay-opacity":"","overlay-gradient":""},"mobile":{"background-color":"","background-image":"","background-repeat":"repeat","background-position":"center center","background-size":"auto","background-attachment":"scroll","background-type":"","background-media":"","overlay-type":"","overlay-color":"","overlay-opacity":"","overlay-gradient":""}},"ast-content-background-meta":{"desktop":{"background-color":"var(--ast-global-color-5)","background-image":"","background-repeat":"repeat","background-position":"center center","background-size":"auto","background-attachment":"scroll","background-type":"","background-media":"","overlay-type":"","overlay-color":"","overlay-opacity":"","overlay-gradient":""},"tablet":{"background-color":"var(--ast-global-color-5)","background-image":"","background-repeat":"repeat","background-position":"center center","background-size":"auto","background-attachment":"scroll","background-type":"","background-media":"","overlay-type":"","overlay-color":"","overlay-opacity":"","overlay-gradient":""},"mobile":{"background-color":"var(--ast-global-color-5)","background-image":"","background-repeat":"repeat","background-position":"center center","background-size":"auto","background-attachment":"scroll","background-type":"","background-media":"","overlay-type":"","overlay-color":"","overlay-opacity":"","overlay-gradient":""}},"footnotes":""},"class_list":["post-1781","page","type-page","status-publish","hentry"],"_links":{"self":[{"href":"https:\/\/www.cexa.com.co\/index.php?rest_route=\/wp\/v2\/pages\/1781","targetHints":{"allow":["GET"]}}],"collection":[{"href":"https:\/\/www.cexa.com.co\/index.php?rest_route=\/wp\/v2\/pages"}],"about":[{"href":"https:\/\/www.cexa.com.co\/index.php?rest_route=\/wp\/v2\/types\/page"}],"author":[{"embeddable":true,"href":"https:\/\/www.cexa.com.co\/index.php?rest_route=\/wp\/v2\/users\/1"}],"replies":[{"embeddable":true,"href":"https:\/\/www.cexa.com.co\/index.php?rest_route=%2Fwp%2Fv2%2Fcomments&post=1781"}],"version-history":[{"count":4,"href":"https:\/\/www.cexa.com.co\/index.php?rest_route=\/wp\/v2\/pages\/1781\/revisions"}],"predecessor-version":[{"id":2447,"href":"https:\/\/www.cexa.com.co\/index.php?rest_route=\/wp\/v2\/pages\/1781\/revisions\/2447"}],"wp:attachment":[{"href":"https:\/\/www.cexa.com.co\/index.php?rest_route=%2Fwp%2Fv2%2Fmedia&parent=1781"}],"curies":[{"name":"wp","href":"https:\/\/api.w.org\/{rel}","templated":true}]}}