{"id":1953,"date":"2016-11-08T16:24:37","date_gmt":"2016-11-08T16:24:37","guid":{"rendered":"http:\/\/www.cexa.com.co\/?page_id=1953"},"modified":"2025-04-04T03:03:05","modified_gmt":"2025-04-04T03:03:05","slug":"politica-de-privacidad","status":"publish","type":"page","link":"https:\/\/www.cexa.com.co\/?page_id=1953","title":{"rendered":"Aviso de Privacidad"},"content":{"rendered":"<p>En cumplimiento de la Ley Estatutaria 1581 de 2012 de Protecci\u00f3n de Datos (LEPD) y normas concordantes, el presente Aviso de Privacidad tiene como objeto informar al Titular sobre el tratamiento al cual ser\u00e1n sometidos los datos almacenados en nuestras bases de datos y comunicar si estos estar\u00e1n sujetos a transmisi\u00f3n y\/o transferencia a terceras entidades. Las condiciones del tratamiento son las siguientes:<\/p>\n<p>SOCIEDAD CANAL EXTENSIA AMERICA S.A. identificada con el Nit No. 802003400, ser\u00e1 el responsable del tratamiento de sus datos personales.<\/p>\n<p>Con objeto de recibir una atenci\u00f3n integral como cliente, los datos personales recabados ser\u00e1n tratados con las siguientes finalidades: Atenci\u00f3n al ciudadano\/cliente (Gesti\u00f3n PQR)\/Recepci\u00f3n y gesti\u00f3n de requerimientos internos o externos sobre productos o servicios, Env\u00edo de comunicaciones, Gesti\u00f3n administrativa, Gesti\u00f3n de clientes, Gesti\u00f3n de cobros y pagos, Gesti\u00f3n de facturaci\u00f3n, Gesti\u00f3n econ\u00f3mica y contable, Gesti\u00f3n fiscal, Hist\u00f3ricos de relaciones comerciales, Verificaci\u00f3n de datos y referencias, Verificaci\u00f3n de requisitos jur\u00eddicos, t\u00e9cnicos y\/o financieros.<\/p>\n<p>Es de car\u00e1cter facultativo suministrar informaci\u00f3n que verse sobre Datos Sensibles, entendidos como aquellos que afectan la intimidad o generen alg\u00fan tipo de discriminaci\u00f3n, o sobre menores de edad.<\/p>\n<p>La pol\u00edtica de tratamiento de los datos del Titular, as\u00ed como los cambios sustanciales que se produzcan en esta, se podr\u00e1n consultar en el siguiente correo electr\u00f3nico:\u00a0<a href=\"mailto:info@cexa.com.co\">info@cexa.com.co<\/a><\/p>\n<p>El Titular puede ejercitar los derechos de acceso, correcci\u00f3n, supresi\u00f3n, revocaci\u00f3n o reclamo por infracci\u00f3n sobre sus datos con un escrito dirigido a SOCIEDAD CANAL EXTENSIA AMERICA S.A. por los siguientes medios:<\/p>\n<p>Requerimiento escrito en: Carrera 54 No. 72-142 Piso 6, Barranquilla, Colombia.<br \/>\nCorreo electr\u00f3nico a la direcci\u00f3n: <a href=\"mailto:info@cexa.com.co\">info@cexa.com.co<\/a><br \/>\nP\u00e1gina Web: <a href=\"https:\/\/www.cexa.com.co\">www.cexa.com.co<\/a> en la secci\u00f3n Cont\u00e1ctenos.<\/p>\n<p>Canal Extensia America mantendr\u00e1 almacenados los datos recolectados y guardar\u00e1 su confidencialidad atendiendo los requisitos de seguridad exigidos por la ley aplicable. Canal Extensia America realizar\u00e1 el tratamiento de los datos personales recolectados, incluidos pero no limitados a informaci\u00f3n de contacto, nombre, correo electr\u00f3nico, entre otros, as\u00ed como aquella informaci\u00f3n adicional a la cual Canal Extensia America tenga acceso y\/o le solicite en el momento de recolectar la informaci\u00f3n con fines relacionados con su objeto social y en especial para fines legales, contractuales, comerciales descritos en el <a href=\"https:\/\/www.cexa.com.co\/wp-content\/uploads\/2025\/03\/MC-008-POLITICA-DE-TRATAMIENTO-DE-DATOS-PERSONALES-CEXA-web.pdf\">MC-008 POL\u00cdTICA DE TRATAMIENTO DE DATOS PERSONALES &#8211; CEXA -web<\/a><\/p>\n<p>Se informa a los Titulares que pueden consultar el Manual de Pol\u00edticas y Procedimientos para el Tratamiento de Datos Personales de Canal Extensia America que contiene nuestras pol\u00edticas para el tratamiento de la informaci\u00f3n recogida, as\u00ed como los procedimientos de consulta y reclamaci\u00f3n que le permitir\u00e1n hacer efectivos sus derechos al acceso, consulta, rectificaci\u00f3n, actualizaci\u00f3n y supresi\u00f3n de los datos, haciendo clic aqu\u00ed en el siguiente enlace: <a href=\"https:\/\/www.cexa.com.co\">www.cexa.com.co<\/a>. Cualquier cambio sustancial en dicho manual o en este aviso de privacidad, seg\u00fan lo definido por la normatividad vigente, ser\u00e1 puesto en conocimiento a trav\u00e9s de la p\u00e1gina web y por cualquier otro mecanismo id\u00f3neo y eficaz antes de implementar las nuevas pol\u00edticas.<\/p>\n<form action=\"http:\/\/www.cexa.com.co\/?page_id=461\" enctype=\"multipart\/form-data\" method=\"post\">\u00a0<center><input type=\"submit\" value=\"Aceptar\" \/><\/center><\/form>\n","protected":false},"excerpt":{"rendered":"<p>En cumplimiento de la Ley Estatutaria 1581 de 2012 de Protecci\u00f3n de Datos (LEPD) y normas concordantes, el presente Aviso de Privacidad tiene como objeto informar al Titular sobre el tratamiento al cual ser\u00e1n sometidos los datos almacenados en nuestras bases de datos y comunicar si estos estar\u00e1n sujetos a transmisi\u00f3n y\/o transferencia a terceras [&hellip;]<\/p>\n","protected":false},"author":1,"featured_media":0,"parent":0,"menu_order":0,"comment_status":"closed","ping_status":"closed","template":"","meta":{"site-sidebar-layout":"default","site-content-layout":"","ast-site-content-layout":"default","site-content-style":"default","site-sidebar-style":"default","ast-global-header-display":"","ast-banner-title-visibility":"","ast-main-header-display":"","ast-hfb-above-header-display":"","ast-hfb-below-header-display":"","ast-hfb-mobile-header-display":"","site-post-title":"","ast-breadcrumbs-content":"","ast-featured-img":"","footer-sml-layout":"","theme-transparent-header-meta":"default","adv-header-id-meta":"","stick-header-meta":"","header-above-stick-meta":"","header-main-stick-meta":"","header-below-stick-meta":"","astra-migrate-meta-layouts":"set","ast-page-background-enabled":"default","ast-page-background-meta":{"desktop":{"background-color":"var(--ast-global-color-4)","background-image":"","background-repeat":"repeat","background-position":"center center","background-size":"auto","background-attachment":"scroll","background-type":"","background-media":"","overlay-type":"","overlay-color":"","overlay-opacity":"","overlay-gradient":""},"tablet":{"background-color":"","background-image":"","background-repeat":"repeat","background-position":"center center","background-size":"auto","background-attachment":"scroll","background-type":"","background-media":"","overlay-type":"","overlay-color":"","overlay-opacity":"","overlay-gradient":""},"mobile":{"background-color":"","background-image":"","background-repeat":"repeat","background-position":"center center","background-size":"auto","background-attachment":"scroll","background-type":"","background-media":"","overlay-type":"","overlay-color":"","overlay-opacity":"","overlay-gradient":""}},"ast-content-background-meta":{"desktop":{"background-color":"var(--ast-global-color-5)","background-image":"","background-repeat":"repeat","background-position":"center center","background-size":"auto","background-attachment":"scroll","background-type":"","background-media":"","overlay-type":"","overlay-color":"","overlay-opacity":"","overlay-gradient":""},"tablet":{"background-color":"var(--ast-global-color-5)","background-image":"","background-repeat":"repeat","background-position":"center center","background-size":"auto","background-attachment":"scroll","background-type":"","background-media":"","overlay-type":"","overlay-color":"","overlay-opacity":"","overlay-gradient":""},"mobile":{"background-color":"var(--ast-global-color-5)","background-image":"","background-repeat":"repeat","background-position":"center center","background-size":"auto","background-attachment":"scroll","background-type":"","background-media":"","overlay-type":"","overlay-color":"","overlay-opacity":"","overlay-gradient":""}},"footnotes":""},"class_list":["post-1953","page","type-page","status-publish","hentry"],"_links":{"self":[{"href":"https:\/\/www.cexa.com.co\/index.php?rest_route=\/wp\/v2\/pages\/1953","targetHints":{"allow":["GET"]}}],"collection":[{"href":"https:\/\/www.cexa.com.co\/index.php?rest_route=\/wp\/v2\/pages"}],"about":[{"href":"https:\/\/www.cexa.com.co\/index.php?rest_route=\/wp\/v2\/types\/page"}],"author":[{"embeddable":true,"href":"https:\/\/www.cexa.com.co\/index.php?rest_route=\/wp\/v2\/users\/1"}],"replies":[{"embeddable":true,"href":"https:\/\/www.cexa.com.co\/index.php?rest_route=%2Fwp%2Fv2%2Fcomments&post=1953"}],"version-history":[{"count":10,"href":"https:\/\/www.cexa.com.co\/index.php?rest_route=\/wp\/v2\/pages\/1953\/revisions"}],"predecessor-version":[{"id":2631,"href":"https:\/\/www.cexa.com.co\/index.php?rest_route=\/wp\/v2\/pages\/1953\/revisions\/2631"}],"wp:attachment":[{"href":"https:\/\/www.cexa.com.co\/index.php?rest_route=%2Fwp%2Fv2%2Fmedia&parent=1953"}],"curies":[{"name":"wp","href":"https:\/\/api.w.org\/{rel}","templated":true}]}}