{"id":2077,"date":"2019-02-13T09:57:40","date_gmt":"2019-02-13T09:57:40","guid":{"rendered":"http:\/\/www.cexa.com.co\/?page_id=2077"},"modified":"2022-03-18T22:51:27","modified_gmt":"2022-03-18T22:51:27","slug":"informacion-institucional","status":"publish","type":"page","link":"https:\/\/www.cexa.com.co\/?page_id=2077","title":{"rendered":"Informaci\u00f3n Institucional"},"content":{"rendered":"<p style=\"text-align: justify;\">Sociedad Canal Extensia Am\u00e9rica S.A. es una sociedad holding del tipo de las an\u00f3nimas constituida en 1996 y existente de conformidad con las leyes de la Rep\u00fablica de Colombia y con domicilio social en la ciudad de Barranquilla. INASSA es controlada por Canal Extensia S.A.U., y esta a su vez por Canal de Isabel II, S.A.<\/p>\n<p style=\"text-align: justify;\">En la actualidad Canal Extensia Am\u00e9rica tiene participaci\u00f3n directa o indirecta en las siguientes sociedades, todas ellas relacionadas con la explotaci\u00f3n del negocio para el manejo del ciclo integral del agua y saneamiento b\u00e1sico, a saber:<\/p>\n<table width=\"760\" cellspacing=\"0\" cellpadding=\"9\">\n<tbody>\n<tr>\n<th style=\"background: #5b9bd5;\" bgcolor=\"#5b9bd5\">\n<p style=\"text-align: center;\"><span style=\"color: #ffffff;\">SOCIEDAD<\/span><\/p>\n<\/th>\n<th style=\"background: #5b9bd5;\" bgcolor=\"#5b9bd5\">\n<p style=\"text-align: center;\"><span style=\"color: #ffffff;\">% PARTICIPACI\u00d3N<\/span><\/p>\n<\/th>\n<\/tr>\n<tr>\n<td>\n<ol>\n<li>Amerika Tecnolog\u00edas y Servicios, S.A.S.<\/li>\n<\/ol>\n<\/td>\n<td>Participaci\u00f3n directa del 100%<\/td>\n<\/tr>\n<tr>\n<td style=\"background: #deeaf6;\" bgcolor=\"#deeaf6\">\n<ol start=\"2\">\n<li>Sociedad de Acueducto, Alcantarillado y Aseo de Barranquilla S.A. E.S.P. \u2013 Triple A S.A. E.S.P.<\/li>\n<\/ol>\n<\/td>\n<td style=\"background: #deeaf6;\" bgcolor=\"#deeaf6\">Participaci\u00f3n directa del 82,16%<\/td>\n<\/tr>\n<tr>\n<td>\n<ol start=\"3\">\n<li>Gestus Gesti\u00f3n &amp; Servicios S.A.S.<\/li>\n<\/ol>\n<\/td>\n<td>Participaci\u00f3n directa del 94,12%<\/td>\n<\/tr>\n<tr>\n<td style=\"background: #deeaf6;\" bgcolor=\"#deeaf6\">\n<ol start=\"4\">\n<li>Emissao, S.A.<\/li>\n<\/ol>\n<\/td>\n<td style=\"background: #deeaf6;\" bgcolor=\"#deeaf6\">Participaci\u00f3n indirecta del 37,5%<\/td>\n<\/tr>\n<tr>\n<td>\n<ol start=\"5\">\n<li>Soluciones Andinas, S.R.L.<\/li>\n<\/ol>\n<\/td>\n<td>Participaci\u00f3n directa del 50%.<\/td>\n<\/tr>\n<tr>\n<td style=\"background: #deeaf6;\" bgcolor=\"#deeaf6\">\n<ol start=\"6\">\n<li>AAA Ecuador Agacase S.A.<\/li>\n<\/ol>\n<\/td>\n<td style=\"background: #deeaf6;\" bgcolor=\"#deeaf6\">Participaci\u00f3n directa de 99%.<\/td>\n<\/tr>\n<tr>\n<td>\n<ol start=\"7\">\n<li>Avanzadas Soluciones de Acueducto y Alcantarillado S.A. E.S.P. \u2013 ASAA S.A. E.S.P.<\/li>\n<\/ol>\n<\/td>\n<td>Participaci\u00f3n directa de 40%.<\/td>\n<\/tr>\n<tr>\n<td style=\"background: #deeaf6;\" bgcolor=\"#deeaf6\">\n<ol start=\"8\">\n<li>AAA Dominicana S.A.<\/li>\n<\/ol>\n<\/td>\n<td style=\"background: #deeaf6;\" bgcolor=\"#deeaf6\">Participaci\u00f3n directa de 65%.<\/td>\n<\/tr>\n<tr>\n<td>\n<ol start=\"9\">\n<li>Aguas de Samborond\u00f3n Amagua C.E.M.<\/li>\n<\/ol>\n<\/td>\n<td>Participaci\u00f3n indirecta de 69,3%.<\/td>\n<\/tr>\n<tr>\n<td style=\"background: #deeaf6;\" bgcolor=\"#deeaf6\">\n<ol start=\"10\">\n<li>Aguas de Tumbes S.A. \u2013 Atusa en liquidaci\u00f3n.<\/li>\n<\/ol>\n<\/td>\n<td style=\"background: #deeaf6;\" bgcolor=\"#deeaf6\">Participaci\u00f3n directa de 87,50%.<\/td>\n<\/tr>\n<tr>\n<td>\n<ol start=\"11\">\n<li>Interamericana de Aguas de Mexico, S.A. de capital Variable &#8211; Inamex.<\/li>\n<\/ol>\n<\/td>\n<td>Participaci\u00f3n directa de 98%.<\/td>\n<\/tr>\n<tr>\n<td style=\"background: #deeaf6;\" bgcolor=\"#deeaf6\">\n<ol start=\"12\">\n<li>Mexaqua S.A. de C.V.<\/li>\n<\/ol>\n<\/td>\n<td style=\"background: #deeaf6;\" bgcolor=\"#deeaf6\">Participaci\u00f3n indirecta de 68,6%.<\/td>\n<\/tr>\n<tr>\n<td>\n<ol start=\"13\">\n<li>Fontes da Serra Saneamento de Guapimirim LTDA.<\/li>\n<\/ol>\n<\/td>\n<td>Participaci\u00f3n indirecta de 36,75%.<\/td>\n<\/tr>\n<tr>\n<td style=\"background: #deeaf6;\" bgcolor=\"#deeaf6\">\n<ol start=\"14\">\n<li>Compa\u00f1\u00eda del Acueducto Metropolitano de Santa Marta S.A. E.S.P. &#8211; Metroagua S.A. E.S.P. en Liquidaci\u00f3n.<\/li>\n<\/ol>\n<\/td>\n<td style=\"background: #deeaf6;\" bgcolor=\"#deeaf6\">Participaci\u00f3n directa de 35,86%.<\/td>\n<\/tr>\n<\/tbody>\n<\/table>\n<p style=\"text-align: justify;\">Las empresas del Grupo Canal Extensia Am\u00e9rica tienen como actividad principal la gesti\u00f3n del ciclo integral del agua y el fortalecimiento de los procesos comerciales, con la aplicaci\u00f3n continua de nuevos desarrollos, avances tecnol\u00f3gicos y conocimiento, adecu\u00e1ndose a las necesidades de las sociedades en las que participa para ofrecer su mejor servicio a m\u00e1s de 24 millones de personas diariamente en Latinoam\u00e9rica.<\/p>\n","protected":false},"excerpt":{"rendered":"<p>Sociedad Canal Extensia Am\u00e9rica S.A. es una sociedad holding del tipo de las an\u00f3nimas constituida en 1996 y existente de conformidad con las leyes de la Rep\u00fablica de Colombia y con domicilio social en la ciudad de Barranquilla. INASSA es controlada por Canal Extensia S.A.U., y esta a su vez por Canal de Isabel II, [&hellip;]<\/p>\n","protected":false},"author":6,"featured_media":0,"parent":2074,"menu_order":0,"comment_status":"closed","ping_status":"closed","template":"","meta":{"site-sidebar-layout":"default","site-content-layout":"","ast-site-content-layout":"","site-content-style":"default","site-sidebar-style":"default","ast-global-header-display":"","ast-banner-title-visibility":"","ast-main-header-display":"","ast-hfb-above-header-display":"","ast-hfb-below-header-display":"","ast-hfb-mobile-header-display":"","site-post-title":"","ast-breadcrumbs-content":"","ast-featured-img":"","footer-sml-layout":"","theme-transparent-header-meta":"","adv-header-id-meta":"","stick-header-meta":"","header-above-stick-meta":"","header-main-stick-meta":"","header-below-stick-meta":"","astra-migrate-meta-layouts":"default","ast-page-background-enabled":"default","ast-page-background-meta":{"desktop":{"background-color":"var(--ast-global-color-4)","background-image":"","background-repeat":"repeat","background-position":"center center","background-size":"auto","background-attachment":"scroll","background-type":"","background-media":"","overlay-type":"","overlay-color":"","overlay-opacity":"","overlay-gradient":""},"tablet":{"background-color":"","background-image":"","background-repeat":"repeat","background-position":"center center","background-size":"auto","background-attachment":"scroll","background-type":"","background-media":"","overlay-type":"","overlay-color":"","overlay-opacity":"","overlay-gradient":""},"mobile":{"background-color":"","background-image":"","background-repeat":"repeat","background-position":"center center","background-size":"auto","background-attachment":"scroll","background-type":"","background-media":"","overlay-type":"","overlay-color":"","overlay-opacity":"","overlay-gradient":""}},"ast-content-background-meta":{"desktop":{"background-color":"var(--ast-global-color-5)","background-image":"","background-repeat":"repeat","background-position":"center center","background-size":"auto","background-attachment":"scroll","background-type":"","background-media":"","overlay-type":"","overlay-color":"","overlay-opacity":"","overlay-gradient":""},"tablet":{"background-color":"var(--ast-global-color-5)","background-image":"","background-repeat":"repeat","background-position":"center center","background-size":"auto","background-attachment":"scroll","background-type":"","background-media":"","overlay-type":"","overlay-color":"","overlay-opacity":"","overlay-gradient":""},"mobile":{"background-color":"var(--ast-global-color-5)","background-image":"","background-repeat":"repeat","background-position":"center center","background-size":"auto","background-attachment":"scroll","background-type":"","background-media":"","overlay-type":"","overlay-color":"","overlay-opacity":"","overlay-gradient":""}},"footnotes":""},"class_list":["post-2077","page","type-page","status-publish","hentry"],"_links":{"self":[{"href":"https:\/\/www.cexa.com.co\/index.php?rest_route=\/wp\/v2\/pages\/2077","targetHints":{"allow":["GET"]}}],"collection":[{"href":"https:\/\/www.cexa.com.co\/index.php?rest_route=\/wp\/v2\/pages"}],"about":[{"href":"https:\/\/www.cexa.com.co\/index.php?rest_route=\/wp\/v2\/types\/page"}],"author":[{"embeddable":true,"href":"https:\/\/www.cexa.com.co\/index.php?rest_route=\/wp\/v2\/users\/6"}],"replies":[{"embeddable":true,"href":"https:\/\/www.cexa.com.co\/index.php?rest_route=%2Fwp%2Fv2%2Fcomments&post=2077"}],"version-history":[{"count":12,"href":"https:\/\/www.cexa.com.co\/index.php?rest_route=\/wp\/v2\/pages\/2077\/revisions"}],"predecessor-version":[{"id":2493,"href":"https:\/\/www.cexa.com.co\/index.php?rest_route=\/wp\/v2\/pages\/2077\/revisions\/2493"}],"up":[{"embeddable":true,"href":"https:\/\/www.cexa.com.co\/index.php?rest_route=\/wp\/v2\/pages\/2074"}],"wp:attachment":[{"href":"https:\/\/www.cexa.com.co\/index.php?rest_route=%2Fwp%2Fv2%2Fmedia&parent=2077"}],"curies":[{"name":"wp","href":"https:\/\/api.w.org\/{rel}","templated":true}]}}