{"id":2080,"date":"2019-02-13T10:08:21","date_gmt":"2019-02-13T10:08:21","guid":{"rendered":"http:\/\/www.cexa.com.co\/?page_id=2080"},"modified":"2019-03-08T16:47:09","modified_gmt":"2019-03-08T16:47:09","slug":"normativa-de-servicio","status":"publish","type":"page","link":"https:\/\/www.cexa.com.co\/?page_id=2080","title":{"rendered":"Normativa"},"content":{"rendered":"<p style=\"text-align: justify;\">Por ser una sociedad an\u00f3nima, Inassa se rige por la Constituci\u00f3n pol\u00edtica de la Rep\u00fablica de Colombia y las normas del derecho privado. Por lo tanto, le resultan aplicables el C\u00f3digo de Comercio (decreto 410 de 1971) y la Ley 222 de 1995. Adem\u00e1s, le son aplicables las siguientes normas:<\/p>\n<ul>\n<li>Ley estatutaria 1581 de 2012. <a href=\"http:\/\/www.cexa.com.co\/wp-content\/uploads\/2019\/03\/Ley-1581-de-2012.pdf\" target=\"_blank\" rel=\"noopener\">Descarga Aqu\u00ed<\/a><\/li>\n<li>Decreto Reglamentario 1377 de 2013.\u00a0<a href=\"http:\/\/www.cexa.com.co\/wp-content\/uploads\/2019\/03\/Decreto-1377-de-2013.pdf\" target=\"_blank\" rel=\"noopener\">Descarga Aqu\u00ed<\/a><\/li>\n<li>Circular\u00a0B\u00e1sica Jur\u00eddica No. 100-000006\u00a0emitida por la Superintendencia de Sociedades.\u00a0<a href=\"http:\/\/www.cexa.com.co\/wp-content\/uploads\/2019\/03\/Circular-Basica-Juri\u0301dica-100-000006-Supersociedades.pdf\" target=\"_blank\" rel=\"noopener\">Descarga Aqu\u00ed<\/a><\/li>\n<li>Decreto 410 de 1971.\u00a0<a href=\"http:\/\/www.cexa.com.co\/wp-content\/uploads\/2019\/03\/Decreto-410-de-1971.pdf\" target=\"_blank\" rel=\"noopener\">Descarga Aqu\u00ed<\/a><\/li>\n<li>Ley 0222 de 1995 del Senado de la Rep\u00fablica.\u00a0<a href=\"http:\/\/www.cexa.com.co\/wp-content\/uploads\/2019\/03\/Ley-0222-de-1995-del-Senado-de-la-Repu\u0301blica.pdf\" target=\"_blank\" rel=\"noopener\">Descarga Aqu\u00ed<\/a><\/li>\n<\/ul>\n","protected":false},"excerpt":{"rendered":"<p>Por ser una sociedad an\u00f3nima, Inassa se rige por la Constituci\u00f3n pol\u00edtica de la Rep\u00fablica de Colombia y las normas del derecho privado. Por lo tanto, le resultan aplicables el C\u00f3digo de Comercio (decreto 410 de 1971) y la Ley 222 de 1995. Adem\u00e1s, le son aplicables las siguientes normas: Ley estatutaria 1581 de 2012. [&hellip;]<\/p>\n","protected":false},"author":6,"featured_media":0,"parent":2074,"menu_order":0,"comment_status":"closed","ping_status":"closed","template":"","meta":{"site-sidebar-layout":"default","site-content-layout":"","ast-site-content-layout":"","site-content-style":"default","site-sidebar-style":"default","ast-global-header-display":"","ast-banner-title-visibility":"","ast-main-header-display":"","ast-hfb-above-header-display":"","ast-hfb-below-header-display":"","ast-hfb-mobile-header-display":"","site-post-title":"","ast-breadcrumbs-content":"","ast-featured-img":"","footer-sml-layout":"","theme-transparent-header-meta":"","adv-header-id-meta":"","stick-header-meta":"","header-above-stick-meta":"","header-main-stick-meta":"","header-below-stick-meta":"","astra-migrate-meta-layouts":"default","ast-page-background-enabled":"default","ast-page-background-meta":{"desktop":{"background-color":"var(--ast-global-color-4)","background-image":"","background-repeat":"repeat","background-position":"center center","background-size":"auto","background-attachment":"scroll","background-type":"","background-media":"","overlay-type":"","overlay-color":"","overlay-opacity":"","overlay-gradient":""},"tablet":{"background-color":"","background-image":"","background-repeat":"repeat","background-position":"center center","background-size":"auto","background-attachment":"scroll","background-type":"","background-media":"","overlay-type":"","overlay-color":"","overlay-opacity":"","overlay-gradient":""},"mobile":{"background-color":"","background-image":"","background-repeat":"repeat","background-position":"center center","background-size":"auto","background-attachment":"scroll","background-type":"","background-media":"","overlay-type":"","overlay-color":"","overlay-opacity":"","overlay-gradient":""}},"ast-content-background-meta":{"desktop":{"background-color":"var(--ast-global-color-5)","background-image":"","background-repeat":"repeat","background-position":"center center","background-size":"auto","background-attachment":"scroll","background-type":"","background-media":"","overlay-type":"","overlay-color":"","overlay-opacity":"","overlay-gradient":""},"tablet":{"background-color":"var(--ast-global-color-5)","background-image":"","background-repeat":"repeat","background-position":"center center","background-size":"auto","background-attachment":"scroll","background-type":"","background-media":"","overlay-type":"","overlay-color":"","overlay-opacity":"","overlay-gradient":""},"mobile":{"background-color":"var(--ast-global-color-5)","background-image":"","background-repeat":"repeat","background-position":"center center","background-size":"auto","background-attachment":"scroll","background-type":"","background-media":"","overlay-type":"","overlay-color":"","overlay-opacity":"","overlay-gradient":""}},"footnotes":""},"class_list":["post-2080","page","type-page","status-publish","hentry"],"_links":{"self":[{"href":"https:\/\/www.cexa.com.co\/index.php?rest_route=\/wp\/v2\/pages\/2080","targetHints":{"allow":["GET"]}}],"collection":[{"href":"https:\/\/www.cexa.com.co\/index.php?rest_route=\/wp\/v2\/pages"}],"about":[{"href":"https:\/\/www.cexa.com.co\/index.php?rest_route=\/wp\/v2\/types\/page"}],"author":[{"embeddable":true,"href":"https:\/\/www.cexa.com.co\/index.php?rest_route=\/wp\/v2\/users\/6"}],"replies":[{"embeddable":true,"href":"https:\/\/www.cexa.com.co\/index.php?rest_route=%2Fwp%2Fv2%2Fcomments&post=2080"}],"version-history":[{"count":6,"href":"https:\/\/www.cexa.com.co\/index.php?rest_route=\/wp\/v2\/pages\/2080\/revisions"}],"predecessor-version":[{"id":2168,"href":"https:\/\/www.cexa.com.co\/index.php?rest_route=\/wp\/v2\/pages\/2080\/revisions\/2168"}],"up":[{"embeddable":true,"href":"https:\/\/www.cexa.com.co\/index.php?rest_route=\/wp\/v2\/pages\/2074"}],"wp:attachment":[{"href":"https:\/\/www.cexa.com.co\/index.php?rest_route=%2Fwp%2Fv2%2Fmedia&parent=2080"}],"curies":[{"name":"wp","href":"https:\/\/api.w.org\/{rel}","templated":true}]}}