{"id":2087,"date":"2019-02-13T10:18:27","date_gmt":"2019-02-13T10:18:27","guid":{"rendered":"http:\/\/www.cexa.com.co\/?page_id=2087"},"modified":"2019-03-19T17:02:30","modified_gmt":"2019-03-19T17:02:30","slug":"accionistas","status":"publish","type":"page","link":"https:\/\/www.cexa.com.co\/?page_id=2087","title":{"rendered":"Accionistas"},"content":{"rendered":"<p style=\"text-align: justify;\">En nuestro accionariado est\u00e1 representada la empresa p\u00fablica espa\u00f1ola Canal de Isabel II, S.A., a trav\u00e9s de Canal Extensia, S.A.U., de la siguiente forma:<\/p>\n<table style=\"height: 274px;\" width=\"535\" cellspacing=\"0\" cellpadding=\"9\">\n<colgroup>\n<col width=\"200\" \/>\n<col width=\"200\" \/> <\/colgroup>\n<tbody>\n<tr>\n<th style=\"background: #5b9bd5;\" colspan=\"2\" bgcolor=\"#5b9bd5\">\n<p style=\"text-align: center;\"><span style=\"color: #ffffff;\">Nuestros accionistas<\/span><\/p>\n<\/th>\n<\/tr>\n<tr>\n<td><b>Canal Extensia S.A.U.<\/b><\/td>\n<td>81,83%<\/td>\n<\/tr>\n<tr>\n<td style=\"background: #deeaf6;\" bgcolor=\"#deeaf6\"><b>Soluciones Latinoamericanas del Agua S.A.<\/b><\/td>\n<td style=\"background: #deeaf6;\" bgcolor=\"#deeaf6\">18,16%<\/td>\n<\/tr>\n<tr>\n<td><b>Otros<\/b><\/td>\n<td>0,01%<\/td>\n<\/tr>\n<tr>\n<td style=\"background: #deeaf6;\" bgcolor=\"#deeaf6\"><b>Total<\/b><\/td>\n<td style=\"background: #deeaf6;\" bgcolor=\"#deeaf6\">100,00%<\/td>\n<\/tr>\n<\/tbody>\n<\/table>\n<p><img decoding=\"async\" class=\"alignnone size-full wp-image-2158\" src=\"http:\/\/www.cexa.com.co\/wp-content\/uploads\/2019\/03\/Accionistas.png\" alt=\"\" width=\"600\" srcset=\"https:\/\/www.cexa.com.co\/wp-content\/uploads\/2019\/03\/Accionistas.png 690w, https:\/\/www.cexa.com.co\/wp-content\/uploads\/2019\/03\/Accionistas-300x189.png 300w\" sizes=\"(max-width: 690px) 100vw, 690px\" \/><\/p>\n","protected":false},"excerpt":{"rendered":"<p>En nuestro accionariado est\u00e1 representada la empresa p\u00fablica espa\u00f1ola Canal de Isabel II, S.A., a trav\u00e9s de Canal Extensia, S.A.U., de la siguiente forma: Nuestros accionistas Canal Extensia S.A.U. 81,83% Soluciones Latinoamericanas del Agua S.A. 18,16% Otros 0,01% Total 100,00%<\/p>\n","protected":false},"author":6,"featured_media":0,"parent":2074,"menu_order":0,"comment_status":"closed","ping_status":"closed","template":"","meta":{"site-sidebar-layout":"default","site-content-layout":"","ast-site-content-layout":"","site-content-style":"default","site-sidebar-style":"default","ast-global-header-display":"","ast-banner-title-visibility":"","ast-main-header-display":"","ast-hfb-above-header-display":"","ast-hfb-below-header-display":"","ast-hfb-mobile-header-display":"","site-post-title":"","ast-breadcrumbs-content":"","ast-featured-img":"","footer-sml-layout":"","theme-transparent-header-meta":"","adv-header-id-meta":"","stick-header-meta":"","header-above-stick-meta":"","header-main-stick-meta":"","header-below-stick-meta":"","astra-migrate-meta-layouts":"default","ast-page-background-enabled":"default","ast-page-background-meta":{"desktop":{"background-color":"var(--ast-global-color-4)","background-image":"","background-repeat":"repeat","background-position":"center center","background-size":"auto","background-attachment":"scroll","background-type":"","background-media":"","overlay-type":"","overlay-color":"","overlay-opacity":"","overlay-gradient":""},"tablet":{"background-color":"","background-image":"","background-repeat":"repeat","background-position":"center center","background-size":"auto","background-attachment":"scroll","background-type":"","background-media":"","overlay-type":"","overlay-color":"","overlay-opacity":"","overlay-gradient":""},"mobile":{"background-color":"","background-image":"","background-repeat":"repeat","background-position":"center center","background-size":"auto","background-attachment":"scroll","background-type":"","background-media":"","overlay-type":"","overlay-color":"","overlay-opacity":"","overlay-gradient":""}},"ast-content-background-meta":{"desktop":{"background-color":"var(--ast-global-color-5)","background-image":"","background-repeat":"repeat","background-position":"center center","background-size":"auto","background-attachment":"scroll","background-type":"","background-media":"","overlay-type":"","overlay-color":"","overlay-opacity":"","overlay-gradient":""},"tablet":{"background-color":"var(--ast-global-color-5)","background-image":"","background-repeat":"repeat","background-position":"center center","background-size":"auto","background-attachment":"scroll","background-type":"","background-media":"","overlay-type":"","overlay-color":"","overlay-opacity":"","overlay-gradient":""},"mobile":{"background-color":"var(--ast-global-color-5)","background-image":"","background-repeat":"repeat","background-position":"center center","background-size":"auto","background-attachment":"scroll","background-type":"","background-media":"","overlay-type":"","overlay-color":"","overlay-opacity":"","overlay-gradient":""}},"footnotes":""},"class_list":["post-2087","page","type-page","status-publish","hentry"],"_links":{"self":[{"href":"https:\/\/www.cexa.com.co\/index.php?rest_route=\/wp\/v2\/pages\/2087","targetHints":{"allow":["GET"]}}],"collection":[{"href":"https:\/\/www.cexa.com.co\/index.php?rest_route=\/wp\/v2\/pages"}],"about":[{"href":"https:\/\/www.cexa.com.co\/index.php?rest_route=\/wp\/v2\/types\/page"}],"author":[{"embeddable":true,"href":"https:\/\/www.cexa.com.co\/index.php?rest_route=\/wp\/v2\/users\/6"}],"replies":[{"embeddable":true,"href":"https:\/\/www.cexa.com.co\/index.php?rest_route=%2Fwp%2Fv2%2Fcomments&post=2087"}],"version-history":[{"count":12,"href":"https:\/\/www.cexa.com.co\/index.php?rest_route=\/wp\/v2\/pages\/2087\/revisions"}],"predecessor-version":[{"id":2261,"href":"https:\/\/www.cexa.com.co\/index.php?rest_route=\/wp\/v2\/pages\/2087\/revisions\/2261"}],"up":[{"embeddable":true,"href":"https:\/\/www.cexa.com.co\/index.php?rest_route=\/wp\/v2\/pages\/2074"}],"wp:attachment":[{"href":"https:\/\/www.cexa.com.co\/index.php?rest_route=%2Fwp%2Fv2%2Fmedia&parent=2087"}],"curies":[{"name":"wp","href":"https:\/\/api.w.org\/{rel}","templated":true}]}}