{"id":2204,"date":"2019-03-11T17:02:27","date_gmt":"2019-03-11T17:02:27","guid":{"rendered":"http:\/\/www.cexa.com.co\/?page_id=2204"},"modified":"2022-02-11T22:31:08","modified_gmt":"2022-02-11T22:31:08","slug":"informacion-institucional","status":"publish","type":"page","link":"https:\/\/www.cexa.com.co\/?page_id=2204","title":{"rendered":"Informaci\u00f3n Institucional"},"content":{"rendered":"<p>AAA Ecuador AGACASE S.A., es una sociedad an\u00f3nima, constituida el 29 de marzo de 1996 y existente de conformidad con las leyes de la Rep\u00fablica del Ecuador y con domicilio social en el cant\u00f3n de Samborond\u00f3n, Ecuador.<\/p>\n<p>En la actualidad AAA Ecuador es la tenedora de acciones de la empresa AGUAS DE SAMBORONDON AMAGUA C.E.M. cuya actividad es la prestaci\u00f3n de servicios de agua potable, alcantarillado y otras actividades en la parroquia La Puntilla del cant\u00f3n Samborond\u00f3n y en la parroquia La Aurora en el cant\u00f3n Daule.<\/p>\n<p>Empresas participadas:<\/p>\n<table width=\"576\">\n<tbody>\n<tr>\n<td width=\"378\"><strong>Empresa<\/strong><\/td>\n<td width=\"198\"><strong>% Participaci\u00f3n<\/strong><\/td>\n<\/tr>\n<tr>\n<td width=\"378\">Aguas de Samborond\u00f3n Amagua C.E.M<\/td>\n<td width=\"198\">70%<\/td>\n<\/tr>\n<\/tbody>\n<\/table>\n<p>&nbsp;<\/p>\n","protected":false},"excerpt":{"rendered":"<p>AAA Ecuador AGACASE S.A., es una sociedad an\u00f3nima, constituida el 29 de marzo de 1996 y existente de conformidad con las leyes de la Rep\u00fablica del Ecuador y con domicilio social en el cant\u00f3n de Samborond\u00f3n, Ecuador. En la actualidad AAA Ecuador es la tenedora de acciones de la empresa AGUAS DE SAMBORONDON AMAGUA C.E.M. [&hellip;]<\/p>\n","protected":false},"author":6,"featured_media":0,"parent":2132,"menu_order":0,"comment_status":"closed","ping_status":"closed","template":"","meta":{"site-sidebar-layout":"default","site-content-layout":"","ast-site-content-layout":"","site-content-style":"default","site-sidebar-style":"default","ast-global-header-display":"","ast-banner-title-visibility":"","ast-main-header-display":"","ast-hfb-above-header-display":"","ast-hfb-below-header-display":"","ast-hfb-mobile-header-display":"","site-post-title":"","ast-breadcrumbs-content":"","ast-featured-img":"","footer-sml-layout":"","theme-transparent-header-meta":"","adv-header-id-meta":"","stick-header-meta":"","header-above-stick-meta":"","header-main-stick-meta":"","header-below-stick-meta":"","astra-migrate-meta-layouts":"default","ast-page-background-enabled":"default","ast-page-background-meta":{"desktop":{"background-color":"var(--ast-global-color-4)","background-image":"","background-repeat":"repeat","background-position":"center center","background-size":"auto","background-attachment":"scroll","background-type":"","background-media":"","overlay-type":"","overlay-color":"","overlay-opacity":"","overlay-gradient":""},"tablet":{"background-color":"","background-image":"","background-repeat":"repeat","background-position":"center center","background-size":"auto","background-attachment":"scroll","background-type":"","background-media":"","overlay-type":"","overlay-color":"","overlay-opacity":"","overlay-gradient":""},"mobile":{"background-color":"","background-image":"","background-repeat":"repeat","background-position":"center center","background-size":"auto","background-attachment":"scroll","background-type":"","background-media":"","overlay-type":"","overlay-color":"","overlay-opacity":"","overlay-gradient":""}},"ast-content-background-meta":{"desktop":{"background-color":"var(--ast-global-color-5)","background-image":"","background-repeat":"repeat","background-position":"center center","background-size":"auto","background-attachment":"scroll","background-type":"","background-media":"","overlay-type":"","overlay-color":"","overlay-opacity":"","overlay-gradient":""},"tablet":{"background-color":"var(--ast-global-color-5)","background-image":"","background-repeat":"repeat","background-position":"center center","background-size":"auto","background-attachment":"scroll","background-type":"","background-media":"","overlay-type":"","overlay-color":"","overlay-opacity":"","overlay-gradient":""},"mobile":{"background-color":"var(--ast-global-color-5)","background-image":"","background-repeat":"repeat","background-position":"center center","background-size":"auto","background-attachment":"scroll","background-type":"","background-media":"","overlay-type":"","overlay-color":"","overlay-opacity":"","overlay-gradient":""}},"footnotes":""},"class_list":["post-2204","page","type-page","status-publish","hentry"],"_links":{"self":[{"href":"https:\/\/www.cexa.com.co\/index.php?rest_route=\/wp\/v2\/pages\/2204","targetHints":{"allow":["GET"]}}],"collection":[{"href":"https:\/\/www.cexa.com.co\/index.php?rest_route=\/wp\/v2\/pages"}],"about":[{"href":"https:\/\/www.cexa.com.co\/index.php?rest_route=\/wp\/v2\/types\/page"}],"author":[{"embeddable":true,"href":"https:\/\/www.cexa.com.co\/index.php?rest_route=\/wp\/v2\/users\/6"}],"replies":[{"embeddable":true,"href":"https:\/\/www.cexa.com.co\/index.php?rest_route=%2Fwp%2Fv2%2Fcomments&post=2204"}],"version-history":[{"count":4,"href":"https:\/\/www.cexa.com.co\/index.php?rest_route=\/wp\/v2\/pages\/2204\/revisions"}],"predecessor-version":[{"id":2370,"href":"https:\/\/www.cexa.com.co\/index.php?rest_route=\/wp\/v2\/pages\/2204\/revisions\/2370"}],"up":[{"embeddable":true,"href":"https:\/\/www.cexa.com.co\/index.php?rest_route=\/wp\/v2\/pages\/2132"}],"wp:attachment":[{"href":"https:\/\/www.cexa.com.co\/index.php?rest_route=%2Fwp%2Fv2%2Fmedia&parent=2204"}],"curies":[{"name":"wp","href":"https:\/\/api.w.org\/{rel}","templated":true}]}}