{"id":2383,"date":"2022-02-14T20:08:56","date_gmt":"2022-02-14T20:08:56","guid":{"rendered":"https:\/\/www.cexa.com.co\/?page_id=2383"},"modified":"2022-03-17T13:22:47","modified_gmt":"2022-03-17T13:22:47","slug":"saa_informacion-institucional","status":"publish","type":"page","link":"https:\/\/www.cexa.com.co\/?page_id=2383","title":{"rendered":"Informaci\u00f3n Institucional"},"content":{"rendered":"<p><strong><u>Informaci\u00f3n Institucional<\/u><\/strong><\/p>\n<p>Soluciones Andinas de Agua S.R.L., es una sociedad de resoponsabilidad limitada, constituida el 25 de septiembre de 2008 y existente de conformidad con las leyes de la Rep\u00fablica de Uruguay y con domicilio social en la ciudad de Montevideo.<\/p>\n<p>En la actualidad Soluciones Andinas del Agua tiene participaci\u00f3n directa en la sociedad brasile\u00f1a Emiss\u00e3o S.A., cuya actividad es la prestaci\u00f3n de servicios de ingenier\u00eda, gesti\u00f3n comercial, operaci\u00f3n y dem\u00e1s servicios conexos al ciclo integral del agua.<\/p>\n<table width=\"576\">\n<tbody>\n<tr>\n<td width=\"378\"><strong>Empresa<\/strong><\/td>\n<td width=\"198\"><strong>% Participaci\u00f3n<\/strong><\/td>\n<\/tr>\n<tr>\n<td width=\"378\"><strong>Emissao S.A.<\/strong><\/td>\n<td width=\"198\">70%<\/td>\n<\/tr>\n<\/tbody>\n<\/table>\n","protected":false},"excerpt":{"rendered":"<p>Informaci\u00f3n Institucional Soluciones Andinas de Agua S.R.L., es una sociedad de resoponsabilidad limitada, constituida el 25 de septiembre de 2008 y existente de conformidad con las leyes de la Rep\u00fablica de Uruguay y con domicilio social en la ciudad de Montevideo. En la actualidad Soluciones Andinas del Agua tiene participaci\u00f3n directa en la sociedad brasile\u00f1a [&hellip;]<\/p>\n","protected":false},"author":11,"featured_media":0,"parent":2130,"menu_order":0,"comment_status":"closed","ping_status":"closed","template":"","meta":{"site-sidebar-layout":"default","site-content-layout":"","ast-site-content-layout":"","site-content-style":"default","site-sidebar-style":"default","ast-global-header-display":"","ast-banner-title-visibility":"","ast-main-header-display":"","ast-hfb-above-header-display":"","ast-hfb-below-header-display":"","ast-hfb-mobile-header-display":"","site-post-title":"","ast-breadcrumbs-content":"","ast-featured-img":"","footer-sml-layout":"","theme-transparent-header-meta":"","adv-header-id-meta":"","stick-header-meta":"","header-above-stick-meta":"","header-main-stick-meta":"","header-below-stick-meta":"","astra-migrate-meta-layouts":"default","ast-page-background-enabled":"default","ast-page-background-meta":{"desktop":{"background-color":"var(--ast-global-color-4)","background-image":"","background-repeat":"repeat","background-position":"center center","background-size":"auto","background-attachment":"scroll","background-type":"","background-media":"","overlay-type":"","overlay-color":"","overlay-opacity":"","overlay-gradient":""},"tablet":{"background-color":"","background-image":"","background-repeat":"repeat","background-position":"center center","background-size":"auto","background-attachment":"scroll","background-type":"","background-media":"","overlay-type":"","overlay-color":"","overlay-opacity":"","overlay-gradient":""},"mobile":{"background-color":"","background-image":"","background-repeat":"repeat","background-position":"center center","background-size":"auto","background-attachment":"scroll","background-type":"","background-media":"","overlay-type":"","overlay-color":"","overlay-opacity":"","overlay-gradient":""}},"ast-content-background-meta":{"desktop":{"background-color":"var(--ast-global-color-5)","background-image":"","background-repeat":"repeat","background-position":"center center","background-size":"auto","background-attachment":"scroll","background-type":"","background-media":"","overlay-type":"","overlay-color":"","overlay-opacity":"","overlay-gradient":""},"tablet":{"background-color":"var(--ast-global-color-5)","background-image":"","background-repeat":"repeat","background-position":"center center","background-size":"auto","background-attachment":"scroll","background-type":"","background-media":"","overlay-type":"","overlay-color":"","overlay-opacity":"","overlay-gradient":""},"mobile":{"background-color":"var(--ast-global-color-5)","background-image":"","background-repeat":"repeat","background-position":"center center","background-size":"auto","background-attachment":"scroll","background-type":"","background-media":"","overlay-type":"","overlay-color":"","overlay-opacity":"","overlay-gradient":""}},"footnotes":""},"class_list":["post-2383","page","type-page","status-publish","hentry"],"_links":{"self":[{"href":"https:\/\/www.cexa.com.co\/index.php?rest_route=\/wp\/v2\/pages\/2383","targetHints":{"allow":["GET"]}}],"collection":[{"href":"https:\/\/www.cexa.com.co\/index.php?rest_route=\/wp\/v2\/pages"}],"about":[{"href":"https:\/\/www.cexa.com.co\/index.php?rest_route=\/wp\/v2\/types\/page"}],"author":[{"embeddable":true,"href":"https:\/\/www.cexa.com.co\/index.php?rest_route=\/wp\/v2\/users\/11"}],"replies":[{"embeddable":true,"href":"https:\/\/www.cexa.com.co\/index.php?rest_route=%2Fwp%2Fv2%2Fcomments&post=2383"}],"version-history":[{"count":8,"href":"https:\/\/www.cexa.com.co\/index.php?rest_route=\/wp\/v2\/pages\/2383\/revisions"}],"predecessor-version":[{"id":2478,"href":"https:\/\/www.cexa.com.co\/index.php?rest_route=\/wp\/v2\/pages\/2383\/revisions\/2478"}],"up":[{"embeddable":true,"href":"https:\/\/www.cexa.com.co\/index.php?rest_route=\/wp\/v2\/pages\/2130"}],"wp:attachment":[{"href":"https:\/\/www.cexa.com.co\/index.php?rest_route=%2Fwp%2Fv2%2Fmedia&parent=2383"}],"curies":[{"name":"wp","href":"https:\/\/api.w.org\/{rel}","templated":true}]}}