{"id":2392,"date":"2022-02-14T21:01:50","date_gmt":"2022-02-14T21:01:50","guid":{"rendered":"https:\/\/www.cexa.com.co\/?page_id=2392"},"modified":"2025-04-04T03:11:13","modified_gmt":"2025-04-04T03:11:13","slug":"trabaje-con-nosotros","status":"publish","type":"page","link":"https:\/\/www.cexa.com.co\/?page_id=2392","title":{"rendered":"Trabaje con Nosotros"},"content":{"rendered":"<p>En cumplimiento de la Ley Estatutaria 1581 de 2012 de Protecci\u00f3n de Datos (LEPD) y normas concordantes, el presente Aviso de Privacidad tiene como objeto informar al Titular sobre el tratamiento al cual ser\u00e1n sometidos los datos almacenados en nuestras bases de datos y comunicar si estos estar\u00e1n sujetos a transmisi\u00f3n y\/o transferencia a terceras entidades. Las condiciones del tratamiento son las siguientes:<\/p>\n<p>SOCIEDAD CANAL EXTENSIA AMERICA S.A. identificada con el Nit No. 802003400, ser\u00e1 el responsable del tratamiento de sus datos personales.<\/p>\n<p>Con objeto de recibir una atenci\u00f3n integral como cliente, los datos personales recabados ser\u00e1n tratados con las siguientes finalidades: Promoci\u00f3n y gesti\u00f3n de empleo, selecci\u00f3n de personal.<br \/>\nEs de car\u00e1cter facultativo suministrar informaci\u00f3n que verse sobre Datos Sensibles, entendidos como aquellos que afectan la intimidad o generen alg\u00fan tipo de discriminaci\u00f3n, o sobre menores de edad.<\/p>\n<p>La pol\u00edtica de tratamiento de los datos del Titular, as\u00ed como los cambios sustanciales que se produzcan en esta, se podr\u00e1n consultar en el siguiente correo electr\u00f3nico: <a href=\"mailto:info@cexa.com.co\">info@cexa.com.co<\/a><\/p>\n<p>El Titular puede ejercitar los derechos de acceso, correcci\u00f3n, supresi\u00f3n, revocaci\u00f3n o reclamo por infracci\u00f3n sobre sus datos con un escrito dirigido a SOCIEDAD CANAL EXTENSIA AMERICA S.A. a la direcci\u00f3n de correo electr\u00f3nico <a href=\"mailto:info@cexa.com.co\">info@cexa.com.co<\/a> indicando en el asunto el derecho que desea ejercitar; o mediante correo postal remitido a CR 54 72 142 P 6, BARRANQUILLA &#8211; ATL\u00c1NTICO.<\/p>\n","protected":false},"excerpt":{"rendered":"<p>En cumplimiento de la Ley Estatutaria 1581 de 2012 de Protecci\u00f3n de Datos (LEPD) y normas concordantes, el presente Aviso de Privacidad tiene como objeto informar al Titular sobre el tratamiento al cual ser\u00e1n sometidos los datos almacenados en nuestras bases de datos y comunicar si estos estar\u00e1n sujetos a transmisi\u00f3n y\/o transferencia a terceras [&hellip;]<\/p>\n","protected":false},"author":11,"featured_media":0,"parent":461,"menu_order":0,"comment_status":"closed","ping_status":"closed","template":"","meta":{"site-sidebar-layout":"default","site-content-layout":"","ast-site-content-layout":"default","site-content-style":"default","site-sidebar-style":"default","ast-global-header-display":"","ast-banner-title-visibility":"","ast-main-header-display":"","ast-hfb-above-header-display":"","ast-hfb-below-header-display":"","ast-hfb-mobile-header-display":"","site-post-title":"","ast-breadcrumbs-content":"","ast-featured-img":"","footer-sml-layout":"","theme-transparent-header-meta":"default","adv-header-id-meta":"","stick-header-meta":"","header-above-stick-meta":"","header-main-stick-meta":"","header-below-stick-meta":"","astra-migrate-meta-layouts":"set","ast-page-background-enabled":"default","ast-page-background-meta":{"desktop":{"background-color":"var(--ast-global-color-4)","background-image":"","background-repeat":"repeat","background-position":"center center","background-size":"auto","background-attachment":"scroll","background-type":"","background-media":"","overlay-type":"","overlay-color":"","overlay-opacity":"","overlay-gradient":""},"tablet":{"background-color":"","background-image":"","background-repeat":"repeat","background-position":"center center","background-size":"auto","background-attachment":"scroll","background-type":"","background-media":"","overlay-type":"","overlay-color":"","overlay-opacity":"","overlay-gradient":""},"mobile":{"background-color":"","background-image":"","background-repeat":"repeat","background-position":"center center","background-size":"auto","background-attachment":"scroll","background-type":"","background-media":"","overlay-type":"","overlay-color":"","overlay-opacity":"","overlay-gradient":""}},"ast-content-background-meta":{"desktop":{"background-color":"var(--ast-global-color-5)","background-image":"","background-repeat":"repeat","background-position":"center center","background-size":"auto","background-attachment":"scroll","background-type":"","background-media":"","overlay-type":"","overlay-color":"","overlay-opacity":"","overlay-gradient":""},"tablet":{"background-color":"var(--ast-global-color-5)","background-image":"","background-repeat":"repeat","background-position":"center center","background-size":"auto","background-attachment":"scroll","background-type":"","background-media":"","overlay-type":"","overlay-color":"","overlay-opacity":"","overlay-gradient":""},"mobile":{"background-color":"var(--ast-global-color-5)","background-image":"","background-repeat":"repeat","background-position":"center center","background-size":"auto","background-attachment":"scroll","background-type":"","background-media":"","overlay-type":"","overlay-color":"","overlay-opacity":"","overlay-gradient":""}},"footnotes":""},"class_list":["post-2392","page","type-page","status-publish","hentry"],"_links":{"self":[{"href":"https:\/\/www.cexa.com.co\/index.php?rest_route=\/wp\/v2\/pages\/2392","targetHints":{"allow":["GET"]}}],"collection":[{"href":"https:\/\/www.cexa.com.co\/index.php?rest_route=\/wp\/v2\/pages"}],"about":[{"href":"https:\/\/www.cexa.com.co\/index.php?rest_route=\/wp\/v2\/types\/page"}],"author":[{"embeddable":true,"href":"https:\/\/www.cexa.com.co\/index.php?rest_route=\/wp\/v2\/users\/11"}],"replies":[{"embeddable":true,"href":"https:\/\/www.cexa.com.co\/index.php?rest_route=%2Fwp%2Fv2%2Fcomments&post=2392"}],"version-history":[{"count":4,"href":"https:\/\/www.cexa.com.co\/index.php?rest_route=\/wp\/v2\/pages\/2392\/revisions"}],"predecessor-version":[{"id":2633,"href":"https:\/\/www.cexa.com.co\/index.php?rest_route=\/wp\/v2\/pages\/2392\/revisions\/2633"}],"up":[{"embeddable":true,"href":"https:\/\/www.cexa.com.co\/index.php?rest_route=\/wp\/v2\/pages\/461"}],"wp:attachment":[{"href":"https:\/\/www.cexa.com.co\/index.php?rest_route=%2Fwp%2Fv2%2Fmedia&parent=2392"}],"curies":[{"name":"wp","href":"https:\/\/api.w.org\/{rel}","templated":true}]}}