{"id":2424,"date":"2022-02-15T18:34:38","date_gmt":"2022-02-15T18:34:38","guid":{"rendered":"https:\/\/www.cexa.com.co\/?page_id=2424"},"modified":"2022-02-15T19:12:04","modified_gmt":"2022-02-15T19:12:04","slug":"informacion-institucional-inamex","status":"publish","type":"page","link":"https:\/\/www.cexa.com.co\/?page_id=2424","title":{"rendered":"Informaci\u00f3n Institucional"},"content":{"rendered":"<p><strong><u>Informaci\u00f3n Institucional<\/u><\/strong><\/p>\n<p>INTERAMERICANA DE AGUAS DE MEXICO S.A. DE C.V., es una sociedad an\u00f3nima de capital variable, constituida el 06 de agosto de 2003 y existente de conformidad con las leyes Mexicanas.<\/p>\n<p>En la actualidad INAMEX tiene participaci\u00f3n directa en la empresa mexicana Mexaqua S.A. de C.V. cuya actividad principal es la prestaci\u00f3n de los servicios p\u00fablicos de acueducto, alcantarillado, aseo y el manejo del recurso h\u00eddrico, as\u00ed como de actividades conexas y complementarias a aquellos.<\/p>\n<p>Empresas participadas:<\/p>\n<p>&nbsp;<\/p>\n<table width=\"576\">\n<tbody>\n<tr>\n<td width=\"378\"><strong>Empresa<\/strong><\/td>\n<td width=\"198\"><strong>% Participaci\u00f3n<\/strong><\/td>\n<\/tr>\n<tr>\n<td width=\"378\">MEXAQUA S.A. de C.V.<\/td>\n<td width=\"198\">76,53%<\/td>\n<\/tr>\n<\/tbody>\n<\/table>\n","protected":false},"excerpt":{"rendered":"<p>Informaci\u00f3n Institucional INTERAMERICANA DE AGUAS DE MEXICO S.A. DE C.V., es una sociedad an\u00f3nima de capital variable, constituida el 06 de agosto de 2003 y existente de conformidad con las leyes Mexicanas. En la actualidad INAMEX tiene participaci\u00f3n directa en la empresa mexicana Mexaqua S.A. de C.V. cuya actividad principal es la prestaci\u00f3n de los [&hellip;]<\/p>\n","protected":false},"author":11,"featured_media":0,"parent":2134,"menu_order":0,"comment_status":"closed","ping_status":"closed","template":"","meta":{"site-sidebar-layout":"default","site-content-layout":"","ast-site-content-layout":"","site-content-style":"default","site-sidebar-style":"default","ast-global-header-display":"","ast-banner-title-visibility":"","ast-main-header-display":"","ast-hfb-above-header-display":"","ast-hfb-below-header-display":"","ast-hfb-mobile-header-display":"","site-post-title":"","ast-breadcrumbs-content":"","ast-featured-img":"","footer-sml-layout":"","theme-transparent-header-meta":"","adv-header-id-meta":"","stick-header-meta":"","header-above-stick-meta":"","header-main-stick-meta":"","header-below-stick-meta":"","astra-migrate-meta-layouts":"default","ast-page-background-enabled":"default","ast-page-background-meta":{"desktop":{"background-color":"var(--ast-global-color-4)","background-image":"","background-repeat":"repeat","background-position":"center center","background-size":"auto","background-attachment":"scroll","background-type":"","background-media":"","overlay-type":"","overlay-color":"","overlay-opacity":"","overlay-gradient":""},"tablet":{"background-color":"","background-image":"","background-repeat":"repeat","background-position":"center center","background-size":"auto","background-attachment":"scroll","background-type":"","background-media":"","overlay-type":"","overlay-color":"","overlay-opacity":"","overlay-gradient":""},"mobile":{"background-color":"","background-image":"","background-repeat":"repeat","background-position":"center center","background-size":"auto","background-attachment":"scroll","background-type":"","background-media":"","overlay-type":"","overlay-color":"","overlay-opacity":"","overlay-gradient":""}},"ast-content-background-meta":{"desktop":{"background-color":"var(--ast-global-color-5)","background-image":"","background-repeat":"repeat","background-position":"center center","background-size":"auto","background-attachment":"scroll","background-type":"","background-media":"","overlay-type":"","overlay-color":"","overlay-opacity":"","overlay-gradient":""},"tablet":{"background-color":"var(--ast-global-color-5)","background-image":"","background-repeat":"repeat","background-position":"center center","background-size":"auto","background-attachment":"scroll","background-type":"","background-media":"","overlay-type":"","overlay-color":"","overlay-opacity":"","overlay-gradient":""},"mobile":{"background-color":"var(--ast-global-color-5)","background-image":"","background-repeat":"repeat","background-position":"center center","background-size":"auto","background-attachment":"scroll","background-type":"","background-media":"","overlay-type":"","overlay-color":"","overlay-opacity":"","overlay-gradient":""}},"footnotes":""},"class_list":["post-2424","page","type-page","status-publish","hentry"],"_links":{"self":[{"href":"https:\/\/www.cexa.com.co\/index.php?rest_route=\/wp\/v2\/pages\/2424","targetHints":{"allow":["GET"]}}],"collection":[{"href":"https:\/\/www.cexa.com.co\/index.php?rest_route=\/wp\/v2\/pages"}],"about":[{"href":"https:\/\/www.cexa.com.co\/index.php?rest_route=\/wp\/v2\/types\/page"}],"author":[{"embeddable":true,"href":"https:\/\/www.cexa.com.co\/index.php?rest_route=\/wp\/v2\/users\/11"}],"replies":[{"embeddable":true,"href":"https:\/\/www.cexa.com.co\/index.php?rest_route=%2Fwp%2Fv2%2Fcomments&post=2424"}],"version-history":[{"count":2,"href":"https:\/\/www.cexa.com.co\/index.php?rest_route=\/wp\/v2\/pages\/2424\/revisions"}],"predecessor-version":[{"id":2433,"href":"https:\/\/www.cexa.com.co\/index.php?rest_route=\/wp\/v2\/pages\/2424\/revisions\/2433"}],"up":[{"embeddable":true,"href":"https:\/\/www.cexa.com.co\/index.php?rest_route=\/wp\/v2\/pages\/2134"}],"wp:attachment":[{"href":"https:\/\/www.cexa.com.co\/index.php?rest_route=%2Fwp%2Fv2%2Fmedia&parent=2424"}],"curies":[{"name":"wp","href":"https:\/\/api.w.org\/{rel}","templated":true}]}}