{"id":2515,"date":"2023-08-02T18:59:25","date_gmt":"2023-08-02T18:59:25","guid":{"rendered":"https:\/\/www.cexa.com.co\/?page_id=2515"},"modified":"2023-11-24T15:55:06","modified_gmt":"2023-11-24T15:55:06","slug":"inicio","status":"publish","type":"page","link":"https:\/\/www.cexa.com.co\/","title":{"rendered":"Inicio"},"content":{"rendered":"\t\t<div data-elementor-type=\"wp-page\" data-elementor-id=\"2515\" class=\"elementor elementor-2515\">\n\t\t\t\t\t\t<section class=\"elementor-section elementor-top-section elementor-element elementor-element-875ef92 elementor-section-full_width elementor-section-height-default elementor-section-height-default\" data-id=\"875ef92\" data-element_type=\"section\">\n\t\t\t\t\t\t<div class=\"elementor-container elementor-column-gap-no\">\n\t\t\t\t\t<div class=\"elementor-column elementor-col-100 elementor-top-column elementor-element elementor-element-b1359b2\" data-id=\"b1359b2\" data-element_type=\"column\">\n\t\t\t<div class=\"elementor-widget-wrap elementor-element-populated\">\n\t\t\t\t\t\t<div class=\"elementor-element elementor-element-7a3a5c4 elementor-arrows-position-inside elementor-widget elementor-widget-image-carousel\" data-id=\"7a3a5c4\" data-element_type=\"widget\" data-settings=\"{&quot;slides_to_show&quot;:&quot;1&quot;,&quot;navigation&quot;:&quot;arrows&quot;,&quot;autoplay&quot;:&quot;yes&quot;,&quot;pause_on_hover&quot;:&quot;yes&quot;,&quot;pause_on_interaction&quot;:&quot;yes&quot;,&quot;autoplay_speed&quot;:5000,&quot;infinite&quot;:&quot;yes&quot;,&quot;effect&quot;:&quot;slide&quot;,&quot;speed&quot;:500}\" data-widget_type=\"image-carousel.default\">\n\t\t\t\t<div class=\"elementor-widget-container\">\n\t\t\t\t\t\t\t<div class=\"elementor-image-carousel-wrapper swiper\" role=\"region\" aria-roledescription=\"carousel\" aria-label=\"Carrusel de im\u00e1genes\" dir=\"ltr\">\n\t\t\t<div class=\"elementor-image-carousel swiper-wrapper swiper-image-stretch\" aria-live=\"off\">\n\t\t\t\t\t\t\t\t<div class=\"swiper-slide\" role=\"group\" aria-roledescription=\"slide\" aria-label=\"1 de 2\"><figure class=\"swiper-slide-inner\"><img decoding=\"async\" class=\"swiper-slide-image\" src=\"https:\/\/www.cexa.com.co\/wp-content\/uploads\/2022\/03\/001-hormigas-nuevo-1.png\" alt=\"001-hormigas-nuevo\" \/><\/figure><\/div><div class=\"swiper-slide\" role=\"group\" aria-roledescription=\"slide\" aria-label=\"2 de 2\"><figure class=\"swiper-slide-inner\"><img decoding=\"async\" class=\"swiper-slide-image\" src=\"https:\/\/www.cexa.com.co\/wp-content\/uploads\/2021\/09\/006-asaa.png\" alt=\"006 asaa\" \/><\/figure><\/div>\t\t\t<\/div>\n\t\t\t\t\t\t\t\t\t\t\t\t<div class=\"elementor-swiper-button elementor-swiper-button-prev\" role=\"button\" tabindex=\"0\">\n\t\t\t\t\t\t<i aria-hidden=\"true\" class=\"eicon-chevron-left\"><\/i>\t\t\t\t\t<\/div>\n\t\t\t\t\t<div class=\"elementor-swiper-button elementor-swiper-button-next\" role=\"button\" tabindex=\"0\">\n\t\t\t\t\t\t<i aria-hidden=\"true\" class=\"eicon-chevron-right\"><\/i>\t\t\t\t\t<\/div>\n\t\t\t\t\n\t\t\t\t\t\t\t\t\t<\/div>\n\t\t\t\t\t\t<\/div>\n\t\t\t\t<\/div>\n\t\t\t\t\t<\/div>\n\t\t<\/div>\n\t\t\t\t\t<\/div>\n\t\t<\/section>\n\t\t\t\t<section class=\"elementor-section elementor-top-section elementor-element elementor-element-c17bb12 elementor-section-boxed elementor-section-height-default elementor-section-height-default\" data-id=\"c17bb12\" data-element_type=\"section\" data-settings=\"{&quot;background_background&quot;:&quot;classic&quot;}\">\n\t\t\t\t\t\t\t<div class=\"elementor-background-overlay\"><\/div>\n\t\t\t\t\t\t\t<div class=\"elementor-container elementor-column-gap-default\">\n\t\t\t\t\t<div class=\"elementor-column elementor-col-100 elementor-top-column elementor-element elementor-element-7412c0b\" data-id=\"7412c0b\" data-element_type=\"column\">\n\t\t\t<div class=\"elementor-widget-wrap elementor-element-populated\">\n\t\t\t\t\t\t<div class=\"elementor-element elementor-element-88b2552 elementor-align-center elementor-widget elementor-widget-button\" data-id=\"88b2552\" data-element_type=\"widget\" data-widget_type=\"button.default\">\n\t\t\t\t<div class=\"elementor-widget-container\">\n\t\t\t\t\t\t\t\t\t<div class=\"elementor-button-wrapper\">\n\t\t\t\t\t<a class=\"elementor-button elementor-button-link elementor-size-sm\" href=\"https:\/\/www.cexa.com.co\/?page_id=445\">\n\t\t\t\t\t\t<span class=\"elementor-button-content-wrapper\">\n\t\t\t\t\t\t\t\t\t<span class=\"elementor-button-text\">Ver V\u00eddeo Institucional<\/span>\n\t\t\t\t\t<\/span>\n\t\t\t\t\t<\/a>\n\t\t\t\t<\/div>\n\t\t\t\t\t\t\t\t<\/div>\n\t\t\t\t<\/div>\n\t\t\t\t\t<\/div>\n\t\t<\/div>\n\t\t\t\t\t<\/div>\n\t\t<\/section>\n\t\t\t\t<section class=\"elementor-section elementor-top-section elementor-element elementor-element-6679201 elementor-section-boxed elementor-section-height-default elementor-section-height-default\" data-id=\"6679201\" data-element_type=\"section\">\n\t\t\t\t\t\t<div class=\"elementor-container elementor-column-gap-default\">\n\t\t\t\t\t<div class=\"elementor-column elementor-col-33 elementor-top-column elementor-element elementor-element-7644845\" data-id=\"7644845\" data-element_type=\"column\">\n\t\t\t<div class=\"elementor-widget-wrap elementor-element-populated\">\n\t\t\t\t\t\t<div class=\"elementor-element elementor-element-46f36c6 elementor-widget elementor-widget-html\" data-id=\"46f36c6\" data-element_type=\"widget\" data-widget_type=\"html.default\">\n\t\t\t\t<div class=\"elementor-widget-container\">\n\t\t\t\t\t<h1>Nuestra Casa Matriz<\/h1>\n<img decoding=\"async\" src=\"\/wp-content\/uploads\/2015\/04\/sala-canal-de-isabel-ii.jpg\" \/>\t\t\t\t<\/div>\n\t\t\t\t<\/div>\n\t\t\t\t\t<\/div>\n\t\t<\/div>\n\t\t\t\t<div class=\"elementor-column elementor-col-66 elementor-top-column elementor-element elementor-element-c13d520\" data-id=\"c13d520\" data-element_type=\"column\">\n\t\t\t<div class=\"elementor-widget-wrap elementor-element-populated\">\n\t\t\t\t\t\t<div class=\"elementor-element elementor-element-75b5025 elementor-widget elementor-widget-html\" data-id=\"75b5025\" data-element_type=\"widget\" data-widget_type=\"html.default\">\n\t\t\t\t<div class=\"elementor-widget-container\">\n\t\t\t\t\t<br>\n<br>\n<br>\n<p align=\"justify\">Canal de Isabel II Gesti\u00f3n acumula m\u00e1s de siglo y medio de experiencia en la gesti\u00f3n del ciclo integral del agua en la Comunidad de Madrid, y en su accionariado participan el Gobierno y los Ayuntamientos de la regi\u00f3n.<\/p>\n<p align=\"justify\">\nLos principios y fundamentos que dieron origen a Canal de Isabel II (creada en 1851, siendo reina de Espa\u00f1a Isabel II) permanecen vigentes, constituyendo la misi\u00f3n de la empresa a d\u00eda de hoy garantizar a todos sus clientes el suministro de agua presente y futuro, en cantidad y en calidad, con la vocaci\u00f3n de satisfacer sus expectativas, contribuyendo activamente a la protecci\u00f3n y mejora del Medio Ambiente, en beneficio de toda la sociedad.\n<\/p>\n<p align=\"justify\">\nLa experiencia acumulada, la incorporaci\u00f3n de la tecnolog\u00eda m\u00e1s moderna a sus procesos productivos, de control y de gesti\u00f3n, as\u00ed como sus profesionales altamente cualificados y eficientes, han convertido a Canal de Isabel II Gesti\u00f3n en empresa l\u00edder en su sector a escala internacional.\n<\/p>\n<p align=\"justify\">\nEl Grupo Canal aporta valor en el sector del agua en \u00e1mbitos geogr\u00e1ficos diferentes, mediante la realizaci\u00f3n de una gesti\u00f3n sostenible del agua como recurso limitado, optimizando su uso para abastecimiento y compatibiliz\u00e1ndolo siempre con otros intereses sociales, econ\u00f3micos y medioambientales. https:\/\/www.canaldeisabelsegunda.es<\/p>\t\t\t\t<\/div>\n\t\t\t\t<\/div>\n\t\t\t\t\t<\/div>\n\t\t<\/div>\n\t\t\t\t\t<\/div>\n\t\t<\/section>\n\t\t\t\t<section class=\"elementor-section elementor-top-section elementor-element elementor-element-11c0fc7 elementor-section-boxed elementor-section-height-default elementor-section-height-default\" data-id=\"11c0fc7\" data-element_type=\"section\">\n\t\t\t\t\t\t<div class=\"elementor-container elementor-column-gap-default\">\n\t\t\t\t\t<div class=\"elementor-column elementor-col-25 elementor-top-column elementor-element elementor-element-3ca0433\" data-id=\"3ca0433\" data-element_type=\"column\">\n\t\t\t<div class=\"elementor-widget-wrap elementor-element-populated\">\n\t\t\t\t\t\t<div class=\"elementor-element elementor-element-317b5c7 elementor-widget elementor-widget-html\" data-id=\"317b5c7\" data-element_type=\"widget\" data-widget_type=\"html.default\">\n\t\t\t\t<div class=\"elementor-widget-container\">\n\t\t\t\t\t<style>\n.imagen:hover {filter: blur(5px);}\n<\/style>\n<a href=\".\/?page_id=58\"><img decoding=\"async\" src=\".\/wp-content\/uploads\/2015\/04\/Video-institucional-Grupo-Inassa-2015-161-350x245.jpg\" class=\"imagen\" \/><\/a>\n<br>\n<br>\n<a href=\".\/?page_id=58\"><h2>Consultor\u00eda y Formaci\u00f3n<\/h2><\/a>\n\n<p align=\"justify\">\n    El conocimiento del sector, la metodolog\u00eda espec\u00edfica, la tecnolog\u00eda propia y la experiencia de las personas son los pilares en los que se sustentan las soluciones de outsourcing de procesos de negocios. El Grupo Canal Extensia America ofrece un modelo inno...\n<\/p>\t\t\t\t<\/div>\n\t\t\t\t<\/div>\n\t\t\t\t\t<\/div>\n\t\t<\/div>\n\t\t\t\t<div class=\"elementor-column elementor-col-25 elementor-top-column elementor-element elementor-element-aa18171\" data-id=\"aa18171\" data-element_type=\"column\">\n\t\t\t<div class=\"elementor-widget-wrap elementor-element-populated\">\n\t\t\t\t\t\t<div class=\"elementor-element elementor-element-5ab5a22 elementor-widget elementor-widget-html\" data-id=\"5ab5a22\" data-element_type=\"widget\" data-widget_type=\"html.default\">\n\t\t\t\t<div class=\"elementor-widget-container\">\n\t\t\t\t\t<a href=\".\/?page_id=61\"><img decoding=\"async\" src=\"\/wp-content\/uploads\/2015\/04\/Presa-de-Pedrezuela-350x245.jpg\" class=\"imagen\" \/><\/a>\n<br>\n<br>\n<a href=\".\/?page_id=61\"><h2>Gesti\u00f3n Ciclo Integral del Agua<\/h2><\/a>\n\n<p align=\"justify\">\n    La gesti\u00f3n coordinada y planificada del agua, el suelo y los recursos relacionados a fin de optimizar los beneficios econ\u00f3micos y el bienestar social sin comprometer la sostenibilidad de los ecosistemas, forman parte inseparable del modo en que las empresas de...\n<\/p>\t\t\t\t<\/div>\n\t\t\t\t<\/div>\n\t\t\t\t\t<\/div>\n\t\t<\/div>\n\t\t\t\t<div class=\"elementor-column elementor-col-25 elementor-top-column elementor-element elementor-element-fa0e69d\" data-id=\"fa0e69d\" data-element_type=\"column\">\n\t\t\t<div class=\"elementor-widget-wrap elementor-element-populated\">\n\t\t\t\t\t\t<div class=\"elementor-element elementor-element-eb5b660 elementor-widget elementor-widget-html\" data-id=\"eb5b660\" data-element_type=\"widget\" data-widget_type=\"html.default\">\n\t\t\t\t<div class=\"elementor-widget-container\">\n\t\t\t\t\t<a href=\".\/?page_id=67\"><img decoding=\"async\" src=\".\/wp-content\/uploads\/2021\/09\/construction-site-350x245.jpg\" class=\"imagen\" \/><\/a>\n\n<br>\n<br>\n<a href=\".\/?page_id=67\"><h2>Dise\u00f1o e Interventor\u00ed\u00ada de Obras<\/h2><\/a>\n\n<p align=\"justify\">\n    El grupo Canal Extensia America, sumado a la amplia gama de servicios que presta, realiza el dise\u00f1o, modelaci\u00f3n e interventor\u00eda de toda clase de obras relacionadas con el ciclo integral del agua, con el fin de garantizar un funcionamiento \u00f3ptimo de las redes d...\n<\/p>\t\t\t\t<\/div>\n\t\t\t\t<\/div>\n\t\t\t\t\t<\/div>\n\t\t<\/div>\n\t\t\t\t<div class=\"elementor-column elementor-col-25 elementor-top-column elementor-element elementor-element-b35b645\" data-id=\"b35b645\" data-element_type=\"column\">\n\t\t\t<div class=\"elementor-widget-wrap elementor-element-populated\">\n\t\t\t\t\t\t<div class=\"elementor-element elementor-element-1680094 elementor-widget elementor-widget-html\" data-id=\"1680094\" data-element_type=\"widget\" data-widget_type=\"html.default\">\n\t\t\t\t<div class=\"elementor-widget-container\">\n\t\t\t\t\t<a href=\".\/?page_id=69\"><img decoding=\"async\" src=\".\/wp-content\/uploads\/2015\/04\/foto2-page-001-350x245.jpg\" class=\"imagen\" \/><\/a>\n<br>\n<br>\n<a href=\".\/?page_id=69\"><h2>Consultor\u00eda y Formaci\u00f3n<\/h2><\/a>\n\n<p align=\"justify\">\n    Proveemos a clientes del sector p\u00fablico y privado soluciones innovadoras y de avanzada tecnolog\u00eda que facilitan la captura de valor y rentabilizaci\u00f3n de proyectos tanto de nuestros clientes, como de nuestros socios comerciales. Poseemos las estrategias, las he...\n<\/p>\t\t\t\t<\/div>\n\t\t\t\t<\/div>\n\t\t\t\t\t<\/div>\n\t\t<\/div>\n\t\t\t\t\t<\/div>\n\t\t<\/section>\n\t\t\t\t<section class=\"elementor-section elementor-top-section elementor-element elementor-element-aa95533 elementor-section-boxed elementor-section-height-default elementor-section-height-default\" data-id=\"aa95533\" data-element_type=\"section\" data-settings=\"{&quot;background_background&quot;:&quot;classic&quot;}\">\n\t\t\t\t\t\t<div class=\"elementor-container elementor-column-gap-default\">\n\t\t\t\t\t<div class=\"elementor-column elementor-col-33 elementor-top-column elementor-element elementor-element-bb6518c\" data-id=\"bb6518c\" data-element_type=\"column\">\n\t\t\t<div class=\"elementor-widget-wrap elementor-element-populated\">\n\t\t\t\t\t\t<div class=\"elementor-element elementor-element-aaa959a elementor-widget elementor-widget-html\" data-id=\"aaa959a\" data-element_type=\"widget\" data-widget_type=\"html.default\">\n\t\t\t\t<div class=\"elementor-widget-container\">\n\t\t\t\t\t<br>\n<h2 style=\"color: white;\">Canal Extensia Am\u00e9rica Recibe Distintivo en Conciliacion<\/h2>\n\n<a href=\".\/wp-content\/uploads\/2021\/01\/Inassa-recibi\u00f3-el-Distintivo-en-Conciliaci\u00f3n-como-Empresa-Familiarmente-Responsable-2_compressed.pdf\"><img decoding=\"async\" src=\"\/wp-content\/uploads\/2021\/01\/logoefr.png\"  class=\"imagen\" \/><\/a>\t\t\t\t<\/div>\n\t\t\t\t<\/div>\n\t\t\t\t\t<\/div>\n\t\t<\/div>\n\t\t\t\t<div class=\"elementor-column elementor-col-33 elementor-top-column elementor-element elementor-element-9e453ee\" data-id=\"9e453ee\" data-element_type=\"column\">\n\t\t\t<div class=\"elementor-widget-wrap elementor-element-populated\">\n\t\t\t\t\t\t<div class=\"elementor-element elementor-element-543e725 elementor-widget elementor-widget-html\" data-id=\"543e725\" data-element_type=\"widget\" data-widget_type=\"html.default\">\n\t\t\t\t<div class=\"elementor-widget-container\">\n\t\t\t\t\t<br><h2 style=\"color: white;\">Zona multimedia<\/h2>\n<br>\n<a href=\".\/?page_id=445\"><img decoding=\"async\" src=\".\/wp-content\/uploads\/2015\/08\/videoss-e1440796424240.png\" class=\"imagen\" \/><\/a>\t\t\t\t<\/div>\n\t\t\t\t<\/div>\n\t\t\t\t\t<\/div>\n\t\t<\/div>\n\t\t\t\t<div class=\"elementor-column elementor-col-33 elementor-top-column elementor-element elementor-element-b68a3f0\" data-id=\"b68a3f0\" data-element_type=\"column\">\n\t\t\t<div class=\"elementor-widget-wrap elementor-element-populated\">\n\t\t\t\t\t\t<div class=\"elementor-element elementor-element-f1f8717 elementor-widget elementor-widget-html\" data-id=\"f1f8717\" data-element_type=\"widget\" data-widget_type=\"html.default\">\n\t\t\t\t<div class=\"elementor-widget-container\">\n\t\t\t\t\t<br>\n<h2 style=\"color: white;\">Informaci\u00f3n de Contacto<\/h2>\n<br>\n<ul style=\"color: white; list-style: none;\">\n \t<li><i class=\"fa fa-phone\"><\/i> +57 605 3605739<\/li>\n \t<li><i class=\"fa fa-envelope-o\"><\/i> info@cexa.com.co<\/li>\n \t<li><i class=\"fa fa-globe\"><\/i> www.cexa.com.co<\/li>\n \t<li><i class=\"fa fa-map-marker\"><\/i> Carrera 54 No 72-142 Piso 6 Barranquilla, Atl\u00e1ntico, CO<\/li>\n \t<li><i class=\"fa fa-clock-o\"><\/i> 08:00 A.M - 06:00 P.M<\/li>\n<\/ul>\n<iframe style=\"border: 0;\" src=\"https:\/\/www.google.com\/maps\/embed?pb=!1m18!1m12!1m3!1d3916.511357126821!2d-74.80487412605187!3d11.000207955028394!2m3!1f0!2f0!3f0!3m2!1i1024!2i768!4f13.1!3m3!1m2!1s0x8ef42d7560f77c17%3A0x5ffdd9302c2f8f30!2sAm%C3%A9rika%20Tecnolog%C3%ADas%20de%20la%20Informaci%C3%B3n!5e0!3m2!1ses!2sus!4v1689718787260!5m2!1ses!2sus\" width=\"150\" height=\"150\" allowfullscreen=\"allowfullscreen\"><\/iframe>\t\t\t\t<\/div>\n\t\t\t\t<\/div>\n\t\t\t\t\t<\/div>\n\t\t<\/div>\n\t\t\t\t\t<\/div>\n\t\t<\/section>\n\t\t\t\t<\/div>\n\t\t","protected":false},"excerpt":{"rendered":"<p>Ver V\u00eddeo Institucional Nuestra Casa Matriz Canal de Isabel II Gesti\u00f3n acumula m\u00e1s de siglo y medio de experiencia en la gesti\u00f3n del ciclo integral del agua en la Comunidad de Madrid, y en su accionariado participan el Gobierno y los Ayuntamientos de la regi\u00f3n. Los principios y fundamentos que dieron origen a Canal de [&hellip;]<\/p>\n","protected":false},"author":6,"featured_media":0,"parent":0,"menu_order":0,"comment_status":"closed","ping_status":"closed","template":"","meta":{"site-sidebar-layout":"no-sidebar","site-content-layout":"page-builder","ast-site-content-layout":"","site-content-style":"default","site-sidebar-style":"default","ast-global-header-display":"","ast-banner-title-visibility":"","ast-main-header-display":"","ast-hfb-above-header-display":"","ast-hfb-below-header-display":"","ast-hfb-mobile-header-display":"","site-post-title":"disabled","ast-breadcrumbs-content":"","ast-featured-img":"disabled","footer-sml-layout":"","theme-transparent-header-meta":"default","adv-header-id-meta":"","stick-header-meta":"","header-above-stick-meta":"","header-main-stick-meta":"","header-below-stick-meta":"","astra-migrate-meta-layouts":"default","ast-page-background-enabled":"default","ast-page-background-meta":{"desktop":{"background-color":"var(--ast-global-color-4)","background-image":"","background-repeat":"repeat","background-position":"center center","background-size":"auto","background-attachment":"scroll","background-type":"","background-media":"","overlay-type":"","overlay-color":"","overlay-opacity":"","overlay-gradient":""},"tablet":{"background-color":"","background-image":"","background-repeat":"repeat","background-position":"center center","background-size":"auto","background-attachment":"scroll","background-type":"","background-media":"","overlay-type":"","overlay-color":"","overlay-opacity":"","overlay-gradient":""},"mobile":{"background-color":"","background-image":"","background-repeat":"repeat","background-position":"center center","background-size":"auto","background-attachment":"scroll","background-type":"","background-media":"","overlay-type":"","overlay-color":"","overlay-opacity":"","overlay-gradient":""}},"ast-content-background-meta":{"desktop":{"background-color":"var(--ast-global-color-5)","background-image":"","background-repeat":"repeat","background-position":"center center","background-size":"auto","background-attachment":"scroll","background-type":"","background-media":"","overlay-type":"","overlay-color":"","overlay-opacity":"","overlay-gradient":""},"tablet":{"background-color":"var(--ast-global-color-5)","background-image":"","background-repeat":"repeat","background-position":"center center","background-size":"auto","background-attachment":"scroll","background-type":"","background-media":"","overlay-type":"","overlay-color":"","overlay-opacity":"","overlay-gradient":""},"mobile":{"background-color":"var(--ast-global-color-5)","background-image":"","background-repeat":"repeat","background-position":"center center","background-size":"auto","background-attachment":"scroll","background-type":"","background-media":"","overlay-type":"","overlay-color":"","overlay-opacity":"","overlay-gradient":""}},"footnotes":""},"class_list":["post-2515","page","type-page","status-publish","hentry"],"_links":{"self":[{"href":"https:\/\/www.cexa.com.co\/index.php?rest_route=\/wp\/v2\/pages\/2515","targetHints":{"allow":["GET"]}}],"collection":[{"href":"https:\/\/www.cexa.com.co\/index.php?rest_route=\/wp\/v2\/pages"}],"about":[{"href":"https:\/\/www.cexa.com.co\/index.php?rest_route=\/wp\/v2\/types\/page"}],"author":[{"embeddable":true,"href":"https:\/\/www.cexa.com.co\/index.php?rest_route=\/wp\/v2\/users\/6"}],"replies":[{"embeddable":true,"href":"https:\/\/www.cexa.com.co\/index.php?rest_route=%2Fwp%2Fv2%2Fcomments&post=2515"}],"version-history":[{"count":62,"href":"https:\/\/www.cexa.com.co\/index.php?rest_route=\/wp\/v2\/pages\/2515\/revisions"}],"predecessor-version":[{"id":2615,"href":"https:\/\/www.cexa.com.co\/index.php?rest_route=\/wp\/v2\/pages\/2515\/revisions\/2615"}],"wp:attachment":[{"href":"https:\/\/www.cexa.com.co\/index.php?rest_route=%2Fwp%2Fv2%2Fmedia&parent=2515"}],"curies":[{"name":"wp","href":"https:\/\/api.w.org\/{rel}","templated":true}]}}