{"id":36,"date":"2015-04-02T03:47:11","date_gmt":"2015-04-02T03:47:11","guid":{"rendered":"http:\/\/www.cexa.com.co\/?page_id=36"},"modified":"2022-03-18T23:10:45","modified_gmt":"2022-03-18T23:10:45","slug":"mision-vision-y-valores","status":"publish","type":"page","link":"https:\/\/www.cexa.com.co\/?page_id=36","title":{"rendered":"Misi\u00f3n, Visi\u00f3n y Valores"},"content":{"rendered":"<h2>Misi\u00f3n<\/h2>\n<p>Gestionamos el desarrollo empresarial sostenible para transformar comunidades y generar valor con eficiencia, compromiso social y ambiental.<\/p>\n<h2>Visi\u00f3n<\/h2>\n<p>Ser un grupo empresarial l\u00edder en la producci\u00f3n de soluciones eficaces y sostenibles para la prestaci\u00f3n de servicios relacionados con el ciclo integral del agua.<\/p>\n<h2>Pol\u00edtica de Calidad<\/h2>\n<p>Nuestro compromiso con el desarrollo de nuestro talento humano, la mejora continua del sistema de gesti\u00f3n de calidad, el cumplimiento de los requisitos aplicables y la responsabilidad social son los pilares que soportan nuestra gesti\u00f3n para satisfacer las necesidades de los clientes y generar valor a nuestros grupos de inter\u00e9s.<\/p>\n<h2>Valores<\/h2>\n<ul>\n<li><b>Compromiso:<\/b> Concentramos nuestros esfuerzos en satisfacer las necesidades de nuestros grupos de inter\u00e9s.<\/li>\n<li><b>Respeto:<\/b> Somos tolerantes a la diversidad y procuramos mantener la armon\u00eda en nuestras relaciones.<\/li>\n<li><b>Innovaci\u00f3n:<\/b> Mantenemos una actitud creativa para mejorar nuestros productos, procesos y servicios.<\/li>\n<li><b>Transparencia:<\/b> Actuamos congruentemente con los principios de \u00e9tica empresarial.<\/li>\n<\/ul>\n<p>&nbsp;<\/p>\n","protected":false},"excerpt":{"rendered":"<p>Misi\u00f3n Gestionamos el desarrollo empresarial sostenible para transformar comunidades y generar valor con eficiencia, compromiso social y ambiental. Visi\u00f3n Ser un grupo empresarial l\u00edder en la producci\u00f3n de soluciones eficaces y sostenibles para la prestaci\u00f3n de servicios relacionados con el ciclo integral del agua. Pol\u00edtica de Calidad Nuestro compromiso con el desarrollo de nuestro talento [&hellip;]<\/p>\n","protected":false},"author":1,"featured_media":0,"parent":1781,"menu_order":0,"comment_status":"closed","ping_status":"open","template":"","meta":{"site-sidebar-layout":"default","site-content-layout":"","ast-site-content-layout":"","site-content-style":"default","site-sidebar-style":"default","ast-global-header-display":"","ast-banner-title-visibility":"","ast-main-header-display":"","ast-hfb-above-header-display":"","ast-hfb-below-header-display":"","ast-hfb-mobile-header-display":"","site-post-title":"","ast-breadcrumbs-content":"","ast-featured-img":"","footer-sml-layout":"","theme-transparent-header-meta":"","adv-header-id-meta":"","stick-header-meta":"","header-above-stick-meta":"","header-main-stick-meta":"","header-below-stick-meta":"","astra-migrate-meta-layouts":"default","ast-page-background-enabled":"default","ast-page-background-meta":{"desktop":{"background-color":"var(--ast-global-color-4)","background-image":"","background-repeat":"repeat","background-position":"center center","background-size":"auto","background-attachment":"scroll","background-type":"","background-media":"","overlay-type":"","overlay-color":"","overlay-opacity":"","overlay-gradient":""},"tablet":{"background-color":"","background-image":"","background-repeat":"repeat","background-position":"center center","background-size":"auto","background-attachment":"scroll","background-type":"","background-media":"","overlay-type":"","overlay-color":"","overlay-opacity":"","overlay-gradient":""},"mobile":{"background-color":"","background-image":"","background-repeat":"repeat","background-position":"center center","background-size":"auto","background-attachment":"scroll","background-type":"","background-media":"","overlay-type":"","overlay-color":"","overlay-opacity":"","overlay-gradient":""}},"ast-content-background-meta":{"desktop":{"background-color":"var(--ast-global-color-5)","background-image":"","background-repeat":"repeat","background-position":"center center","background-size":"auto","background-attachment":"scroll","background-type":"","background-media":"","overlay-type":"","overlay-color":"","overlay-opacity":"","overlay-gradient":""},"tablet":{"background-color":"var(--ast-global-color-5)","background-image":"","background-repeat":"repeat","background-position":"center center","background-size":"auto","background-attachment":"scroll","background-type":"","background-media":"","overlay-type":"","overlay-color":"","overlay-opacity":"","overlay-gradient":""},"mobile":{"background-color":"var(--ast-global-color-5)","background-image":"","background-repeat":"repeat","background-position":"center center","background-size":"auto","background-attachment":"scroll","background-type":"","background-media":"","overlay-type":"","overlay-color":"","overlay-opacity":"","overlay-gradient":""}},"footnotes":""},"class_list":["post-36","page","type-page","status-publish","hentry"],"_links":{"self":[{"href":"https:\/\/www.cexa.com.co\/index.php?rest_route=\/wp\/v2\/pages\/36","targetHints":{"allow":["GET"]}}],"collection":[{"href":"https:\/\/www.cexa.com.co\/index.php?rest_route=\/wp\/v2\/pages"}],"about":[{"href":"https:\/\/www.cexa.com.co\/index.php?rest_route=\/wp\/v2\/types\/page"}],"author":[{"embeddable":true,"href":"https:\/\/www.cexa.com.co\/index.php?rest_route=\/wp\/v2\/users\/1"}],"replies":[{"embeddable":true,"href":"https:\/\/www.cexa.com.co\/index.php?rest_route=%2Fwp%2Fv2%2Fcomments&post=36"}],"version-history":[{"count":13,"href":"https:\/\/www.cexa.com.co\/index.php?rest_route=\/wp\/v2\/pages\/36\/revisions"}],"predecessor-version":[{"id":2497,"href":"https:\/\/www.cexa.com.co\/index.php?rest_route=\/wp\/v2\/pages\/36\/revisions\/2497"}],"up":[{"embeddable":true,"href":"https:\/\/www.cexa.com.co\/index.php?rest_route=\/wp\/v2\/pages\/1781"}],"wp:attachment":[{"href":"https:\/\/www.cexa.com.co\/index.php?rest_route=%2Fwp%2Fv2%2Fmedia&parent=36"}],"curies":[{"name":"wp","href":"https:\/\/api.w.org\/{rel}","templated":true}]}}