{"id":411,"date":"2015-04-15T21:47:05","date_gmt":"2015-04-15T21:47:05","guid":{"rendered":"http:\/\/www.cexa.com.co\/?page_id=411"},"modified":"2022-02-11T20:49:41","modified_gmt":"2022-02-11T20:49:41","slug":"software-amerika","status":"publish","type":"page","link":"https:\/\/www.cexa.com.co\/?page_id=411","title":{"rendered":"Software Amerika"},"content":{"rendered":"<h2>Soluci\u00f3n Integral para Servicios P\u00fablicos de Agua potable, Alcantarillado y Aseo<\/h2>\n<p><b>El Software Amerika<\/b> es un sistema de informaci\u00f3n para empresas de servicios p\u00fablicos, dise\u00f1ado desde el sector.<\/p>\n<p>A trav\u00e9s de nuestra empresa <b>Amerika Tecnolog\u00edas y Servicios S.A.S<\/b>, se comercializa, dise\u00f1a, desarrolla e implanta el <b>Software AMERIKA.<\/b><\/p>\n<p>Todos los m\u00f3dulos se encuentran orientados a soportar de forma integral cada uno de los procesos en las empresas de servicios p\u00fablicos, permitiendo mantener un alto nivel competitivo e innovador en los productos y servicios ofrecidos por la empresa.<\/p>\n<h3>El Software Amerika est\u00e1 compuesto por los siguientes m\u00f3dulos:<\/h3>\n<ul>\n<li><strong>M\u00f3dulo Comercial y t\u00e9cnico:<\/strong> Contempla la gesti\u00f3n de los clientes, desde la infraestructura, atenci\u00f3n a sus solicitudes en el servicio hasta su fidelizaci\u00f3n. Incluye todo el ciclo de vida del cliente durante el consumo del servicio.<\/li>\n<li><strong>M\u00f3dulo Administrativo y Contable:<\/strong> Es un sistema que facilita la gesti\u00f3n administrativa y contable de la empresa. Permite llevar la contabilidad general y presupuestal que garantizan un efectivo control de cada proceso. Soporta las Normas Internacionales de Informaci\u00f3n Financiera NIIF y normas COLGAAP. Adicionalmente integra con el m\u00f3dulo de facturaci\u00f3n electr\u00f3nica para realizar el envi\u00f3 a la DIAN de las facturas de venta generadas, as\u00ed como sus respectivas notas d\u00e9bito y\/o cr\u00e9dito.<\/li>\n<li><strong>M\u00f3dulo de facturaci\u00f3n electr\u00f3nica.\u00a0<\/strong> A trav\u00e9s de este m\u00f3dulo podr\u00e1s gestionar la documentaci\u00f3n electr\u00f3nica en base al nuevo modelo de validaci\u00f3n previa exigido por la DIAN en la Resoluci\u00f3n 000030 del 29 de abril de 2019.<\/li>\n<li><strong>M\u00f3dulo de indicadores Gerenciales:<\/strong> Permite identificar tendencias y apoya la toma de decisiones mediante consultas, reportes y gr\u00e1ficos, los cuales contribuir\u00e1n a definir las estrategias de la organizaci\u00f3n.<\/li>\n<li><strong>APP Clientes:<\/strong>\u00a0 M\u00f3dulos que facilitan a los usuarios del servicio p\u00fablico realizar operaciones como: consulta de facturas, pago en l\u00ednea, reporte de da\u00f1os, actualizar los datos de contacto. Adicionalmente por medio de esta plataforma la empresa puede comunicarse con los usuarios para informarles sobre temas relacionados con la prestaci\u00f3n del servicio. Disponible para android y iOS.<\/li>\n<li><strong>M\u00f3dulo de Movilidad:<\/strong>\u00a0 Administra y gestiona el trabajo en campo desde dispositivos m\u00f3viles para realizar las actividades de toma de lecturas, inspecciones, cortes, reconexiones, instalaci\u00f3n de medidores y mantenimientos preventivos y correctivos de los activos de la empresa. Toda la informaci\u00f3n es transmitida en l\u00ednea, optimizando los procesos comerciales y t\u00e9cnicos para beneficio de los usuarios del servicio<\/li>\n<\/ul>\n<p><img fetchpriority=\"high\" decoding=\"async\" class=\"aligncenter size-full wp-image-1621\" src=\"http:\/\/www.cexa.com.co\/wp-content\/uploads\/2015\/04\/Modulos_amerika.png\" alt=\"Modulos_amerika\" width=\"638\" height=\"434\" srcset=\"https:\/\/www.cexa.com.co\/wp-content\/uploads\/2015\/04\/Modulos_amerika.png 638w, https:\/\/www.cexa.com.co\/wp-content\/uploads\/2015\/04\/Modulos_amerika-300x204.png 300w\" sizes=\"(max-width: 638px) 100vw, 638px\" \/><\/p>\n<p><b>AMERIKA<\/b> ha demostrado a lo largo de los \u00faltimos a\u00f1os ser una soluci\u00f3n de \u00e9xito para las empresas del sector, implantado en m\u00e1s de 40 municipios en siete (7) pa\u00edses de Latinoam\u00e9rica.<\/p>\n<h3>Caracter\u00edsticas:<\/h3>\n<ul>\n<li>Originado de la experiencia del Grupo Empresarial INASSA como operadores en empresas de servicios p\u00fablicos.<\/li>\n<li>Desarrollada para mantener integralmente los procesos comerciales y t\u00e9cnicos para la gesti\u00f3n de los clientes.<\/li>\n<li>Surge como una soluci\u00f3n de fondo ajustadas a las necesidades del sector.<\/li>\n<li>Capitaliza la experiencia en Latinoam\u00e9rica en servicios p\u00fablicos y se enriquece permanentemente de sus clientes.<\/li>\n<li>Fundamentada en las mejores pr\u00e1cticas del Sector.<\/li>\n<li>Especializada para que las empresas de servicios p\u00fablicos alcancen la m\u00e1xima eficiencia en sus diferentes procesos.<\/li>\n<\/ul>\n<p><b>El Software Amerika<\/b> puede ser instalado en la nube. Para esto Amerika T.I. cuenta con un data center privado en la ciudad de Bogot\u00e1 contratado con TIVIT \u2013 SYNAPSIS, ofreciendo una disponibilidad del servicio del 99,10% del Software Amerika incluyendo redundancia a nivel de base de datos y aplicaci\u00f3n.<\/p>\n<p>Actualmente, contamos con tres operaciones en la nube, para nuestros clientes: <strong>Coraapplata en Rep\u00fablica Dominicana, Asaa y Amagua en Ecuador<\/strong>.<\/p>\n<p><a href=\"https:\/\/www.cexa.com.co\/wp-content\/uploads\/2022\/02\/logo_amerika.png\"><img decoding=\"async\" class=\"alignnone size-full wp-image-2355\" src=\"https:\/\/www.cexa.com.co\/wp-content\/uploads\/2022\/02\/logo_amerika.png\" alt=\"\" width=\"211\" height=\"78\" \/><\/a><\/p>\n","protected":false},"excerpt":{"rendered":"<p>Soluci\u00f3n Integral para Servicios P\u00fablicos de Agua potable, Alcantarillado y Aseo El Software Amerika es un sistema de informaci\u00f3n para empresas de servicios p\u00fablicos, dise\u00f1ado desde el sector. A trav\u00e9s de nuestra empresa Amerika Tecnolog\u00edas y Servicios S.A.S, se comercializa, dise\u00f1a, desarrolla e implanta el Software AMERIKA. Todos los m\u00f3dulos se encuentran orientados a soportar [&hellip;]<\/p>\n","protected":false},"author":1,"featured_media":0,"parent":1783,"menu_order":0,"comment_status":"closed","ping_status":"open","template":"","meta":{"site-sidebar-layout":"default","site-content-layout":"","ast-site-content-layout":"","site-content-style":"default","site-sidebar-style":"default","ast-global-header-display":"","ast-banner-title-visibility":"","ast-main-header-display":"","ast-hfb-above-header-display":"","ast-hfb-below-header-display":"","ast-hfb-mobile-header-display":"","site-post-title":"","ast-breadcrumbs-content":"","ast-featured-img":"","footer-sml-layout":"","theme-transparent-header-meta":"","adv-header-id-meta":"","stick-header-meta":"","header-above-stick-meta":"","header-main-stick-meta":"","header-below-stick-meta":"","astra-migrate-meta-layouts":"default","ast-page-background-enabled":"default","ast-page-background-meta":{"desktop":{"background-color":"var(--ast-global-color-4)","background-image":"","background-repeat":"repeat","background-position":"center center","background-size":"auto","background-attachment":"scroll","background-type":"","background-media":"","overlay-type":"","overlay-color":"","overlay-opacity":"","overlay-gradient":""},"tablet":{"background-color":"","background-image":"","background-repeat":"repeat","background-position":"center center","background-size":"auto","background-attachment":"scroll","background-type":"","background-media":"","overlay-type":"","overlay-color":"","overlay-opacity":"","overlay-gradient":""},"mobile":{"background-color":"","background-image":"","background-repeat":"repeat","background-position":"center center","background-size":"auto","background-attachment":"scroll","background-type":"","background-media":"","overlay-type":"","overlay-color":"","overlay-opacity":"","overlay-gradient":""}},"ast-content-background-meta":{"desktop":{"background-color":"var(--ast-global-color-5)","background-image":"","background-repeat":"repeat","background-position":"center center","background-size":"auto","background-attachment":"scroll","background-type":"","background-media":"","overlay-type":"","overlay-color":"","overlay-opacity":"","overlay-gradient":""},"tablet":{"background-color":"var(--ast-global-color-5)","background-image":"","background-repeat":"repeat","background-position":"center center","background-size":"auto","background-attachment":"scroll","background-type":"","background-media":"","overlay-type":"","overlay-color":"","overlay-opacity":"","overlay-gradient":""},"mobile":{"background-color":"var(--ast-global-color-5)","background-image":"","background-repeat":"repeat","background-position":"center center","background-size":"auto","background-attachment":"scroll","background-type":"","background-media":"","overlay-type":"","overlay-color":"","overlay-opacity":"","overlay-gradient":""}},"footnotes":""},"class_list":["post-411","page","type-page","status-publish","hentry"],"_links":{"self":[{"href":"https:\/\/www.cexa.com.co\/index.php?rest_route=\/wp\/v2\/pages\/411","targetHints":{"allow":["GET"]}}],"collection":[{"href":"https:\/\/www.cexa.com.co\/index.php?rest_route=\/wp\/v2\/pages"}],"about":[{"href":"https:\/\/www.cexa.com.co\/index.php?rest_route=\/wp\/v2\/types\/page"}],"author":[{"embeddable":true,"href":"https:\/\/www.cexa.com.co\/index.php?rest_route=\/wp\/v2\/users\/1"}],"replies":[{"embeddable":true,"href":"https:\/\/www.cexa.com.co\/index.php?rest_route=%2Fwp%2Fv2%2Fcomments&post=411"}],"version-history":[{"count":20,"href":"https:\/\/www.cexa.com.co\/index.php?rest_route=\/wp\/v2\/pages\/411\/revisions"}],"predecessor-version":[{"id":2356,"href":"https:\/\/www.cexa.com.co\/index.php?rest_route=\/wp\/v2\/pages\/411\/revisions\/2356"}],"up":[{"embeddable":true,"href":"https:\/\/www.cexa.com.co\/index.php?rest_route=\/wp\/v2\/pages\/1783"}],"wp:attachment":[{"href":"https:\/\/www.cexa.com.co\/index.php?rest_route=%2Fwp%2Fv2%2Fmedia&parent=411"}],"curies":[{"name":"wp","href":"https:\/\/api.w.org\/{rel}","templated":true}]}}