{"id":428,"date":"2015-04-15T22:24:31","date_gmt":"2015-04-15T22:24:31","guid":{"rendered":"http:\/\/www.cexa.com.co\/?page_id=428"},"modified":"2023-10-31T16:21:39","modified_gmt":"2023-10-31T16:21:39","slug":"rsc","status":"publish","type":"page","link":"https:\/\/www.cexa.com.co\/?page_id=428","title":{"rendered":"RSC"},"content":{"rendered":"<h2>Responsabilidad Social Corporativa<\/h2>\n<p>Las empresas del grupo Canal Extensia Am\u00e9rica ejecutan sus acciones en el marco de la Responsabilidad Social, respetando el marco legislativo ambiental de cada pa\u00eds donde actuamos.<br \/>\nNuestro compromiso es el mejoramiento continuo de la gesti\u00f3n ambiental a trav\u00e9s de la optimizaci\u00f3n de los procesos, la innovaci\u00f3n tecnol\u00f3gica, el desarrollo del talento humano y mediante el fomento de una adecuada educaci\u00f3n ambiental.<\/p>\n<p>El Grupo Canal Extensia Am\u00e9rica cuenta con la Fundaci\u00f3n Triple A, que trabaja por alcanzar objetivos medioambientales y, a su vez, contribuir al desarrollo social y humano de las comunidades en las que opera.<\/p>\n<p>Esta es nuestra forma de agradecer y devolver a la sociedad los recursos y confianza recibidos.<\/p>\n<h2>C\u00f3digo de \u00c9tica<\/h2>\n<p>Accede a nuestro c\u00f3digo de \u00e9tica a trav\u00e9s del siguiente link:<\/p>\n<p><a href=\"https:\/\/www.cexa.com.co\/wp-content\/uploads\/2023\/10\/DC-014-CODIGO-DE-ETICA-CANAL-EXTENSIA-AMERICA.pdf\">DC-014 C\u00d3DIGO DE \u00c9TICA CANAL EXTENSIA AMERICA<\/a><\/p>\n<p>Para denuncias, consultas sobre el C\u00f3digo de \u00c9tica o preguntas acerca de dilemas \u00e9ticos, contacte al Comit\u00e9 de \u00c9tica a trav\u00e9s de <a href=\"mailto:linea.etica@cexa.com.co\">linea.etica@cexa.com.co<\/a>.<\/p>\n<h2>Nuestro enfoque y compromisos en RSC<\/h2>\n<p>Nuestro enfoque de la responsabilidad social corporativa se basa en considerar los tres ejes fundamentales que deben centrar nuestro desempe\u00f1o como empresa responsable:<\/p>\n<ul>\n<li>Llevar a cabo de la forma m\u00e1s eficiente posible nuestra misi\u00f3n como prestadores de unos servicios b\u00e1sicos para la sociedad, afrontando los retos y oportunidades futuros: ser una empresa eficiente en la gesti\u00f3n del agua y econ\u00f3micamente solvente.<\/li>\n<li>Potenciar el entorno socioecon\u00f3mico y ambiental en el que desempe\u00f1amos nuestra misi\u00f3n: mejorando d\u00ed\u00ada a d\u00eda nuestro desempe\u00f1o y actuaciones en la gesti\u00f3n medioambiental, fomentando con nuestras actividades el desarrollo econ\u00f3mico de las zonas geogr\u00e1ficas en que realizamos nuestras operaciones y dando respuesta a las demandas e inquietudes de la sociedad que nos rodea.<\/li>\n<li>Responder a las expectativas de los grupos de inter\u00e9s con los que nos relacionamos, especialmente, con aquellos que nos permiten llevar a cabo nuestra misi\u00f3n: nuestros accionistas, nuestros clientes (y usuarios), nuestros proveedores y nuestros empleados.<\/li>\n<\/ul>\n<p>Bas\u00e1ndonos en dicho enfoque, nuestras actuaciones en el \u00e1mbito de la responsabilidad social corporativa del Grupo Canal Extensia Am\u00e9rica buscan retornar al conjunto de la sociedad el producto de sus esfuerzos, m\u00e1s all\u00e1 de la prestaci\u00f3n de un servicio fiable y de calidad, mediante actuaciones concretas en los campos de la educaci\u00f3n, la cultura, el ocio, el deporte, la acci\u00f3n social, el apoyo al desarrollo econ\u00f3mico, la solidaridad, la innovaci\u00f3n y la protecci\u00f3n ambiental.<\/p>\n<p>Las empresas participadas del Grupo Empresarial Canal Extensia Am\u00e9rica realizan su actividad en entornos urbanos en los que existen altos \u00edndices de pobreza, por ello la actividad de las empresas y Fundaci\u00f3n Triple A trabajan por alcanzar objetivos medioambientales y a su vez, contribuir con el desarrollo social y humano de las comunidades intervenidas.<\/p>\n<div style=\"width: 100%;\">\n<p><!----Pattner-1-----><\/p>\n<div style=\"float: left; font-size: 13px;\"><\/div>\n<\/div>\n<p>&nbsp;<\/p>\n","protected":false},"excerpt":{"rendered":"<p>Responsabilidad Social Corporativa Las empresas del grupo Canal Extensia Am\u00e9rica ejecutan sus acciones en el marco de la Responsabilidad Social, respetando el marco legislativo ambiental de cada pa\u00eds donde actuamos. Nuestro compromiso es el mejoramiento continuo de la gesti\u00f3n ambiental a trav\u00e9s de la optimizaci\u00f3n de los procesos, la innovaci\u00f3n tecnol\u00f3gica, el desarrollo del talento [&hellip;]<\/p>\n","protected":false},"author":1,"featured_media":0,"parent":0,"menu_order":0,"comment_status":"closed","ping_status":"open","template":"","meta":{"site-sidebar-layout":"default","site-content-layout":"","ast-site-content-layout":"default","site-content-style":"default","site-sidebar-style":"default","ast-global-header-display":"","ast-banner-title-visibility":"","ast-main-header-display":"","ast-hfb-above-header-display":"","ast-hfb-below-header-display":"","ast-hfb-mobile-header-display":"","site-post-title":"","ast-breadcrumbs-content":"","ast-featured-img":"","footer-sml-layout":"","theme-transparent-header-meta":"default","adv-header-id-meta":"","stick-header-meta":"","header-above-stick-meta":"","header-main-stick-meta":"","header-below-stick-meta":"","astra-migrate-meta-layouts":"set","ast-page-background-enabled":"default","ast-page-background-meta":{"desktop":{"background-color":"var(--ast-global-color-4)","background-image":"","background-repeat":"repeat","background-position":"center center","background-size":"auto","background-attachment":"scroll","background-type":"","background-media":"","overlay-type":"","overlay-color":"","overlay-opacity":"","overlay-gradient":""},"tablet":{"background-color":"","background-image":"","background-repeat":"repeat","background-position":"center center","background-size":"auto","background-attachment":"scroll","background-type":"","background-media":"","overlay-type":"","overlay-color":"","overlay-opacity":"","overlay-gradient":""},"mobile":{"background-color":"","background-image":"","background-repeat":"repeat","background-position":"center center","background-size":"auto","background-attachment":"scroll","background-type":"","background-media":"","overlay-type":"","overlay-color":"","overlay-opacity":"","overlay-gradient":""}},"ast-content-background-meta":{"desktop":{"background-color":"var(--ast-global-color-5)","background-image":"","background-repeat":"repeat","background-position":"center center","background-size":"auto","background-attachment":"scroll","background-type":"","background-media":"","overlay-type":"","overlay-color":"","overlay-opacity":"","overlay-gradient":""},"tablet":{"background-color":"var(--ast-global-color-5)","background-image":"","background-repeat":"repeat","background-position":"center center","background-size":"auto","background-attachment":"scroll","background-type":"","background-media":"","overlay-type":"","overlay-color":"","overlay-opacity":"","overlay-gradient":""},"mobile":{"background-color":"var(--ast-global-color-5)","background-image":"","background-repeat":"repeat","background-position":"center center","background-size":"auto","background-attachment":"scroll","background-type":"","background-media":"","overlay-type":"","overlay-color":"","overlay-opacity":"","overlay-gradient":""}},"footnotes":""},"class_list":["post-428","page","type-page","status-publish","hentry"],"_links":{"self":[{"href":"https:\/\/www.cexa.com.co\/index.php?rest_route=\/wp\/v2\/pages\/428","targetHints":{"allow":["GET"]}}],"collection":[{"href":"https:\/\/www.cexa.com.co\/index.php?rest_route=\/wp\/v2\/pages"}],"about":[{"href":"https:\/\/www.cexa.com.co\/index.php?rest_route=\/wp\/v2\/types\/page"}],"author":[{"embeddable":true,"href":"https:\/\/www.cexa.com.co\/index.php?rest_route=\/wp\/v2\/users\/1"}],"replies":[{"embeddable":true,"href":"https:\/\/www.cexa.com.co\/index.php?rest_route=%2Fwp%2Fv2%2Fcomments&post=428"}],"version-history":[{"count":126,"href":"https:\/\/www.cexa.com.co\/index.php?rest_route=\/wp\/v2\/pages\/428\/revisions"}],"predecessor-version":[{"id":2606,"href":"https:\/\/www.cexa.com.co\/index.php?rest_route=\/wp\/v2\/pages\/428\/revisions\/2606"}],"wp:attachment":[{"href":"https:\/\/www.cexa.com.co\/index.php?rest_route=%2Fwp%2Fv2%2Fmedia&parent=428"}],"curies":[{"name":"wp","href":"https:\/\/api.w.org\/{rel}","templated":true}]}}