{"id":44,"date":"2015-04-02T04:19:34","date_gmt":"2015-04-02T04:19:34","guid":{"rendered":"http:\/\/www.cexa.com.co\/?page_id=44"},"modified":"2023-08-02T21:10:53","modified_gmt":"2023-08-02T21:10:53","slug":"nuestra-casa-matriz","status":"publish","type":"page","link":"https:\/\/www.cexa.com.co\/?page_id=44","title":{"rendered":"Nuestra Casa Matriz"},"content":{"rendered":"<p><a href=\"https:\/\/www.canaldeisabelsegunda.es\/es\/\" target=\"_blank\" rel=\"noopener\"><img decoding=\"async\" class=\"alignright wp-image-1998 size-full\" src=\"http:\/\/www.cexa.com.co\/wp-content\/uploads\/2018\/05\/Selecci\u00f3n_999567.png\" alt=\"\" width=\"269\" height=\"128\" \/><\/a><\/p>\n<p style=\"text-align: left;\"><b>Canal de Isabel II Gesti\u00f3n<\/b> acumula m\u00e1s de siglo y medio de experiencia en la gesti\u00f3n del ciclo integral del agua en la Comunidad de Madrid, y en su accionariado participan el Gobierno y los Ayuntamientos de la regi\u00f3n.<\/p>\n<p>Los principios y fundamentos que dieron origen a Canal de Isabel II (creada en 1851, siendo reina de Espa\u00f1a Isabel II) permanecen vigentes, constituyendo la misi\u00f3n de la empresa a d\u00eda de hoy <em>garantizar a todos sus clientes el suministro de agua presente y futuro, en cantidad y en calidad, con la vocaci\u00f3n de satisfacer sus expectativas, contribuyendo activamente a la protecci\u00f3n y mejora del Medio Ambiente, en beneficio de toda la sociedad.<\/em><\/p>\n<p>La experiencia acumulada, la incorporaci\u00f3n de la tecnolog\u00eda m\u00e1s moderna a sus procesos productivos, de control y de gesti\u00f3n, as\u00ed como sus profesionales altamente cualificados y eficientes, han convertido a Canal de Isabel II Gesti\u00f3n en empresa l\u00edder en su sector a escala internacional.<\/p>\n<p>El Grupo Canal aporta valor en el sector del agua en \u00e1mbitos geogr\u00e1ficos diferentes, mediante la realizaci\u00f3n de una gesti\u00f3n sostenible del agua como recurso limitado, optimizando su uso para abastecimiento y compatibiliz\u00e1ndolo siempre con otros intereses sociales, econ\u00f3micos y medioambientales.<\/p>\n<p><a href=\"https:\/\/www.canaldeisabelsegunda.es\">https:\/\/www.canaldeisabelsegunda.es<\/a><\/p>\n<p>&nbsp;<\/p>\n<p><img fetchpriority=\"high\" decoding=\"async\" class=\"alignnone size-full wp-image-2450\" src=\"https:\/\/www.cexa.com.co\/wp-content\/uploads\/2022\/03\/mapa2-1_nuevo.png\" alt=\"\" width=\"790\" height=\"456\" srcset=\"https:\/\/www.cexa.com.co\/wp-content\/uploads\/2022\/03\/mapa2-1_nuevo.png 790w, https:\/\/www.cexa.com.co\/wp-content\/uploads\/2022\/03\/mapa2-1_nuevo-300x173.png 300w, https:\/\/www.cexa.com.co\/wp-content\/uploads\/2022\/03\/mapa2-1_nuevo-768x443.png 768w\" sizes=\"(max-width: 790px) 100vw, 790px\" \/><\/p>\n<p><!--\n\n\n<h1>Canal en cifras<\/h1>\n\n\n&nbsp;\n\n<span data-mce-type=\"bookmark\" style=\"display: inline-block; width: 0px; overflow: hidden; line-height: 0;\" class=\"mce_SELRES_start\"><\/span><img decoding=\"async\" class=\"aligncenter wp-image-365 sombra-cifras\" src=\"http:\/\/www.cexa.com.co\/wp-content\/uploads\/2015\/04\/captacion.jpg\" alt=\"captacion\" width=\"451\" height=\"145\" srcset=\"https:\/\/www.cexa.com.co\/wp-content\/uploads\/2015\/04\/captacion.jpg 718w, https:\/\/www.cexa.com.co\/wp-content\/uploads\/2015\/04\/captacion-300x97.jpg 300w\" sizes=\"(max-width: 451px) 100vw, 451px\" \/><span data-mce-type=\"bookmark\" style=\"display: inline-block; width: 0px; overflow: hidden; line-height: 0;\" class=\"mce_SELRES_end\"><\/span>\n\n<img loading=\"lazy\" decoding=\"async\" class=\"alignleft wp-image-369 sombra-cifras\" src=\"http:\/\/www.cexa.com.co\/wp-content\/uploads\/2015\/04\/tratamiento.jpg\" alt=\"tratamiento\" width=\"404\" height=\"130\" \/>\n\n<img loading=\"lazy\" decoding=\"async\" class=\"alignright wp-image-368 sombra-cifras\" src=\"http:\/\/www.cexa.com.co\/wp-content\/uploads\/2015\/04\/distribucion.jpg\" alt=\"distribucion\" width=\"404\" height=\"130\" \/>\n\n<img loading=\"lazy\" decoding=\"async\" class=\"alignleft wp-image-375 sombra-cifras\" src=\"http:\/\/www.cexa.com.co\/wp-content\/uploads\/2015\/04\/reutilizaci\u00f3n.jpg\" alt=\"reutilizaci\u00f3n\" width=\"401\" height=\"129\" srcset=\"https:\/\/www.cexa.com.co\/wp-content\/uploads\/2015\/04\/reutilizaci\u00f3n.jpg 718w, https:\/\/www.cexa.com.co\/wp-content\/uploads\/2015\/04\/reutilizaci\u00f3n-300x97.jpg 300w\" sizes=\"(max-width: 401px) 100vw, 401px\" \/>\n\n<img loading=\"lazy\" decoding=\"async\" class=\"alignright wp-image-376 sombra-cifras\" src=\"http:\/\/www.cexa.com.co\/wp-content\/uploads\/2015\/04\/saneamiento.jpg\" alt=\"saneamiento\" width=\"401\" height=\"245\" srcset=\"https:\/\/www.cexa.com.co\/wp-content\/uploads\/2015\/04\/saneamiento.jpg 718w, https:\/\/www.cexa.com.co\/wp-content\/uploads\/2015\/04\/saneamiento-300x183.jpg 300w\" sizes=\"(max-width: 401px) 100vw, 401px\" \/>\n\n<img loading=\"lazy\" decoding=\"async\" class=\"alignleft size-full wp-image-384 sombra-cifras\" src=\"http:\/\/www.cexa.com.co\/wp-content\/uploads\/2015\/04\/gestion_comercial.jpg\" alt=\"gestion_comercial\" width=\"339\" height=\"337\" srcset=\"https:\/\/www.cexa.com.co\/wp-content\/uploads\/2015\/04\/gestion_comercial.jpg 339w, https:\/\/www.cexa.com.co\/wp-content\/uploads\/2015\/04\/gestion_comercial-150x150.jpg 150w, https:\/\/www.cexa.com.co\/wp-content\/uploads\/2015\/04\/gestion_comercial-300x298.jpg 300w\" sizes=\"(max-width: 339px) 100vw, 339px\" \/>\n\n\n<h1>Compromisos de Grupo Empresarial Canal de Isabel II Gesti\u00f3n<\/h1>\n\n\n\n\n<h2>Calidad en la gesti\u00f3n<\/h2>\n\n\nDesarrollamos todas nuestras actividades teniendo en cuenta una estricta pol\u00edtica de calidad y medio ambiente. Para garantizar su cumplimiento, se ha implantado un sistema de gesti\u00f3n certificado seg\u00fan las normas ISO 9001:2008 e ISO 14001:2004.\n\nAsimismo, la garant\u00eda de la calidad del agua para consumo que se suministra a la poblaci\u00f3n de la Comunidad de Madrid se acredita conforme a la norma ISO\/IEC 17025, que sienta las bases del sistema de calidad y los requisitos t\u00e9cnicos aplicables a los laboratorios de calibraci\u00f3n o ensayo.\n\n\n<h2>Seguridad y salud en el trabajo<\/h2>\n\n\nTan importante como la calidad de la gesti\u00f3n es el cumplimiento de la pol\u00edtica de seguridad y salud en el trabajo, que se lleva a cabo conforme al est\u00e1ndar BS OHSAS 18001:2007, en cuyo \u00e1mbito de aplicaci\u00f3n se incluye la captaci\u00f3n, el tratamiento, la comercializaci\u00f3n, la distribuci\u00f3n y el control de calidad del agua potable en la Comunidad de Madrid, as\u00ed como la depuraci\u00f3n de agua residual en la misma \u00e1rea geogr\u00e1fica, a excepci\u00f3n del municipio de Madrid.\n\n\n<h2>Responsabilidad social corporativa<\/h2>\n\n\nLa labor de responsabilidad social corporativa es inherente a toda la gesti\u00f3n que se realiza en la empresa, con una apuesta firme por el cuidado del medio ambiente, la gesti\u00f3n sostenible y la inversi\u00f3n en I+D+i.\n\nEn esta l\u00ednea de trabajo, y cumpliendo con el compromiso de devolver a la sociedad parte de lo que nos aporta, existe un apoyo continuo a la labor de voluntariado \u2014con proyectos solidarios en diferentes pa\u00edses\u2014 as\u00ed como a actividades de ocio, cultura y deporte.\n\n\n<h2>Pacto Mundial<\/h2>\n\n\n<img loading=\"lazy\" decoding=\"async\" class=\" size-full wp-image-388 alignleft\" src=\"http:\/\/www.cexa.com.co\/wp-content\/uploads\/2015\/04\/pacto_mundial.jpg\" alt=\"pacto_mundial\" width=\"90\" height=\"140\" \/>\nEl Pacto Mundial \u2014o Global Compact\u2014 es una iniciativa de la Organizaci\u00f3n de Naciones Unidas (ONU) que tiene como objetivo el que las entidades adquieran un compromiso voluntario en responsabilidad social, mediante la implantaci\u00f3n de diez principios basados en los derechos humanos, laborales, medioambientales y de lucha contra la corrupci\u00f3n.\n\n<b>Canal de Isabel II Gesti\u00f3n<\/b> ha suscrito el Pacto Mundial y es socio fundador de la Red Espa\u00f1ola del Pacto Mundial, creada en 2006.\n\n<b><a href=\"http:\/\/www.pactomundial.org\/\" target=\"_blank\" rel=\"noopener\">http:\/\/www.pactomundial.org\/<\/a><\/b>\n\n<img loading=\"lazy\" decoding=\"async\" class=\"alignleft wp-image-389\" src=\"http:\/\/www.cexa.com.co\/wp-content\/uploads\/2015\/04\/canal-extencia1.png\" alt=\"canal-extencia\" width=\"300\" height=\"62\" srcset=\"https:\/\/www.cexa.com.co\/wp-content\/uploads\/2015\/04\/canal-extencia1.png 377w, https:\/\/www.cexa.com.co\/wp-content\/uploads\/2015\/04\/canal-extencia1-300x62.png 300w\" sizes=\"(max-width: 300px) 100vw, 300px\" \/>\n\nEn diciembre de 2001 se cre\u00f3 <b>Canal Extensia<\/b>, empresa del Grupo <b>Canal Isabel II<\/b>, que adquiri\u00f3 la mayor\u00eda accionarial de INASSA (Sociedad Interamericana de Aguas y Servicios S.A.), respondiendo a las oportunidades del sector del agua en Latinoam\u00e9rica y a la pol\u00edtica de diversificaci\u00f3n de la compa\u00f1\u00eda en la regi\u00f3n.\n\n\n<h2><a href=\"http:\/\/www.canalgestion.es\/es\/\" target=\"_blank\" rel=\"noopener\">www.canalgestion.es<\/a><\/h2>\n\n\n--><\/p>\n<div style=\"width: 854px;\" class=\"wp-video\"><!--[if lt IE 9]><script>document.createElement('video');<\/script><![endif]-->\n<video class=\"wp-video-shortcode\" id=\"video-44-1\" width=\"854\" height=\"480\" preload=\"metadata\" controls=\"controls\"><source type=\"video\/mp4\" src=\"http:\/\/www.cexa.com.co\/wp-content\/uploads\/2015\/04\/Canal-Isabel-II-Gesti\u00f3n.mp4?_=1\" \/><a href=\"http:\/\/www.cexa.com.co\/wp-content\/uploads\/2015\/04\/Canal-Isabel-II-Gesti\u00f3n.mp4\">http:\/\/www.cexa.com.co\/wp-content\/uploads\/2015\/04\/Canal-Isabel-II-Gesti\u00f3n.mp4<\/a><\/video><\/div>\n<p><!--<iframe src=\"\/\/www.youtube.com\/embed\/8EFkFF-tFiE\" width=\"560\" height=\"315\" frameborder=\"0\" allowfullscreen=\"allowfullscreen\"><\/iframe>--><\/p>\n","protected":false},"excerpt":{"rendered":"<p>Canal de Isabel II Gesti\u00f3n acumula m\u00e1s de siglo y medio de experiencia en la gesti\u00f3n del ciclo integral del agua en la Comunidad de Madrid, y en su accionariado participan el Gobierno y los Ayuntamientos de la regi\u00f3n. Los principios y fundamentos que dieron origen a Canal de Isabel II (creada en 1851, siendo [&hellip;]<\/p>\n","protected":false},"author":1,"featured_media":556,"parent":1781,"menu_order":0,"comment_status":"closed","ping_status":"open","template":"","meta":{"site-sidebar-layout":"default","site-content-layout":"default","ast-site-content-layout":"","site-content-style":"default","site-sidebar-style":"default","ast-global-header-display":"","ast-banner-title-visibility":"","ast-main-header-display":"","ast-hfb-above-header-display":"","ast-hfb-below-header-display":"","ast-hfb-mobile-header-display":"","site-post-title":"","ast-breadcrumbs-content":"","ast-featured-img":"disabled","footer-sml-layout":"","theme-transparent-header-meta":"default","adv-header-id-meta":"","stick-header-meta":"","header-above-stick-meta":"","header-main-stick-meta":"","header-below-stick-meta":"","astra-migrate-meta-layouts":"default","ast-page-background-enabled":"default","ast-page-background-meta":{"desktop":{"background-color":"var(--ast-global-color-4)","background-image":"","background-repeat":"repeat","background-position":"center center","background-size":"auto","background-attachment":"scroll","background-type":"","background-media":"","overlay-type":"","overlay-color":"","overlay-opacity":"","overlay-gradient":""},"tablet":{"background-color":"","background-image":"","background-repeat":"repeat","background-position":"center center","background-size":"auto","background-attachment":"scroll","background-type":"","background-media":"","overlay-type":"","overlay-color":"","overlay-opacity":"","overlay-gradient":""},"mobile":{"background-color":"","background-image":"","background-repeat":"repeat","background-position":"center center","background-size":"auto","background-attachment":"scroll","background-type":"","background-media":"","overlay-type":"","overlay-color":"","overlay-opacity":"","overlay-gradient":""}},"ast-content-background-meta":{"desktop":{"background-color":"var(--ast-global-color-5)","background-image":"","background-repeat":"repeat","background-position":"center center","background-size":"auto","background-attachment":"scroll","background-type":"","background-media":"","overlay-type":"","overlay-color":"","overlay-opacity":"","overlay-gradient":""},"tablet":{"background-color":"var(--ast-global-color-5)","background-image":"","background-repeat":"repeat","background-position":"center center","background-size":"auto","background-attachment":"scroll","background-type":"","background-media":"","overlay-type":"","overlay-color":"","overlay-opacity":"","overlay-gradient":""},"mobile":{"background-color":"var(--ast-global-color-5)","background-image":"","background-repeat":"repeat","background-position":"center center","background-size":"auto","background-attachment":"scroll","background-type":"","background-media":"","overlay-type":"","overlay-color":"","overlay-opacity":"","overlay-gradient":""}},"footnotes":""},"class_list":["post-44","page","type-page","status-publish","has-post-thumbnail","hentry"],"_links":{"self":[{"href":"https:\/\/www.cexa.com.co\/index.php?rest_route=\/wp\/v2\/pages\/44","targetHints":{"allow":["GET"]}}],"collection":[{"href":"https:\/\/www.cexa.com.co\/index.php?rest_route=\/wp\/v2\/pages"}],"about":[{"href":"https:\/\/www.cexa.com.co\/index.php?rest_route=\/wp\/v2\/types\/page"}],"author":[{"embeddable":true,"href":"https:\/\/www.cexa.com.co\/index.php?rest_route=\/wp\/v2\/users\/1"}],"replies":[{"embeddable":true,"href":"https:\/\/www.cexa.com.co\/index.php?rest_route=%2Fwp%2Fv2%2Fcomments&post=44"}],"version-history":[{"count":47,"href":"https:\/\/www.cexa.com.co\/index.php?rest_route=\/wp\/v2\/pages\/44\/revisions"}],"predecessor-version":[{"id":2451,"href":"https:\/\/www.cexa.com.co\/index.php?rest_route=\/wp\/v2\/pages\/44\/revisions\/2451"}],"up":[{"embeddable":true,"href":"https:\/\/www.cexa.com.co\/index.php?rest_route=\/wp\/v2\/pages\/1781"}],"wp:featuredmedia":[{"embeddable":true,"href":"https:\/\/www.cexa.com.co\/index.php?rest_route=\/wp\/v2\/media\/556"}],"wp:attachment":[{"href":"https:\/\/www.cexa.com.co\/index.php?rest_route=%2Fwp%2Fv2%2Fmedia&parent=44"}],"curies":[{"name":"wp","href":"https:\/\/api.w.org\/{rel}","templated":true}]}}