{"id":61,"date":"2015-04-04T21:21:28","date_gmt":"2015-04-04T21:21:28","guid":{"rendered":"http:\/\/www.cexa.com.co\/?page_id=61"},"modified":"2023-08-02T21:12:09","modified_gmt":"2023-08-02T21:12:09","slug":"gestion-ciclo-integral-del-agua","status":"publish","type":"page","link":"https:\/\/www.cexa.com.co\/?page_id=61","title":{"rendered":"Gesti\u00f3n Ciclo Integral del Agua"},"content":{"rendered":"<h3>La gesti\u00f3n coordinada y planificada del agua, el suelo y los recursos relacionados a fin de optimizar los beneficios econ\u00f3micos y el bienestar social sin comprometer la sostenibilidad de los ecosistemas, forman parte inseparable del modo en que las empresas del Grupo Canal Extensia Am\u00e9rica atienden la Gesti\u00f3n del Ciclo integral del agua<\/h3>\n<p>Se entiende por manejo integral del agua el proceso mediante el cual se promueve la gesti\u00f3n coordinada y planificada del agua, el suelo y los recursos relacionados a fin de optimizar los beneficios econ\u00f3micos y el bienestar social sin comprometer la sostenibilidad de los ecosistemas.<\/p>\n<p>Las empresas del Grupo <b>Canal Extensia\u00a0Am\u00e9rica<\/b>\u00a0se ocupan de todos los procesos orientados a una adecuada administraci\u00f3n de los recursos h\u00ed\u00acdricos necesarios para el desarrollo y mantenimiento de la calidad de vida de sus clientes: <b>En abastecimiento tenemos<\/b>, captaci\u00f3n, potabilizaci\u00f3n, vigilancia de la calidad del agua, transporte, almacenamiento y distribuci\u00f3n, <b>en saneamiento se realiza la recolecci\u00f3n, el transporte, inspecci\u00f3n y ensayo<\/b>, la depuraci\u00f3n y finalmente <b>la disposici\u00f3n<\/b> de las aguas residuales para su retorno al cauce de los r\u00edos.<\/p>\n<p><img fetchpriority=\"high\" decoding=\"async\" class=\"aligncenter size-full wp-image-64\" src=\"http:\/\/www.cexa.com.co\/wp-content\/uploads\/2015\/04\/bigicons-01.png\" alt=\"bigicons-01\" width=\"690\" height=\"425\" srcset=\"https:\/\/www.cexa.com.co\/wp-content\/uploads\/2015\/04\/bigicons-01.png 690w, https:\/\/www.cexa.com.co\/wp-content\/uploads\/2015\/04\/bigicons-01-300x185.png 300w\" sizes=\"(max-width: 690px) 100vw, 690px\" \/><\/p>\n","protected":false},"excerpt":{"rendered":"<p>La gesti\u00f3n coordinada y planificada del agua, el suelo y los recursos relacionados a fin de optimizar los beneficios econ\u00f3micos y el bienestar social sin comprometer la sostenibilidad de los ecosistemas, forman parte inseparable del modo en que las empresas del Grupo Canal Extensia Am\u00e9rica atienden la Gesti\u00f3n del Ciclo integral del agua Se entiende [&hellip;]<\/p>\n","protected":false},"author":1,"featured_media":71,"parent":1783,"menu_order":0,"comment_status":"closed","ping_status":"open","template":"","meta":{"site-sidebar-layout":"default","site-content-layout":"default","ast-site-content-layout":"","site-content-style":"default","site-sidebar-style":"default","ast-global-header-display":"","ast-banner-title-visibility":"","ast-main-header-display":"","ast-hfb-above-header-display":"","ast-hfb-below-header-display":"","ast-hfb-mobile-header-display":"","site-post-title":"","ast-breadcrumbs-content":"","ast-featured-img":"disabled","footer-sml-layout":"","theme-transparent-header-meta":"default","adv-header-id-meta":"","stick-header-meta":"","header-above-stick-meta":"","header-main-stick-meta":"","header-below-stick-meta":"","astra-migrate-meta-layouts":"default","ast-page-background-enabled":"default","ast-page-background-meta":{"desktop":{"background-color":"var(--ast-global-color-4)","background-image":"","background-repeat":"repeat","background-position":"center center","background-size":"auto","background-attachment":"scroll","background-type":"","background-media":"","overlay-type":"","overlay-color":"","overlay-opacity":"","overlay-gradient":""},"tablet":{"background-color":"","background-image":"","background-repeat":"repeat","background-position":"center center","background-size":"auto","background-attachment":"scroll","background-type":"","background-media":"","overlay-type":"","overlay-color":"","overlay-opacity":"","overlay-gradient":""},"mobile":{"background-color":"","background-image":"","background-repeat":"repeat","background-position":"center center","background-size":"auto","background-attachment":"scroll","background-type":"","background-media":"","overlay-type":"","overlay-color":"","overlay-opacity":"","overlay-gradient":""}},"ast-content-background-meta":{"desktop":{"background-color":"var(--ast-global-color-5)","background-image":"","background-repeat":"repeat","background-position":"center center","background-size":"auto","background-attachment":"scroll","background-type":"","background-media":"","overlay-type":"","overlay-color":"","overlay-opacity":"","overlay-gradient":""},"tablet":{"background-color":"var(--ast-global-color-5)","background-image":"","background-repeat":"repeat","background-position":"center center","background-size":"auto","background-attachment":"scroll","background-type":"","background-media":"","overlay-type":"","overlay-color":"","overlay-opacity":"","overlay-gradient":""},"mobile":{"background-color":"var(--ast-global-color-5)","background-image":"","background-repeat":"repeat","background-position":"center center","background-size":"auto","background-attachment":"scroll","background-type":"","background-media":"","overlay-type":"","overlay-color":"","overlay-opacity":"","overlay-gradient":""}},"footnotes":""},"class_list":["post-61","page","type-page","status-publish","has-post-thumbnail","hentry"],"_links":{"self":[{"href":"https:\/\/www.cexa.com.co\/index.php?rest_route=\/wp\/v2\/pages\/61","targetHints":{"allow":["GET"]}}],"collection":[{"href":"https:\/\/www.cexa.com.co\/index.php?rest_route=\/wp\/v2\/pages"}],"about":[{"href":"https:\/\/www.cexa.com.co\/index.php?rest_route=\/wp\/v2\/types\/page"}],"author":[{"embeddable":true,"href":"https:\/\/www.cexa.com.co\/index.php?rest_route=\/wp\/v2\/users\/1"}],"replies":[{"embeddable":true,"href":"https:\/\/www.cexa.com.co\/index.php?rest_route=%2Fwp%2Fv2%2Fcomments&post=61"}],"version-history":[{"count":7,"href":"https:\/\/www.cexa.com.co\/index.php?rest_route=\/wp\/v2\/pages\/61\/revisions"}],"predecessor-version":[{"id":2459,"href":"https:\/\/www.cexa.com.co\/index.php?rest_route=\/wp\/v2\/pages\/61\/revisions\/2459"}],"up":[{"embeddable":true,"href":"https:\/\/www.cexa.com.co\/index.php?rest_route=\/wp\/v2\/pages\/1783"}],"wp:featuredmedia":[{"embeddable":true,"href":"https:\/\/www.cexa.com.co\/index.php?rest_route=\/wp\/v2\/media\/71"}],"wp:attachment":[{"href":"https:\/\/www.cexa.com.co\/index.php?rest_route=%2Fwp%2Fv2%2Fmedia&parent=61"}],"curies":[{"name":"wp","href":"https:\/\/api.w.org\/{rel}","templated":true}]}}