{"id":67,"date":"2015-04-04T21:22:29","date_gmt":"2015-04-04T21:22:29","guid":{"rendered":"http:\/\/www.cexa.com.co\/?page_id=67"},"modified":"2023-08-02T21:12:43","modified_gmt":"2023-08-02T21:12:43","slug":"diseno-e-interventori%c2%ada-de-obras","status":"publish","type":"page","link":"https:\/\/www.cexa.com.co\/?page_id=67","title":{"rendered":"Dise\u00f1o e Interventor\u00ed\u00ada de Obras"},"content":{"rendered":"<p>El grupo Canal Extensia America, sumado a la amplia gama de servicios que presta, realiza el dise\u00f1o, modelaci\u00f3n e interventor\u00eda de toda clase de obras relacionadas con el ciclo integral del agua, con el fin de garantizar un funcionamiento \u00f3ptimo de las redes de acueducto y alcantarillado, lo cual se convierte en una excelente prestaci\u00f3n de estos servicios p\u00fablicos domiciliarios.<\/p>\n<p>Lo anterior es posible afirmarlo, dado que el grupo posee gran experiencia en este \u00e1mbito al prestar estos servicios p\u00fablicos a mas de 6,000,000 de habitantes, contando con profesionales especializados en la materia que han dise\u00f1ado, modelado y realizado interventor\u00ed\u00ada t\u00e9cnica, financiera y administrativa a obras concernientes al ciclo integral del agua, como lo son: captaciones de agua cruda, aducciones, plantas de tratamiento de agua potable, conducciones, redes de distribuci\u00f3n, tanques de almacenamiento y distribuci\u00f3n, estaciones de bombeo, pozos profundos, recolecci\u00f3n de aguas negras, tratamiento de aguas residuales, estaciones elevadoras, l\u00ed\u00adneas de impulsi\u00f3n, colectores pluviales y emisarios submarinos y subfluviales.<\/p>\n","protected":false},"excerpt":{"rendered":"<p>El grupo Canal Extensia America, sumado a la amplia gama de servicios que presta, realiza el dise\u00f1o, modelaci\u00f3n e interventor\u00eda de toda clase de obras relacionadas con el ciclo integral del agua, con el fin de garantizar un funcionamiento \u00f3ptimo de las redes de acueducto y alcantarillado, lo cual se convierte en una excelente prestaci\u00f3n [&hellip;]<\/p>\n","protected":false},"author":1,"featured_media":2326,"parent":1783,"menu_order":0,"comment_status":"closed","ping_status":"open","template":"","meta":{"site-sidebar-layout":"default","site-content-layout":"default","ast-site-content-layout":"","site-content-style":"default","site-sidebar-style":"default","ast-global-header-display":"","ast-banner-title-visibility":"","ast-main-header-display":"","ast-hfb-above-header-display":"","ast-hfb-below-header-display":"","ast-hfb-mobile-header-display":"","site-post-title":"","ast-breadcrumbs-content":"","ast-featured-img":"disabled","footer-sml-layout":"","theme-transparent-header-meta":"default","adv-header-id-meta":"","stick-header-meta":"","header-above-stick-meta":"","header-main-stick-meta":"","header-below-stick-meta":"","astra-migrate-meta-layouts":"default","ast-page-background-enabled":"default","ast-page-background-meta":{"desktop":{"background-color":"var(--ast-global-color-4)","background-image":"","background-repeat":"repeat","background-position":"center center","background-size":"auto","background-attachment":"scroll","background-type":"","background-media":"","overlay-type":"","overlay-color":"","overlay-opacity":"","overlay-gradient":""},"tablet":{"background-color":"","background-image":"","background-repeat":"repeat","background-position":"center center","background-size":"auto","background-attachment":"scroll","background-type":"","background-media":"","overlay-type":"","overlay-color":"","overlay-opacity":"","overlay-gradient":""},"mobile":{"background-color":"","background-image":"","background-repeat":"repeat","background-position":"center center","background-size":"auto","background-attachment":"scroll","background-type":"","background-media":"","overlay-type":"","overlay-color":"","overlay-opacity":"","overlay-gradient":""}},"ast-content-background-meta":{"desktop":{"background-color":"var(--ast-global-color-5)","background-image":"","background-repeat":"repeat","background-position":"center center","background-size":"auto","background-attachment":"scroll","background-type":"","background-media":"","overlay-type":"","overlay-color":"","overlay-opacity":"","overlay-gradient":""},"tablet":{"background-color":"var(--ast-global-color-5)","background-image":"","background-repeat":"repeat","background-position":"center center","background-size":"auto","background-attachment":"scroll","background-type":"","background-media":"","overlay-type":"","overlay-color":"","overlay-opacity":"","overlay-gradient":""},"mobile":{"background-color":"var(--ast-global-color-5)","background-image":"","background-repeat":"repeat","background-position":"center center","background-size":"auto","background-attachment":"scroll","background-type":"","background-media":"","overlay-type":"","overlay-color":"","overlay-opacity":"","overlay-gradient":""}},"footnotes":""},"class_list":["post-67","page","type-page","status-publish","has-post-thumbnail","hentry"],"_links":{"self":[{"href":"https:\/\/www.cexa.com.co\/index.php?rest_route=\/wp\/v2\/pages\/67","targetHints":{"allow":["GET"]}}],"collection":[{"href":"https:\/\/www.cexa.com.co\/index.php?rest_route=\/wp\/v2\/pages"}],"about":[{"href":"https:\/\/www.cexa.com.co\/index.php?rest_route=\/wp\/v2\/types\/page"}],"author":[{"embeddable":true,"href":"https:\/\/www.cexa.com.co\/index.php?rest_route=\/wp\/v2\/users\/1"}],"replies":[{"embeddable":true,"href":"https:\/\/www.cexa.com.co\/index.php?rest_route=%2Fwp%2Fv2%2Fcomments&post=67"}],"version-history":[{"count":4,"href":"https:\/\/www.cexa.com.co\/index.php?rest_route=\/wp\/v2\/pages\/67\/revisions"}],"predecessor-version":[{"id":2456,"href":"https:\/\/www.cexa.com.co\/index.php?rest_route=\/wp\/v2\/pages\/67\/revisions\/2456"}],"up":[{"embeddable":true,"href":"https:\/\/www.cexa.com.co\/index.php?rest_route=\/wp\/v2\/pages\/1783"}],"wp:featuredmedia":[{"embeddable":true,"href":"https:\/\/www.cexa.com.co\/index.php?rest_route=\/wp\/v2\/media\/2326"}],"wp:attachment":[{"href":"https:\/\/www.cexa.com.co\/index.php?rest_route=%2Fwp%2Fv2%2Fmedia&parent=67"}],"curies":[{"name":"wp","href":"https:\/\/api.w.org\/{rel}","templated":true}]}}