{"id":69,"date":"2015-04-04T21:22:55","date_gmt":"2015-04-04T21:22:55","guid":{"rendered":"http:\/\/www.cexa.com.co\/?page_id=69"},"modified":"2023-08-02T21:13:10","modified_gmt":"2023-08-02T21:13:10","slug":"consultoria-y-formacion","status":"publish","type":"page","link":"https:\/\/www.cexa.com.co\/?page_id=69","title":{"rendered":"Consultor\u00eda y Formaci\u00f3n"},"content":{"rendered":"<p>Proveemos a clientes del sector p\u00fablico y privado soluciones innovadoras y de avanzada tecnolog\u00eda que facilitan la captura de valor y rentabilizaci\u00f3n de proyectos tanto de nuestros clientes, como de nuestros socios comerciales. Poseemos las estrategias, las herramientas y la experiencia necesaria para desarrollar soluciones \u00f3ptimas que se ajusten a un amplio espectro de necesidades relacionadas con la gesti\u00f3n del ciclo integral del agua en toda Latinoam\u00e9rica.<\/p>\n<p>Nuestro equipo de consultores y capacitadores, profesionales, expertos en sus \u00e1reas de trabajo y negocios, y comparten los valores de actitud de servicio, transparencia, innovaci\u00f3n y compromiso para colaborar con el logro sobresaliente de las metas de nuestros valiosos clientes.<\/p>\n","protected":false},"excerpt":{"rendered":"<p>Proveemos a clientes del sector p\u00fablico y privado soluciones innovadoras y de avanzada tecnolog\u00eda que facilitan la captura de valor y rentabilizaci\u00f3n de proyectos tanto de nuestros clientes, como de nuestros socios comerciales. Poseemos las estrategias, las herramientas y la experiencia necesaria para desarrollar soluciones \u00f3ptimas que se ajusten a un amplio espectro de necesidades [&hellip;]<\/p>\n","protected":false},"author":1,"featured_media":73,"parent":1783,"menu_order":0,"comment_status":"closed","ping_status":"open","template":"","meta":{"site-sidebar-layout":"default","site-content-layout":"default","ast-site-content-layout":"","site-content-style":"default","site-sidebar-style":"default","ast-global-header-display":"","ast-banner-title-visibility":"","ast-main-header-display":"","ast-hfb-above-header-display":"","ast-hfb-below-header-display":"","ast-hfb-mobile-header-display":"","site-post-title":"","ast-breadcrumbs-content":"","ast-featured-img":"disabled","footer-sml-layout":"","theme-transparent-header-meta":"default","adv-header-id-meta":"","stick-header-meta":"","header-above-stick-meta":"","header-main-stick-meta":"","header-below-stick-meta":"","astra-migrate-meta-layouts":"default","ast-page-background-enabled":"default","ast-page-background-meta":{"desktop":{"background-color":"var(--ast-global-color-4)","background-image":"","background-repeat":"repeat","background-position":"center center","background-size":"auto","background-attachment":"scroll","background-type":"","background-media":"","overlay-type":"","overlay-color":"","overlay-opacity":"","overlay-gradient":""},"tablet":{"background-color":"","background-image":"","background-repeat":"repeat","background-position":"center center","background-size":"auto","background-attachment":"scroll","background-type":"","background-media":"","overlay-type":"","overlay-color":"","overlay-opacity":"","overlay-gradient":""},"mobile":{"background-color":"","background-image":"","background-repeat":"repeat","background-position":"center center","background-size":"auto","background-attachment":"scroll","background-type":"","background-media":"","overlay-type":"","overlay-color":"","overlay-opacity":"","overlay-gradient":""}},"ast-content-background-meta":{"desktop":{"background-color":"var(--ast-global-color-5)","background-image":"","background-repeat":"repeat","background-position":"center center","background-size":"auto","background-attachment":"scroll","background-type":"","background-media":"","overlay-type":"","overlay-color":"","overlay-opacity":"","overlay-gradient":""},"tablet":{"background-color":"var(--ast-global-color-5)","background-image":"","background-repeat":"repeat","background-position":"center center","background-size":"auto","background-attachment":"scroll","background-type":"","background-media":"","overlay-type":"","overlay-color":"","overlay-opacity":"","overlay-gradient":""},"mobile":{"background-color":"var(--ast-global-color-5)","background-image":"","background-repeat":"repeat","background-position":"center center","background-size":"auto","background-attachment":"scroll","background-type":"","background-media":"","overlay-type":"","overlay-color":"","overlay-opacity":"","overlay-gradient":""}},"footnotes":""},"class_list":["post-69","page","type-page","status-publish","has-post-thumbnail","hentry"],"_links":{"self":[{"href":"https:\/\/www.cexa.com.co\/index.php?rest_route=\/wp\/v2\/pages\/69","targetHints":{"allow":["GET"]}}],"collection":[{"href":"https:\/\/www.cexa.com.co\/index.php?rest_route=\/wp\/v2\/pages"}],"about":[{"href":"https:\/\/www.cexa.com.co\/index.php?rest_route=\/wp\/v2\/types\/page"}],"author":[{"embeddable":true,"href":"https:\/\/www.cexa.com.co\/index.php?rest_route=\/wp\/v2\/users\/1"}],"replies":[{"embeddable":true,"href":"https:\/\/www.cexa.com.co\/index.php?rest_route=%2Fwp%2Fv2%2Fcomments&post=69"}],"version-history":[{"count":2,"href":"https:\/\/www.cexa.com.co\/index.php?rest_route=\/wp\/v2\/pages\/69\/revisions"}],"predecessor-version":[{"id":394,"href":"https:\/\/www.cexa.com.co\/index.php?rest_route=\/wp\/v2\/pages\/69\/revisions\/394"}],"up":[{"embeddable":true,"href":"https:\/\/www.cexa.com.co\/index.php?rest_route=\/wp\/v2\/pages\/1783"}],"wp:featuredmedia":[{"embeddable":true,"href":"https:\/\/www.cexa.com.co\/index.php?rest_route=\/wp\/v2\/media\/73"}],"wp:attachment":[{"href":"https:\/\/www.cexa.com.co\/index.php?rest_route=%2Fwp%2Fv2%2Fmedia&parent=69"}],"curies":[{"name":"wp","href":"https:\/\/api.w.org\/{rel}","templated":true}]}}