{"id":711,"date":"2015-04-30T20:40:01","date_gmt":"2015-04-30T20:40:01","guid":{"rendered":"http:\/\/www.cexa.com.co\/?page_id=711"},"modified":"2022-03-17T00:05:35","modified_gmt":"2022-03-17T00:05:35","slug":"triple-a-s-a-e-s-p","status":"publish","type":"page","link":"https:\/\/www.cexa.com.co\/?page_id=711","title":{"rendered":"Triple A S.A. E.S.P."},"content":{"rendered":"<p><a href=\"http:\/\/www.aaa.com.co\/\" target=\"_blank\" rel=\"noopener\"><br \/>\n<img decoding=\"async\" class=\"alignleft size-full wp-image-720 effect1\" src=\"http:\/\/www.cexa.com.co\/wp-content\/uploads\/2015\/04\/c_triplea_corporativa2.png\" alt=\"c_triplea_corporativa2\" width=\"285\" height=\"100\" \/><br \/>\n<\/a><\/p>\n<p>&nbsp;<\/p>\n<p>&nbsp;<\/p>\n<p>Desde 1.992 opera los servicios de acueducto, alcantarillado y aseo en la ciudad de Barranquilla, Colombia. Actualmente da cobertura a trece municipios del departamento del Atl\u00e1ntico, contabilizando m\u00e1s de 459.000 clientes y 2 millones de personas atendidas.<\/p>\n<p>Cuenta con una Estaci\u00f3n de Tratamiento de Agua Potable que consta de cuatro plantas de potabilizaci\u00f3n, adem\u00e1s de otras tres plantas de potabilizaci\u00f3n en distintos municipios del departamento.<br \/>\nEn materia de saneamiento, realiza el tratamiento de las aguas residuales en siete Estaciones Depuradoras de Aguas Residuales y dispone de un moderno relleno sanitario Parque Ambiental Los Pocitos para depositar las basuras.<br \/>\nTriple A es una de las empresa de servicios p\u00fablicos en Colombia con mayor n\u00famero de procesos certificados en actividades de producci\u00f3n, gesti\u00f3n comercial y planeaci\u00f3n.<\/p>\n<p>Ha recibido importantes reconocimientos nacionales, como el premio Portafolio en la categor\u00eda de Mejor Servicio al Cliente, el Premio Andesco en Responsabilidad Social, el premio al M\u00e9rito Empresarial de la Universidad Sim\u00f3n Bol\u00edvar y el Premio Nacional a la Excelencia de Contact Center &amp; BPO, categor\u00eda Mejor Inhouse.<\/p>\n<p>Con fecha de octubre 3 de 2018, mediante Resoluci\u00f3n proferida por el Fiscal Treinta y Seis Especializado de la Unidad de Extinci\u00f3n de Dominio de la Fiscal\u00eda General de la Naci\u00f3n, dicha entidad impuso las medidas cautelares de Suspensi\u00f3n del Poder Dispositivo, Embargo y Secuestro sobre el ochenta y dos por ciento (82%) de la composici\u00f3n accionaria que posee Sociedad Interamericana de Aguas y Servicios, S.A. (INASSA), en la Sociedad de Acueducto, Alcantarillado y Aseo de Barranquilla S.A. E.S.P. (Triple A).<\/p>\n<p>En este sentido, desde el 3 de octubre de 2018, las acciones que posee INASSA en Triple A se encuentran bajo administraci\u00f3n de la Sociedad de Activos Especiales (SAE) en virtud de dicha medida cautelar, habiendo sido cesados los miembros de la Junta Directiva pertenecientes a la sociedad INASSA.<\/p>\n<p>El 3 de diciembre de 2020, El alcalde de Barranquilla, Jaime Alberto Pumarejo, y el presidente de la Sociedad de Activos Especiales (SAE), Andr\u00e9s Alberto \u00c1vila, firmaron el contrato de compraventa del capital social de la Empresa de Acueducto, Alcantarillado y Aseo de Barranquilla (Triple A), mediante el cual la SAE oficializ\u00f3 la venta del 82,16% de las acciones que se encontraban bajo su administraci\u00f3n debido a la medida cautelar de embargo, secuestro y p\u00e9rdida del poder dispositivo decretado por las autoridades competentes.<\/p>\n<hr \/>\n<p><a href=\"https:\/\/www.aaa.com.co\" target=\"_blank\" rel=\"noopener\">https:\/\/www.aaa.com.co<\/a><\/p>\n","protected":false},"excerpt":{"rendered":"<p>&nbsp; &nbsp; Desde 1.992 opera los servicios de acueducto, alcantarillado y aseo en la ciudad de Barranquilla, Colombia. Actualmente da cobertura a trece municipios del departamento del Atl\u00e1ntico, contabilizando m\u00e1s de 459.000 clientes y 2 millones de personas atendidas. Cuenta con una Estaci\u00f3n de Tratamiento de Agua Potable que consta de cuatro plantas de potabilizaci\u00f3n, [&hellip;]<\/p>\n","protected":false},"author":1,"featured_media":0,"parent":425,"menu_order":0,"comment_status":"closed","ping_status":"closed","template":"","meta":{"site-sidebar-layout":"default","site-content-layout":"","ast-site-content-layout":"","site-content-style":"default","site-sidebar-style":"default","ast-global-header-display":"","ast-banner-title-visibility":"","ast-main-header-display":"","ast-hfb-above-header-display":"","ast-hfb-below-header-display":"","ast-hfb-mobile-header-display":"","site-post-title":"","ast-breadcrumbs-content":"","ast-featured-img":"","footer-sml-layout":"","theme-transparent-header-meta":"","adv-header-id-meta":"","stick-header-meta":"","header-above-stick-meta":"","header-main-stick-meta":"","header-below-stick-meta":"","astra-migrate-meta-layouts":"default","ast-page-background-enabled":"default","ast-page-background-meta":{"desktop":{"background-color":"var(--ast-global-color-4)","background-image":"","background-repeat":"repeat","background-position":"center center","background-size":"auto","background-attachment":"scroll","background-type":"","background-media":"","overlay-type":"","overlay-color":"","overlay-opacity":"","overlay-gradient":""},"tablet":{"background-color":"","background-image":"","background-repeat":"repeat","background-position":"center center","background-size":"auto","background-attachment":"scroll","background-type":"","background-media":"","overlay-type":"","overlay-color":"","overlay-opacity":"","overlay-gradient":""},"mobile":{"background-color":"","background-image":"","background-repeat":"repeat","background-position":"center center","background-size":"auto","background-attachment":"scroll","background-type":"","background-media":"","overlay-type":"","overlay-color":"","overlay-opacity":"","overlay-gradient":""}},"ast-content-background-meta":{"desktop":{"background-color":"var(--ast-global-color-5)","background-image":"","background-repeat":"repeat","background-position":"center center","background-size":"auto","background-attachment":"scroll","background-type":"","background-media":"","overlay-type":"","overlay-color":"","overlay-opacity":"","overlay-gradient":""},"tablet":{"background-color":"var(--ast-global-color-5)","background-image":"","background-repeat":"repeat","background-position":"center center","background-size":"auto","background-attachment":"scroll","background-type":"","background-media":"","overlay-type":"","overlay-color":"","overlay-opacity":"","overlay-gradient":""},"mobile":{"background-color":"var(--ast-global-color-5)","background-image":"","background-repeat":"repeat","background-position":"center center","background-size":"auto","background-attachment":"scroll","background-type":"","background-media":"","overlay-type":"","overlay-color":"","overlay-opacity":"","overlay-gradient":""}},"footnotes":""},"class_list":["post-711","page","type-page","status-publish","hentry"],"_links":{"self":[{"href":"https:\/\/www.cexa.com.co\/index.php?rest_route=\/wp\/v2\/pages\/711","targetHints":{"allow":["GET"]}}],"collection":[{"href":"https:\/\/www.cexa.com.co\/index.php?rest_route=\/wp\/v2\/pages"}],"about":[{"href":"https:\/\/www.cexa.com.co\/index.php?rest_route=\/wp\/v2\/types\/page"}],"author":[{"embeddable":true,"href":"https:\/\/www.cexa.com.co\/index.php?rest_route=\/wp\/v2\/users\/1"}],"replies":[{"embeddable":true,"href":"https:\/\/www.cexa.com.co\/index.php?rest_route=%2Fwp%2Fv2%2Fcomments&post=711"}],"version-history":[{"count":18,"href":"https:\/\/www.cexa.com.co\/index.php?rest_route=\/wp\/v2\/pages\/711\/revisions"}],"predecessor-version":[{"id":2473,"href":"https:\/\/www.cexa.com.co\/index.php?rest_route=\/wp\/v2\/pages\/711\/revisions\/2473"}],"up":[{"embeddable":true,"href":"https:\/\/www.cexa.com.co\/index.php?rest_route=\/wp\/v2\/pages\/425"}],"wp:attachment":[{"href":"https:\/\/www.cexa.com.co\/index.php?rest_route=%2Fwp%2Fv2%2Fmedia&parent=711"}],"curies":[{"name":"wp","href":"https:\/\/api.w.org\/{rel}","templated":true}]}}