{"id":833,"date":"2015-05-06T15:27:06","date_gmt":"2015-05-06T15:27:06","guid":{"rendered":"http:\/\/www.cexa.com.co\/?page_id=833"},"modified":"2022-03-17T00:09:34","modified_gmt":"2022-03-17T00:09:34","slug":"aaa-dominicana-s-a","status":"publish","type":"page","link":"https:\/\/www.cexa.com.co\/?page_id=833","title":{"rendered":"AAA Dominicana S.A."},"content":{"rendered":"<p><a href=\"http:\/\/www.aaa.com.do\/\" target=\"_blank\" rel=\"noopener\"><br \/>\n<img decoding=\"async\" class=\"alignleft wp-image-113 effect1\" src=\"http:\/\/www.cexa.com.co\/wp-content\/uploads\/2015\/04\/logos-03.png\" alt=\"logos-03\" width=\"144\" height=\"105\" \/><br \/>\n<\/a><\/p>\n<p>&nbsp;<\/p>\n<p>&nbsp;<\/p>\n<p>Empresa especializada en la gesti\u00f3n del ciclo integral del agua y en la gerencia, asesor\u00eda, consultor\u00eda y gesti\u00f3n en el sector de agua potable y saneamiento b\u00e1sico.<\/p>\n<p>Desde el a\u00f1o 2.000 est\u00e1 presente en Rep\u00fablica Dominicana, donde ha alcanzado importantes logros en la gesti\u00f3n comercial de los servicios de agua potable y saneamiento en la provincia de Santo Domingo, en Santiago de los Caballeros, Puerto Plata y en La Romana.<\/p>\n<p>Gracias a su elevado nivel de organizaci\u00f3n, ha recibido la certificaci\u00f3n de la Norma de Calidad ISO 9001 desde el 2.003, el Banco Mundial la seleccion\u00f3 como modelo de empresa privada en la gesti\u00f3n de instituciones p\u00fablicas y en el 2013 recibi\u00f3 el Galard\u00f3n \u201cEstrella Internacional a la Calidad\u201d en la categor\u00eda Oro, en reconocimiento a su Compromiso con la Calidad, el Liderazgo, la Tecnolog\u00eda y la Innovaci\u00f3n.<\/p>\n<p>AAA Dominicana se ha especializado en el mejoramiento de la gesti\u00f3n municipal, atendiendo las necesidades de crecimiento de la poblaci\u00f3n.<\/p>\n<p>&nbsp;<\/p>\n<hr \/>\n<p><a href=\"http:\/\/www.aaa.com.do\/\" target=\"_blank\" rel=\"noopener\">http:\/\/www.aaa.com.do\/<\/a><\/p>\n","protected":false},"excerpt":{"rendered":"<p>&nbsp; &nbsp; Empresa especializada en la gesti\u00f3n del ciclo integral del agua y en la gerencia, asesor\u00eda, consultor\u00eda y gesti\u00f3n en el sector de agua potable y saneamiento b\u00e1sico. Desde el a\u00f1o 2.000 est\u00e1 presente en Rep\u00fablica Dominicana, donde ha alcanzado importantes logros en la gesti\u00f3n comercial de los servicios de agua potable y saneamiento [&hellip;]<\/p>\n","protected":false},"author":1,"featured_media":0,"parent":425,"menu_order":0,"comment_status":"closed","ping_status":"closed","template":"","meta":{"site-sidebar-layout":"default","site-content-layout":"","ast-site-content-layout":"","site-content-style":"default","site-sidebar-style":"default","ast-global-header-display":"","ast-banner-title-visibility":"","ast-main-header-display":"","ast-hfb-above-header-display":"","ast-hfb-below-header-display":"","ast-hfb-mobile-header-display":"","site-post-title":"","ast-breadcrumbs-content":"","ast-featured-img":"","footer-sml-layout":"","theme-transparent-header-meta":"","adv-header-id-meta":"","stick-header-meta":"","header-above-stick-meta":"","header-main-stick-meta":"","header-below-stick-meta":"","astra-migrate-meta-layouts":"default","ast-page-background-enabled":"default","ast-page-background-meta":{"desktop":{"background-color":"var(--ast-global-color-4)","background-image":"","background-repeat":"repeat","background-position":"center center","background-size":"auto","background-attachment":"scroll","background-type":"","background-media":"","overlay-type":"","overlay-color":"","overlay-opacity":"","overlay-gradient":""},"tablet":{"background-color":"","background-image":"","background-repeat":"repeat","background-position":"center center","background-size":"auto","background-attachment":"scroll","background-type":"","background-media":"","overlay-type":"","overlay-color":"","overlay-opacity":"","overlay-gradient":""},"mobile":{"background-color":"","background-image":"","background-repeat":"repeat","background-position":"center center","background-size":"auto","background-attachment":"scroll","background-type":"","background-media":"","overlay-type":"","overlay-color":"","overlay-opacity":"","overlay-gradient":""}},"ast-content-background-meta":{"desktop":{"background-color":"var(--ast-global-color-5)","background-image":"","background-repeat":"repeat","background-position":"center center","background-size":"auto","background-attachment":"scroll","background-type":"","background-media":"","overlay-type":"","overlay-color":"","overlay-opacity":"","overlay-gradient":""},"tablet":{"background-color":"var(--ast-global-color-5)","background-image":"","background-repeat":"repeat","background-position":"center center","background-size":"auto","background-attachment":"scroll","background-type":"","background-media":"","overlay-type":"","overlay-color":"","overlay-opacity":"","overlay-gradient":""},"mobile":{"background-color":"var(--ast-global-color-5)","background-image":"","background-repeat":"repeat","background-position":"center center","background-size":"auto","background-attachment":"scroll","background-type":"","background-media":"","overlay-type":"","overlay-color":"","overlay-opacity":"","overlay-gradient":""}},"footnotes":""},"class_list":["post-833","page","type-page","status-publish","hentry"],"_links":{"self":[{"href":"https:\/\/www.cexa.com.co\/index.php?rest_route=\/wp\/v2\/pages\/833","targetHints":{"allow":["GET"]}}],"collection":[{"href":"https:\/\/www.cexa.com.co\/index.php?rest_route=\/wp\/v2\/pages"}],"about":[{"href":"https:\/\/www.cexa.com.co\/index.php?rest_route=\/wp\/v2\/types\/page"}],"author":[{"embeddable":true,"href":"https:\/\/www.cexa.com.co\/index.php?rest_route=\/wp\/v2\/users\/1"}],"replies":[{"embeddable":true,"href":"https:\/\/www.cexa.com.co\/index.php?rest_route=%2Fwp%2Fv2%2Fcomments&post=833"}],"version-history":[{"count":15,"href":"https:\/\/www.cexa.com.co\/index.php?rest_route=\/wp\/v2\/pages\/833\/revisions"}],"predecessor-version":[{"id":2474,"href":"https:\/\/www.cexa.com.co\/index.php?rest_route=\/wp\/v2\/pages\/833\/revisions\/2474"}],"up":[{"embeddable":true,"href":"https:\/\/www.cexa.com.co\/index.php?rest_route=\/wp\/v2\/pages\/425"}],"wp:attachment":[{"href":"https:\/\/www.cexa.com.co\/index.php?rest_route=%2Fwp%2Fv2%2Fmedia&parent=833"}],"curies":[{"name":"wp","href":"https:\/\/api.w.org\/{rel}","templated":true}]}}