{"id":841,"date":"2015-05-06T15:30:54","date_gmt":"2015-05-06T15:30:54","guid":{"rendered":"http:\/\/www.cexa.com.co\/?page_id=841"},"modified":"2015-05-19T20:06:55","modified_gmt":"2015-05-19T20:06:55","slug":"amagua-c-e-m","status":"publish","type":"page","link":"https:\/\/www.cexa.com.co\/?page_id=841","title":{"rendered":"Amagua C.E.M."},"content":{"rendered":"<p><a target=\"_blank\" href=\"http:\/\/www.amagua.com\/\"><br \/>\n<img decoding=\"async\" class=\"alignleft  wp-image-114 effect1\" src=\"http:\/\/www.cexa.com.co\/wp-content\/uploads\/2015\/04\/logos-04.png\" alt=\"logos-04\" width=\"144\" height=\"95\" \/><br \/>\n<\/a><\/p>\n<p>&nbsp;<\/p>\n<p>&nbsp;<\/p>\n<p>Amagua presta los servicios de agua potable y alcantarillado desde 1.998, con una gesti\u00f3n integral de dise\u00f1o, construcci\u00f3n, mantenimiento y administraci\u00f3n de infraestructura sanitaria, monitoreo de agua potable y residual depurada, a una poblaci\u00f3n de 30.900 usuarios.<\/p>\n<p>Las zonas de cobertura comprenden dos parroquias satelitales de alto crecimiento urban\u00edstico: La Puntilla, en el Cant\u00f3n Samborond\u00f3n y La Aurora, en el Cant\u00f3n Daule, en la provincia de Guayas, de la Rep\u00fablica del Ecuador.<\/p>\n<p>La empresa est\u00e1 orientada a maximizar la satisfacci\u00f3n del usuario mediante una eficiencia operativa y compromiso de su gente. Es as\u00ed que ha logrado alcanzar rendimientos t\u00e9cnicos de la red del 90% y bajos tiempos de respuesta a los usuarios para sus diferentes requerimientos.<\/p>\n<hr \/>\n<p><a href=\"http:\/\/www.amagua.com\/\" target=\"_blank\">http:\/\/www.amagua.com\/<\/a><\/p>\n","protected":false},"excerpt":{"rendered":"<p>&nbsp; &nbsp; Amagua presta los servicios de agua potable y alcantarillado desde 1.998, con una gesti\u00f3n integral de dise\u00f1o, construcci\u00f3n, mantenimiento y administraci\u00f3n de infraestructura sanitaria, monitoreo de agua potable y residual depurada, a una poblaci\u00f3n de 30.900 usuarios. Las zonas de cobertura comprenden dos parroquias satelitales de alto crecimiento urban\u00edstico: La Puntilla, en el [&hellip;]<\/p>\n","protected":false},"author":1,"featured_media":0,"parent":425,"menu_order":0,"comment_status":"closed","ping_status":"closed","template":"","meta":{"site-sidebar-layout":"default","site-content-layout":"","ast-site-content-layout":"","site-content-style":"default","site-sidebar-style":"default","ast-global-header-display":"","ast-banner-title-visibility":"","ast-main-header-display":"","ast-hfb-above-header-display":"","ast-hfb-below-header-display":"","ast-hfb-mobile-header-display":"","site-post-title":"","ast-breadcrumbs-content":"","ast-featured-img":"","footer-sml-layout":"","theme-transparent-header-meta":"","adv-header-id-meta":"","stick-header-meta":"","header-above-stick-meta":"","header-main-stick-meta":"","header-below-stick-meta":"","astra-migrate-meta-layouts":"default","ast-page-background-enabled":"default","ast-page-background-meta":{"desktop":{"background-color":"var(--ast-global-color-4)","background-image":"","background-repeat":"repeat","background-position":"center center","background-size":"auto","background-attachment":"scroll","background-type":"","background-media":"","overlay-type":"","overlay-color":"","overlay-opacity":"","overlay-gradient":""},"tablet":{"background-color":"","background-image":"","background-repeat":"repeat","background-position":"center center","background-size":"auto","background-attachment":"scroll","background-type":"","background-media":"","overlay-type":"","overlay-color":"","overlay-opacity":"","overlay-gradient":""},"mobile":{"background-color":"","background-image":"","background-repeat":"repeat","background-position":"center center","background-size":"auto","background-attachment":"scroll","background-type":"","background-media":"","overlay-type":"","overlay-color":"","overlay-opacity":"","overlay-gradient":""}},"ast-content-background-meta":{"desktop":{"background-color":"var(--ast-global-color-5)","background-image":"","background-repeat":"repeat","background-position":"center center","background-size":"auto","background-attachment":"scroll","background-type":"","background-media":"","overlay-type":"","overlay-color":"","overlay-opacity":"","overlay-gradient":""},"tablet":{"background-color":"var(--ast-global-color-5)","background-image":"","background-repeat":"repeat","background-position":"center center","background-size":"auto","background-attachment":"scroll","background-type":"","background-media":"","overlay-type":"","overlay-color":"","overlay-opacity":"","overlay-gradient":""},"mobile":{"background-color":"var(--ast-global-color-5)","background-image":"","background-repeat":"repeat","background-position":"center center","background-size":"auto","background-attachment":"scroll","background-type":"","background-media":"","overlay-type":"","overlay-color":"","overlay-opacity":"","overlay-gradient":""}},"footnotes":""},"class_list":["post-841","page","type-page","status-publish","hentry"],"_links":{"self":[{"href":"https:\/\/www.cexa.com.co\/index.php?rest_route=\/wp\/v2\/pages\/841","targetHints":{"allow":["GET"]}}],"collection":[{"href":"https:\/\/www.cexa.com.co\/index.php?rest_route=\/wp\/v2\/pages"}],"about":[{"href":"https:\/\/www.cexa.com.co\/index.php?rest_route=\/wp\/v2\/types\/page"}],"author":[{"embeddable":true,"href":"https:\/\/www.cexa.com.co\/index.php?rest_route=\/wp\/v2\/users\/1"}],"replies":[{"embeddable":true,"href":"https:\/\/www.cexa.com.co\/index.php?rest_route=%2Fwp%2Fv2%2Fcomments&post=841"}],"version-history":[{"count":12,"href":"https:\/\/www.cexa.com.co\/index.php?rest_route=\/wp\/v2\/pages\/841\/revisions"}],"predecessor-version":[{"id":1386,"href":"https:\/\/www.cexa.com.co\/index.php?rest_route=\/wp\/v2\/pages\/841\/revisions\/1386"}],"up":[{"embeddable":true,"href":"https:\/\/www.cexa.com.co\/index.php?rest_route=\/wp\/v2\/pages\/425"}],"wp:attachment":[{"href":"https:\/\/www.cexa.com.co\/index.php?rest_route=%2Fwp%2Fv2%2Fmedia&parent=841"}],"curies":[{"name":"wp","href":"https:\/\/api.w.org\/{rel}","templated":true}]}}