{"id":848,"date":"2015-05-06T15:39:48","date_gmt":"2015-05-06T15:39:48","guid":{"rendered":"http:\/\/www.cexa.com.co\/?page_id=848"},"modified":"2018-05-07T19:25:55","modified_gmt":"2018-05-07T19:25:55","slug":"rt-s-a","status":"publish","type":"page","link":"https:\/\/www.cexa.com.co\/?page_id=848","title":{"rendered":"GESTUS GESTI\u00d3N &#038; SERVICIOS S.A.S"},"content":{"rendered":"<p>&nbsp;<\/p>\n<p><a href=\"http:\/\/www.cexa.com.co\/wp-content\/uploads\/2018\/05\/Gestus_png.png\"><img decoding=\"async\" class=\"alignnone wp-image-2022\" src=\"http:\/\/www.cexa.com.co\/wp-content\/uploads\/2018\/05\/Gestus_png-300x159.png\" alt=\"\" width=\"189\" height=\"100\" srcset=\"https:\/\/www.cexa.com.co\/wp-content\/uploads\/2018\/05\/Gestus_png-300x159.png 300w, https:\/\/www.cexa.com.co\/wp-content\/uploads\/2018\/05\/Gestus_png.png 523w\" sizes=\"(max-width: 189px) 100vw, 189px\" \/><\/a><\/p>\n<p>GESTUS GESTI\u00d3N &amp; SERVICIOS S.A.S en su car\u00e1cter filial del Grupo INASSA, conformado por la sociedad Interamericana de Aguas y Servicios S.A. como empresa matriz y sus empresas participantes, fue constituida bajo escritura p\u00fablica No. 0945 de fecha 23 de Mayo de 2000 inscrita en la C\u00e1mara de Comercio de Barranquilla, por un t\u00e9rmino de duraci\u00f3n de cincuenta a\u00f1os.<\/p>\n<p>GESTUS GESTI\u00d3N &amp; SERVICIOS S.A.S es una empresa que presta servicios de gesti\u00f3n comercial de servicios p\u00fablicos, ofrecemos un servicio especializado y vers\u00e1til en gesti\u00f3n de cobro jur\u00eddico y prejur\u00eddico, mediante herramientas tecnol\u00f3gicas altamente eficaces y con un sistema de gesti\u00f3n de calidad certificado por ICONTEC.<\/p>\n<hr \/>\n<p><a href=\"http:\/\/www.gestus.co\/\" target=\"_blank\" rel=\"noopener\">http:\/\/www.gestus.co\/<\/a><\/p>\n","protected":false},"excerpt":{"rendered":"<p>&nbsp; GESTUS GESTI\u00d3N &amp; SERVICIOS S.A.S en su car\u00e1cter filial del Grupo INASSA, conformado por la sociedad Interamericana de Aguas y Servicios S.A. como empresa matriz y sus empresas participantes, fue constituida bajo escritura p\u00fablica No. 0945 de fecha 23 de Mayo de 2000 inscrita en la C\u00e1mara de Comercio de Barranquilla, por un t\u00e9rmino [&hellip;]<\/p>\n","protected":false},"author":1,"featured_media":0,"parent":425,"menu_order":0,"comment_status":"closed","ping_status":"closed","template":"","meta":{"site-sidebar-layout":"default","site-content-layout":"","ast-site-content-layout":"","site-content-style":"default","site-sidebar-style":"default","ast-global-header-display":"","ast-banner-title-visibility":"","ast-main-header-display":"","ast-hfb-above-header-display":"","ast-hfb-below-header-display":"","ast-hfb-mobile-header-display":"","site-post-title":"","ast-breadcrumbs-content":"","ast-featured-img":"","footer-sml-layout":"","theme-transparent-header-meta":"","adv-header-id-meta":"","stick-header-meta":"","header-above-stick-meta":"","header-main-stick-meta":"","header-below-stick-meta":"","astra-migrate-meta-layouts":"default","ast-page-background-enabled":"default","ast-page-background-meta":{"desktop":{"background-color":"var(--ast-global-color-4)","background-image":"","background-repeat":"repeat","background-position":"center center","background-size":"auto","background-attachment":"scroll","background-type":"","background-media":"","overlay-type":"","overlay-color":"","overlay-opacity":"","overlay-gradient":""},"tablet":{"background-color":"","background-image":"","background-repeat":"repeat","background-position":"center center","background-size":"auto","background-attachment":"scroll","background-type":"","background-media":"","overlay-type":"","overlay-color":"","overlay-opacity":"","overlay-gradient":""},"mobile":{"background-color":"","background-image":"","background-repeat":"repeat","background-position":"center center","background-size":"auto","background-attachment":"scroll","background-type":"","background-media":"","overlay-type":"","overlay-color":"","overlay-opacity":"","overlay-gradient":""}},"ast-content-background-meta":{"desktop":{"background-color":"var(--ast-global-color-5)","background-image":"","background-repeat":"repeat","background-position":"center center","background-size":"auto","background-attachment":"scroll","background-type":"","background-media":"","overlay-type":"","overlay-color":"","overlay-opacity":"","overlay-gradient":""},"tablet":{"background-color":"var(--ast-global-color-5)","background-image":"","background-repeat":"repeat","background-position":"center center","background-size":"auto","background-attachment":"scroll","background-type":"","background-media":"","overlay-type":"","overlay-color":"","overlay-opacity":"","overlay-gradient":""},"mobile":{"background-color":"var(--ast-global-color-5)","background-image":"","background-repeat":"repeat","background-position":"center center","background-size":"auto","background-attachment":"scroll","background-type":"","background-media":"","overlay-type":"","overlay-color":"","overlay-opacity":"","overlay-gradient":""}},"footnotes":""},"class_list":["post-848","page","type-page","status-publish","hentry"],"_links":{"self":[{"href":"https:\/\/www.cexa.com.co\/index.php?rest_route=\/wp\/v2\/pages\/848","targetHints":{"allow":["GET"]}}],"collection":[{"href":"https:\/\/www.cexa.com.co\/index.php?rest_route=\/wp\/v2\/pages"}],"about":[{"href":"https:\/\/www.cexa.com.co\/index.php?rest_route=\/wp\/v2\/types\/page"}],"author":[{"embeddable":true,"href":"https:\/\/www.cexa.com.co\/index.php?rest_route=\/wp\/v2\/users\/1"}],"replies":[{"embeddable":true,"href":"https:\/\/www.cexa.com.co\/index.php?rest_route=%2Fwp%2Fv2%2Fcomments&post=848"}],"version-history":[{"count":13,"href":"https:\/\/www.cexa.com.co\/index.php?rest_route=\/wp\/v2\/pages\/848\/revisions"}],"predecessor-version":[{"id":2023,"href":"https:\/\/www.cexa.com.co\/index.php?rest_route=\/wp\/v2\/pages\/848\/revisions\/2023"}],"up":[{"embeddable":true,"href":"https:\/\/www.cexa.com.co\/index.php?rest_route=\/wp\/v2\/pages\/425"}],"wp:attachment":[{"href":"https:\/\/www.cexa.com.co\/index.php?rest_route=%2Fwp%2Fv2%2Fmedia&parent=848"}],"curies":[{"name":"wp","href":"https:\/\/api.w.org\/{rel}","templated":true}]}}