{"id":855,"date":"2015-05-06T19:03:45","date_gmt":"2015-05-06T19:03:45","guid":{"rendered":"http:\/\/www.cexa.com.co\/?page_id=855"},"modified":"2015-05-19T20:10:29","modified_gmt":"2015-05-19T20:10:29","slug":"gestion-integral-de-suministros-s-a-s","status":"publish","type":"page","link":"https:\/\/www.cexa.com.co\/?page_id=855","title":{"rendered":"Gesti\u00f3n Integral de Suministros S.A.S."},"content":{"rendered":"<p style=\"text-align: left;\">\n<a target=\"_blank\" href=\"http:\/\/www.gis.com.co\/\"><br \/>\n<img decoding=\"async\" class=\"alignnone wp-image-561 effect1\" src=\"http:\/\/www.cexa.com.co\/wp-content\/uploads\/2015\/04\/logo2.png\" alt=\"logo\" width=\"142\" height=\"114\" srcset=\"https:\/\/www.cexa.com.co\/wp-content\/uploads\/2015\/04\/logo2.png 310w, https:\/\/www.cexa.com.co\/wp-content\/uploads\/2015\/04\/logo2-300x244.png 300w\" sizes=\"(max-width: 142px) 100vw, 142px\" \/><br \/>\n<\/a>\n<\/p>\n<p style=\"text-align: left;\">Comercializa productos hidr\u00e1ulicos nacionales e importados de la m\u00e1s alta calidad, satisfaciendo as\u00ed de una manera integral y personalizada las necesidades de los clientes.<\/p>\n<p style=\"text-align: left;\">La amplia gama de productos y materiales permite atender proyectos de infraestructura, instalaciones y redes en general. La oferta de productos se compone de todo tipo de tuber\u00edas y accesorios para acueducto y alcantarillado en hierro d\u00factil, polietileno y PVC. Igualmente, brinda asistencia t\u00e9cnica en el suministro de insumos y en la elaboraci\u00f3n de presupuestos en materia de aprovisionamiento para la realizaci\u00f3n de obras civiles.<\/p>\n<p style=\"text-align: left;\">Gis ha participado activamente en los proyectos m\u00e1s importantes en la construcci\u00f3n de infraestructura de redes de acueducto y alcantarillado sanitario en Barranquilla y su \u00e1rea metropolitana, as\u00ed como de la regi\u00f3n Caribe, y apoya continuamente los procesos licitatorios de las entidades gubernamentales (Planes Departamentales de Agua).<\/p>\n<hr \/>\n<p><a href=\"http:\/\/www.gis.com.co\/\" target=\"_blank\">http:\/\/www.gis.com.co\/<\/a><\/p>\n","protected":false},"excerpt":{"rendered":"<p>Comercializa productos hidr\u00e1ulicos nacionales e importados de la m\u00e1s alta calidad, satisfaciendo as\u00ed de una manera integral y personalizada las necesidades de los clientes. La amplia gama de productos y materiales permite atender proyectos de infraestructura, instalaciones y redes en general. La oferta de productos se compone de todo tipo de tuber\u00edas y accesorios para [&hellip;]<\/p>\n","protected":false},"author":1,"featured_media":0,"parent":425,"menu_order":0,"comment_status":"closed","ping_status":"closed","template":"","meta":{"site-sidebar-layout":"default","site-content-layout":"","ast-site-content-layout":"","site-content-style":"default","site-sidebar-style":"default","ast-global-header-display":"","ast-banner-title-visibility":"","ast-main-header-display":"","ast-hfb-above-header-display":"","ast-hfb-below-header-display":"","ast-hfb-mobile-header-display":"","site-post-title":"","ast-breadcrumbs-content":"","ast-featured-img":"","footer-sml-layout":"","theme-transparent-header-meta":"","adv-header-id-meta":"","stick-header-meta":"","header-above-stick-meta":"","header-main-stick-meta":"","header-below-stick-meta":"","astra-migrate-meta-layouts":"default","ast-page-background-enabled":"default","ast-page-background-meta":{"desktop":{"background-color":"var(--ast-global-color-4)","background-image":"","background-repeat":"repeat","background-position":"center center","background-size":"auto","background-attachment":"scroll","background-type":"","background-media":"","overlay-type":"","overlay-color":"","overlay-opacity":"","overlay-gradient":""},"tablet":{"background-color":"","background-image":"","background-repeat":"repeat","background-position":"center center","background-size":"auto","background-attachment":"scroll","background-type":"","background-media":"","overlay-type":"","overlay-color":"","overlay-opacity":"","overlay-gradient":""},"mobile":{"background-color":"","background-image":"","background-repeat":"repeat","background-position":"center center","background-size":"auto","background-attachment":"scroll","background-type":"","background-media":"","overlay-type":"","overlay-color":"","overlay-opacity":"","overlay-gradient":""}},"ast-content-background-meta":{"desktop":{"background-color":"var(--ast-global-color-5)","background-image":"","background-repeat":"repeat","background-position":"center center","background-size":"auto","background-attachment":"scroll","background-type":"","background-media":"","overlay-type":"","overlay-color":"","overlay-opacity":"","overlay-gradient":""},"tablet":{"background-color":"var(--ast-global-color-5)","background-image":"","background-repeat":"repeat","background-position":"center center","background-size":"auto","background-attachment":"scroll","background-type":"","background-media":"","overlay-type":"","overlay-color":"","overlay-opacity":"","overlay-gradient":""},"mobile":{"background-color":"var(--ast-global-color-5)","background-image":"","background-repeat":"repeat","background-position":"center center","background-size":"auto","background-attachment":"scroll","background-type":"","background-media":"","overlay-type":"","overlay-color":"","overlay-opacity":"","overlay-gradient":""}},"footnotes":""},"class_list":["post-855","page","type-page","status-publish","hentry"],"_links":{"self":[{"href":"https:\/\/www.cexa.com.co\/index.php?rest_route=\/wp\/v2\/pages\/855","targetHints":{"allow":["GET"]}}],"collection":[{"href":"https:\/\/www.cexa.com.co\/index.php?rest_route=\/wp\/v2\/pages"}],"about":[{"href":"https:\/\/www.cexa.com.co\/index.php?rest_route=\/wp\/v2\/types\/page"}],"author":[{"embeddable":true,"href":"https:\/\/www.cexa.com.co\/index.php?rest_route=\/wp\/v2\/users\/1"}],"replies":[{"embeddable":true,"href":"https:\/\/www.cexa.com.co\/index.php?rest_route=%2Fwp%2Fv2%2Fcomments&post=855"}],"version-history":[{"count":18,"href":"https:\/\/www.cexa.com.co\/index.php?rest_route=\/wp\/v2\/pages\/855\/revisions"}],"predecessor-version":[{"id":1388,"href":"https:\/\/www.cexa.com.co\/index.php?rest_route=\/wp\/v2\/pages\/855\/revisions\/1388"}],"up":[{"embeddable":true,"href":"https:\/\/www.cexa.com.co\/index.php?rest_route=\/wp\/v2\/pages\/425"}],"wp:attachment":[{"href":"https:\/\/www.cexa.com.co\/index.php?rest_route=%2Fwp%2Fv2%2Fmedia&parent=855"}],"curies":[{"name":"wp","href":"https:\/\/api.w.org\/{rel}","templated":true}]}}