{"id":883,"date":"2015-05-06T19:47:05","date_gmt":"2015-05-06T19:47:05","guid":{"rendered":"http:\/\/www.cexa.com.co\/?page_id=883"},"modified":"2015-05-19T20:13:45","modified_gmt":"2015-05-19T20:13:45","slug":"inassa-ecuador","status":"publish","type":"page","link":"https:\/\/www.cexa.com.co\/?page_id=883","title":{"rendered":"Inassa Ecuador"},"content":{"rendered":"<p><a target=\"_blank\" href=\"http:\/\/www.cexa.com.co\/?page_id=426\"><br \/>\n<img decoding=\"async\" class=\"  wp-image-129 alignleft effect1\" src=\"http:\/\/www.cexa.com.co\/wp-content\/uploads\/2015\/04\/logos-09.png\" alt=\"logos-09\" width=\"138\" height=\"94\" \/><br \/>\n<\/a><\/p>\n<p>&nbsp;<\/p>\n<p>&nbsp;<\/p>\n<h2>Una operaci\u00f3n en expansi\u00f3n del Grupo Inassa en el Ecuador<\/h2>\n<p>Se dedica a prestar servicios de consultor\u00eda en la ejecuci\u00f3n de proyectos de ingenier\u00eda y a la fiscalizaci\u00f3n de obras, as\u00ed como actividades inherentes a ciclo integral del agua extendi\u00e9ndose a obras de infraestructura, asistencia t\u00e9cnica, dise\u00f1o, gerenciamiento, supervisi\u00f3n de proyectos y consultor\u00eda medio ambiental.<\/p>\n<p>Inicia operaciones a mediados del a\u00f1o 2012 y actualmente tiene en ejecuci\u00f3n cuatro megaproyectos de consultor\u00eda, valorados en m\u00e1s de USD$15 millones:<\/p>\n<ul>\n<li><a href=\"http:\/\/www.cexa.com.co\/wp-content\/themes\/inassa\/doc\/PDF-INASSA-ECUADOR-MILAGRO.pdf\">Proyecto Control de Inundaciones Milagro<\/a><\/li>\n<li><a href=\"http:\/\/www.cexa.com.co\/wp-content\/themes\/inassa\/doc\/PDF-INASSA-ECUADOR-JAMA.pdf\">Proyecto proyecto multiproposito jama <\/a> \u2013 <a href=\"http:\/\/www.cexa.com.co\/wp-content\/uploads\/2012\/10\/mapas_jama.pdf\"> Mapas<\/a><\/li>\n<li><a href=\"http:\/\/www.cexa.com.co\/wp-content\/themes\/inassa\/doc\/PDF-INASSA-ECUADOR-COAQUE.pdf\">Proyecto Multiprop\u00f3sito Coaque <\/a><\/li>\n<\/ul>\n","protected":false},"excerpt":{"rendered":"<p>&nbsp; &nbsp; Una operaci\u00f3n en expansi\u00f3n del Grupo Inassa en el Ecuador Se dedica a prestar servicios de consultor\u00eda en la ejecuci\u00f3n de proyectos de ingenier\u00eda y a la fiscalizaci\u00f3n de obras, as\u00ed como actividades inherentes a ciclo integral del agua extendi\u00e9ndose a obras de infraestructura, asistencia t\u00e9cnica, dise\u00f1o, gerenciamiento, supervisi\u00f3n de proyectos y consultor\u00eda [&hellip;]<\/p>\n","protected":false},"author":1,"featured_media":0,"parent":425,"menu_order":0,"comment_status":"closed","ping_status":"closed","template":"","meta":{"site-sidebar-layout":"default","site-content-layout":"","ast-site-content-layout":"","site-content-style":"default","site-sidebar-style":"default","ast-global-header-display":"","ast-banner-title-visibility":"","ast-main-header-display":"","ast-hfb-above-header-display":"","ast-hfb-below-header-display":"","ast-hfb-mobile-header-display":"","site-post-title":"","ast-breadcrumbs-content":"","ast-featured-img":"","footer-sml-layout":"","theme-transparent-header-meta":"","adv-header-id-meta":"","stick-header-meta":"","header-above-stick-meta":"","header-main-stick-meta":"","header-below-stick-meta":"","astra-migrate-meta-layouts":"default","ast-page-background-enabled":"default","ast-page-background-meta":{"desktop":{"background-color":"var(--ast-global-color-4)","background-image":"","background-repeat":"repeat","background-position":"center center","background-size":"auto","background-attachment":"scroll","background-type":"","background-media":"","overlay-type":"","overlay-color":"","overlay-opacity":"","overlay-gradient":""},"tablet":{"background-color":"","background-image":"","background-repeat":"repeat","background-position":"center center","background-size":"auto","background-attachment":"scroll","background-type":"","background-media":"","overlay-type":"","overlay-color":"","overlay-opacity":"","overlay-gradient":""},"mobile":{"background-color":"","background-image":"","background-repeat":"repeat","background-position":"center center","background-size":"auto","background-attachment":"scroll","background-type":"","background-media":"","overlay-type":"","overlay-color":"","overlay-opacity":"","overlay-gradient":""}},"ast-content-background-meta":{"desktop":{"background-color":"var(--ast-global-color-5)","background-image":"","background-repeat":"repeat","background-position":"center center","background-size":"auto","background-attachment":"scroll","background-type":"","background-media":"","overlay-type":"","overlay-color":"","overlay-opacity":"","overlay-gradient":""},"tablet":{"background-color":"var(--ast-global-color-5)","background-image":"","background-repeat":"repeat","background-position":"center center","background-size":"auto","background-attachment":"scroll","background-type":"","background-media":"","overlay-type":"","overlay-color":"","overlay-opacity":"","overlay-gradient":""},"mobile":{"background-color":"var(--ast-global-color-5)","background-image":"","background-repeat":"repeat","background-position":"center center","background-size":"auto","background-attachment":"scroll","background-type":"","background-media":"","overlay-type":"","overlay-color":"","overlay-opacity":"","overlay-gradient":""}},"footnotes":""},"class_list":["post-883","page","type-page","status-publish","hentry"],"_links":{"self":[{"href":"https:\/\/www.cexa.com.co\/index.php?rest_route=\/wp\/v2\/pages\/883","targetHints":{"allow":["GET"]}}],"collection":[{"href":"https:\/\/www.cexa.com.co\/index.php?rest_route=\/wp\/v2\/pages"}],"about":[{"href":"https:\/\/www.cexa.com.co\/index.php?rest_route=\/wp\/v2\/types\/page"}],"author":[{"embeddable":true,"href":"https:\/\/www.cexa.com.co\/index.php?rest_route=\/wp\/v2\/users\/1"}],"replies":[{"embeddable":true,"href":"https:\/\/www.cexa.com.co\/index.php?rest_route=%2Fwp%2Fv2%2Fcomments&post=883"}],"version-history":[{"count":18,"href":"https:\/\/www.cexa.com.co\/index.php?rest_route=\/wp\/v2\/pages\/883\/revisions"}],"predecessor-version":[{"id":1391,"href":"https:\/\/www.cexa.com.co\/index.php?rest_route=\/wp\/v2\/pages\/883\/revisions\/1391"}],"up":[{"embeddable":true,"href":"https:\/\/www.cexa.com.co\/index.php?rest_route=\/wp\/v2\/pages\/425"}],"wp:attachment":[{"href":"https:\/\/www.cexa.com.co\/index.php?rest_route=%2Fwp%2Fv2%2Fmedia&parent=883"}],"curies":[{"name":"wp","href":"https:\/\/api.w.org\/{rel}","templated":true}]}}